{"id":17829,"date":"2014-08-19T21:59:14","date_gmt":"2014-08-19T21:59:14","guid":{"rendered":"https:\/\/hlncaxea.a2hosted.com\/?post_type=product&#038;p=17829"},"modified":"2025-03-19T21:26:33","modified_gmt":"2025-03-19T21:26:33","slug":"bande-led-230v-50m-blanc-chaud-5050-ip68-2","status":"publish","type":"product","link":"https:\/\/ledshoponline.be\/fr\/shop\/producten\/led-strips\/led-strips-230v\/led-strip-230v-50m-warm-wit-5050-ip68\/","title":{"rendered":"Bande LED 230V 50m blanc chaud 5050"},"content":{"rendered":"<p>Bande LED unique sur 230v en 1 pi\u00e8ce de 50m et fonctionne directement sur 230v sans transformateur. Peut \u00eatre raccourcie tous les m\u00e8tres. Avec 5050 LED SMD (60SMD LEDs \/m). Prise 230v DC vers AC incluse. Plug and Play sans soudure. Parfaitement utilisable \u00e0 l'ext\u00e9rieur. Est \u00e9galement dimmable \u00e0 l'aide d'un<a href=\"https:\/\/ledshoponline.be\/fr\/boutique-2\/produits-2\/accessoires-2\/variateurs-de-lumiere-230v-2\/gradateur-pour-bandes-de-leds-unicolores-230v\/\" data-type=\"product\" data-id=\"18733\">\u00a0Variateur de bande LED<\/a>.<\/p>\r\n\r\n\r\n\r\n<h3 class=\"wp-block-heading\">Commandez rapidement !<\/h3>","protected":false},"excerpt":{"rendered":"<p><strong>Fiche produit<\/strong> <strong><a href=\"https:\/\/eprel.ec.europa.eu\/fiches\/lightsources\/Fiche_1474972_NL.pdf\">FR<\/a>\u00a0|\u00a0<a href=\"https:\/\/eprel.ec.europa.eu\/fiches\/lightsources\/Fiche_1474972_FR.pdf\">FR\u00a0<\/a>|\u00a0<a href=\"https:\/\/eprel.ec.europa.eu\/fiches\/lightsources\/Fiche_1474972_EN.pdf\">ET\u00a0<\/a>|\u00a0<a href=\"https:\/\/eprel.ec.europa.eu\/fiches\/lightsources\/Fiche_1474972_DE.pdf\">LE<\/a><\/strong><\/p>","protected":false},"featured_media":17830,"comment_status":"closed","ping_status":"closed","template":"","meta":{"_seopress_robots_primary_cat":"none","_seopress_titles_title":"","_seopress_titles_desc":"","_seopress_robots_index":""},"product_brand":[],"product_cat":[40,229,19],"product_tag":[230],"class_list":{"0":"post-17829","1":"product","2":"type-product","3":"status-publish","4":"has-post-thumbnail","6":"product_cat-led-strips","7":"product_cat-led-strips-230v","8":"product_cat-producten","9":"product_tag-230v-ledstrip","11":"first","12":"instock","13":"sale","14":"taxable","15":"shipping-taxable","16":"purchasable","17":"product-type-simple"},"_links":{"self":[{"href":"https:\/\/ledshoponline.be\/fr\/wp-json\/wp\/v2\/product\/17829","targetHints":{"allow":["GET"]}}],"collection":[{"href":"https:\/\/ledshoponline.be\/fr\/wp-json\/wp\/v2\/product"}],"about":[{"href":"https:\/\/ledshoponline.be\/fr\/wp-json\/wp\/v2\/types\/product"}],"replies":[{"embeddable":true,"href":"https:\/\/ledshoponline.be\/fr\/wp-json\/wp\/v2\/comments?post=17829"}],"version-history":[{"count":0,"href":"https:\/\/ledshoponline.be\/fr\/wp-json\/wp\/v2\/product\/17829\/revisions"}],"wp:featuredmedia":[{"embeddable":true,"href":"https:\/\/ledshoponline.be\/fr\/wp-json\/wp\/v2\/media\/17830"}],"wp:attachment":[{"href":"https:\/\/ledshoponline.be\/fr\/wp-json\/wp\/v2\/media?parent=17829"}],"wp:term":[{"taxonomy":"product_brand","embeddable":true,"href":"https:\/\/ledshoponline.be\/fr\/wp-json\/wp\/v2\/product_brand?post=17829"},{"taxonomy":"product_cat","embeddable":true,"href":"https:\/\/ledshoponline.be\/fr\/wp-json\/wp\/v2\/product_cat?post=17829"},{"taxonomy":"product_tag","embeddable":true,"href":"https:\/\/ledshoponline.be\/fr\/wp-json\/wp\/v2\/product_tag?post=17829"}],"curies":[{"name":"wp","href":"https:\/\/api.w.org\/{rel}","templated":true}]}}