{"id":17716,"date":"2014-04-15T19:39:30","date_gmt":"2014-04-15T19:39:30","guid":{"rendered":"https:\/\/hlncaxea.a2hosted.com\/?post_type=product&#038;p=17716"},"modified":"2025-03-15T15:00:10","modified_gmt":"2025-03-15T15:00:10","slug":"bande-led-230v-10m-blanc-froid-ip68-2","status":"publish","type":"product","link":"https:\/\/ledshoponline.be\/fr\/shop\/producten\/led-strips\/led-strips-230v\/led-strip-230v-10m-koud-wit-ip68\/","title":{"rendered":"Bande LED 230V 10m blanc froid 5050 IP68"},"content":{"rendered":"<h2 data-start=\"0\" data-end=\"64\"><strong data-start=\"0\" data-end=\"62\">Bande LED 230V 10m - Blanc froid IP68 - Durable et \u00e9tanche<\/strong><\/h2>\n<p data-start=\"66\" data-end=\"412\">Transformez votre espace avec cette <strong data-start=\"98\" data-end=\"130\">puissante bande LED 230V<\/strong>. Avec une longueur de <strong data-start=\"151\" data-end=\"163\">10 m\u00e8tres<\/strong> et un <strong data-start=\"171\" data-end=\"196\">lumi\u00e8re blanche froide et brillante<\/strong>Cette bande est parfaite pour les applications int\u00e9rieures et ext\u00e9rieures. Gr\u00e2ce \u00e0 la <strong data-start=\"274\" data-end=\"296\">Certification IP68<\/strong> est la bande <strong data-start=\"309\" data-end=\"323\">imperm\u00e9able<\/strong> et <strong data-start=\"327\" data-end=\"340\">\u00e9tanche \u00e0 la poussi\u00e8re<\/strong>Il est donc id\u00e9al pour une utilisation dans des environnements humides ou ext\u00e9rieurs.<\/p>\n<h3 data-start=\"414\" data-end=\"452\">\u2728 <strong data-start=\"420\" data-end=\"450\">Caract\u00e9ristiques de la bande LED<\/strong><\/h3>\n<p data-start=\"453\" data-end=\"801\">\u2714 <strong data-start=\"455\" data-end=\"478\">Longueur de 10 m\u00e8tres<\/strong> - parfait pour les grandes surfaces<br data-start=\"512\" data-end=\"515\" \/>\u2714 <strong data-start=\"517\" data-end=\"543\">Lumi\u00e8re blanche froide (6000K)<\/strong> - lumineux, \u00e9nergique et id\u00e9al pour les espaces de travail<br data-start=\"589\" data-end=\"592\" \/>\u2714 <strong data-start=\"594\" data-end=\"613\">\u00c9tanch\u00e9it\u00e9 IP68<\/strong> - r\u00e9sistant \u00e0 la pluie, \u00e0 l'humidit\u00e9 et \u00e0 la poussi\u00e8re<br data-start=\"650\" data-end=\"653\" \/>\u2714 <strong data-start=\"655\" data-end=\"672\">Efficacit\u00e9 \u00e9nerg\u00e9tique<\/strong> - faible consommation avec un rendement lumineux \u00e9lev\u00e9<br data-start=\"712\" data-end=\"715\" \/>\u2714 <strong data-start=\"717\" data-end=\"729\">Flexible<\/strong> - facile \u00e0 placer et \u00e0 installer, peut \u00eatre coup\u00e9 sur mesure<\/p>\n<h3 data-start=\"803\" data-end=\"836\">\ud83c\udf27\ufe0f <strong data-start=\"811\" data-end=\"834\">Robuste et durable<\/strong><\/h3>\n<p data-start=\"837\" data-end=\"1023\">\u2714 Convient pour une utilisation dans <strong data-start=\"864\" data-end=\"896\">jardins, terrasses, piscines<\/strong> et <strong data-start=\"900\" data-end=\"911\">balcons<\/strong><br data-start=\"911\" data-end=\"914\" \/>\u2714 <strong data-start=\"916\" data-end=\"944\">Excellente dissipation de la chaleur<\/strong> pour une dur\u00e9e de vie plus longue<br data-start=\"968\" data-end=\"971\" \/>\u2714 <strong data-start=\"973\" data-end=\"1001\" data-is-only-node=\"\">Facile \u00e0 connecter<\/strong> sur une tension de r\u00e9seau de 230V<\/p>\n<p data-start=\"1025\" data-end=\"1118\" data-is-last-node=\"\" data-is-only-node=\"\">\ud83d\udca1 <strong data-start=\"1028\" data-end=\"1118\" data-is-last-node=\"\">Donnez \u00e0 votre projet l'\u00e9clairage parfait gr\u00e2ce \u00e0 cette bande LED polyvalente et \u00e9tanche !<\/strong><\/p>\n<p><strong>Remarque :<\/strong><\/p>\n<p>La bande LED ne convient pas \u00e0 une utilisation dans les piscines et les \u00e9tangs.<\/p>","protected":false},"excerpt":{"rendered":"<div>\n<p>Installation facile (Plug and Play)<br \/>\n\u2705 Utilisation en ext\u00e9rieur IP65<br \/>\n\u2705 Flexible (peut \u00eatre coup\u00e9 tous les m\u00e8tres)<br \/>\n\u2705 Lumi\u00e8re vive (5050 LED SMD)<\/p>\n<\/div>\n<p><strong>Fiche produit<\/strong><br \/>\n<strong><a href=\"https:\/\/eprel.ec.europa.eu\/fiches\/lightsources\/Fiche_1474972_NL.pdf\">FR<\/a>\u00a0|\u00a0<a href=\"https:\/\/eprel.ec.europa.eu\/fiches\/lightsources\/Fiche_1474972_FR.pdf\">FR\u00a0<\/a>|\u00a0<a href=\"https:\/\/eprel.ec.europa.eu\/fiches\/lightsources\/Fiche_1474972_EN.pdf\">ET\u00a0<\/a>|\u00a0<a href=\"https:\/\/eprel.ec.europa.eu\/fiches\/lightsources\/Fiche_1474972_DE.pdf\">LE<\/a><\/strong><\/p>","protected":false},"featured_media":17717,"comment_status":"closed","ping_status":"closed","template":"","meta":{"_seopress_robots_primary_cat":"none","_seopress_titles_title":"LED Strip 230V 10m | Koud Wit | IP68 Waterdicht & Duurzaam","_seopress_titles_desc":"Verlicht elke ruimte met de LED strip 230V, 10m koud wit, IP68 waterdicht. Ideaal voor buitengebruik, energiezuinig en langdurig!","_seopress_robots_index":""},"product_brand":[],"product_cat":[229,19],"product_tag":[230],"class_list":{"0":"post-17716","1":"product","2":"type-product","3":"status-publish","4":"has-post-thumbnail","6":"product_cat-led-strips-230v","7":"product_cat-producten","8":"product_tag-230v-ledstrip","10":"first","11":"instock","12":"sale","13":"taxable","14":"shipping-taxable","15":"purchasable","16":"product-type-simple"},"_links":{"self":[{"href":"https:\/\/ledshoponline.be\/fr\/wp-json\/wp\/v2\/product\/17716","targetHints":{"allow":["GET"]}}],"collection":[{"href":"https:\/\/ledshoponline.be\/fr\/wp-json\/wp\/v2\/product"}],"about":[{"href":"https:\/\/ledshoponline.be\/fr\/wp-json\/wp\/v2\/types\/product"}],"replies":[{"embeddable":true,"href":"https:\/\/ledshoponline.be\/fr\/wp-json\/wp\/v2\/comments?post=17716"}],"version-history":[{"count":0,"href":"https:\/\/ledshoponline.be\/fr\/wp-json\/wp\/v2\/product\/17716\/revisions"}],"wp:featuredmedia":[{"embeddable":true,"href":"https:\/\/ledshoponline.be\/fr\/wp-json\/wp\/v2\/media\/17717"}],"wp:attachment":[{"href":"https:\/\/ledshoponline.be\/fr\/wp-json\/wp\/v2\/media?parent=17716"}],"wp:term":[{"taxonomy":"product_brand","embeddable":true,"href":"https:\/\/ledshoponline.be\/fr\/wp-json\/wp\/v2\/product_brand?post=17716"},{"taxonomy":"product_cat","embeddable":true,"href":"https:\/\/ledshoponline.be\/fr\/wp-json\/wp\/v2\/product_cat?post=17716"},{"taxonomy":"product_tag","embeddable":true,"href":"https:\/\/ledshoponline.be\/fr\/wp-json\/wp\/v2\/product_tag?post=17716"}],"curies":[{"name":"wp","href":"https:\/\/api.w.org\/{rel}","templated":true}]}}