{"id":17665,"date":"2014-03-09T17:05:12","date_gmt":"2014-03-09T17:05:12","guid":{"rendered":"https:\/\/hlncaxea.a2hosted.com\/?post_type=product&#038;p=17665"},"modified":"2025-03-19T21:24:58","modified_gmt":"2025-03-19T21:24:58","slug":"bande-led-230v-50m-lumiere-du-jour-5050-6500k","status":"publish","type":"product","link":"https:\/\/ledshoponline.be\/fr\/shop\/producten\/led-strips\/led-strips-230v\/led-strip-230v-50m-daglicht-5050-6500k\/","title":{"rendered":"Bande LED 230V 50m Lumi\u00e8re du jour 5050 | 6500k"},"content":{"rendered":"<p>Bande LED unique sur 230v en 1 pi\u00e8ce de 50m directement sans transformateur. Coupe tous les m\u00e8tres. Avec 5050 LED SMD 60SMD LED \/m. Prise 230v incluse.<br \/>Plug and Play sans soudure. Convient \u00e0 une utilisation en ext\u00e9rieur et peut \u00eatre grad\u00e9e \u00e0 l'aide d'une lampe \u00e0 incandescence. <a href=\"https:\/\/ledshoponline.be\/fr\/boutique-2\/produits-2\/accessoires-2\/variateurs-de-lumiere-230v-2\/gradateur-pour-bandes-de-leds-unicolores-230v\/\">gradateur pour bande de diodes \u00e9lectroluminescentes<\/a>.<\/p>","protected":false},"excerpt":{"rendered":"<p><strong>Fiche produit<\/strong> <br \/><strong><a href=\"https:\/\/eprel.ec.europa.eu\/fiches\/lightsources\/Fiche_1474972_NL.pdf\">FR<\/a>\u00a0|\u00a0<a href=\"https:\/\/eprel.ec.europa.eu\/fiches\/lightsources\/Fiche_1474972_FR.pdf\">FR\u00a0<\/a>|\u00a0<a href=\"https:\/\/eprel.ec.europa.eu\/fiches\/lightsources\/Fiche_1474972_EN.pdf\">ET\u00a0<\/a>|\u00a0<a href=\"https:\/\/eprel.ec.europa.eu\/fiches\/lightsources\/Fiche_1474972_DE.pdf\">LE<\/a><\/strong><\/p>","protected":false},"featured_media":17666,"comment_status":"closed","ping_status":"closed","template":"","meta":{"_seopress_robots_primary_cat":"none","_seopress_titles_title":"","_seopress_titles_desc":"","_seopress_robots_index":""},"product_brand":[],"product_cat":[40,229,19],"product_tag":[230],"class_list":{"0":"post-17665","1":"product","2":"type-product","3":"status-publish","4":"has-post-thumbnail","6":"product_cat-led-strips","7":"product_cat-led-strips-230v","8":"product_cat-producten","9":"product_tag-230v-ledstrip","11":"first","12":"instock","13":"taxable","14":"shipping-taxable","15":"purchasable","16":"product-type-simple"},"_links":{"self":[{"href":"https:\/\/ledshoponline.be\/fr\/wp-json\/wp\/v2\/product\/17665","targetHints":{"allow":["GET"]}}],"collection":[{"href":"https:\/\/ledshoponline.be\/fr\/wp-json\/wp\/v2\/product"}],"about":[{"href":"https:\/\/ledshoponline.be\/fr\/wp-json\/wp\/v2\/types\/product"}],"replies":[{"embeddable":true,"href":"https:\/\/ledshoponline.be\/fr\/wp-json\/wp\/v2\/comments?post=17665"}],"version-history":[{"count":0,"href":"https:\/\/ledshoponline.be\/fr\/wp-json\/wp\/v2\/product\/17665\/revisions"}],"wp:featuredmedia":[{"embeddable":true,"href":"https:\/\/ledshoponline.be\/fr\/wp-json\/wp\/v2\/media\/17666"}],"wp:attachment":[{"href":"https:\/\/ledshoponline.be\/fr\/wp-json\/wp\/v2\/media?parent=17665"}],"wp:term":[{"taxonomy":"product_brand","embeddable":true,"href":"https:\/\/ledshoponline.be\/fr\/wp-json\/wp\/v2\/product_brand?post=17665"},{"taxonomy":"product_cat","embeddable":true,"href":"https:\/\/ledshoponline.be\/fr\/wp-json\/wp\/v2\/product_cat?post=17665"},{"taxonomy":"product_tag","embeddable":true,"href":"https:\/\/ledshoponline.be\/fr\/wp-json\/wp\/v2\/product_tag?post=17665"}],"curies":[{"name":"wp","href":"https:\/\/api.w.org\/{rel}","templated":true}]}}