{"id":17662,"date":"2014-01-06T10:32:45","date_gmt":"2014-01-06T10:32:45","guid":{"rendered":"https:\/\/hlncaxea.a2hosted.com\/?post_type=product&#038;p=17662"},"modified":"2025-03-09T19:40:58","modified_gmt":"2025-03-09T19:40:58","slug":"spot-en-saillie-en-aluminium-avec-led-2","status":"publish","type":"product","link":"https:\/\/ledshoponline.be\/fr\/shop\/producten\/armaturen\/badkamer-lampen\/aluminium-opbouwspot-met-led-2\/","title":{"rendered":"Spot apparent en aluminium avec LED"},"content":{"rendered":"<p>Un superbe spot en aluminium, aux lignes \u00e9pur\u00e9es, avec un \u00e9clairage LED rempla\u00e7able. Les 2 spots LED sont inclinables. Le plafonnier en m\u00e9tal se raccorde joliment au plafond. Anneaux en aluminium finement ponc\u00e9 d'une belle finition.<\/p>\n\n\n\n<p><strong>Fourni avec :<\/strong><br>Nouveau spot LED GU10 avec Samsung LED. Couleur de la lumi\u00e8re blanc chaud 2700K. Le rendement lumineux de l'ampoule LED 2 x 4 Watt est comparable \u00e0 celui d'un spot halog\u00e8ne 2 x 35 Watt. 700 Lumen. Dimmable.<\/p>\n\n\n\n<p><strong>Caract\u00e9ristiques :<\/strong><br>Une finition particuli\u00e8rement soign\u00e9e, un design intemporel et des LED rempla\u00e7ables et faciles \u00e0 utiliser. Ce plafonnier en m\u00e9tal convient \u00e9galement parfaitement aux applications commerciales.<\/p>\n\n\n\n<p><strong>Mat\u00e9riau :<\/strong><br>Enti\u00e8rement fabriqu\u00e9 en aluminium et ponc\u00e9 en ligne droite.<\/p>\n\n\n\n<p><strong>Dimensions :<\/strong><br>Hauteur : 12,5 cm.<br>Largeur : 19,2 cm.<br>Profondeur : 9,5 cm.<br>Plaque de plafond : 18,5 cm.<\/p>","protected":false},"excerpt":{"rendered":"<p>Un superbe spot en aluminium, aux lignes \u00e9pur\u00e9es, avec un \u00e9clairage LED rempla\u00e7able. Les 2 spots LED sont inclinables. Le plafonnier en m\u00e9tal se raccorde joliment au plafond. Anneaux en aluminium finement ponc\u00e9 d'une belle finition.<\/p>","protected":false},"featured_media":17663,"comment_status":"closed","ping_status":"closed","template":"","meta":{"_seopress_robots_primary_cat":"","_seopress_titles_title":"","_seopress_titles_desc":"","_seopress_robots_index":""},"product_brand":[],"product_cat":[89,165,19],"product_tag":[],"class_list":{"0":"post-17662","1":"product","2":"type-product","3":"status-publish","4":"has-post-thumbnail","6":"product_cat-badkamer-lampen","7":"product_cat-plafondlampen","8":"product_cat-producten","10":"first","11":"instock","12":"sale","13":"taxable","14":"shipping-taxable","15":"purchasable","16":"product-type-simple"},"_links":{"self":[{"href":"https:\/\/ledshoponline.be\/fr\/wp-json\/wp\/v2\/product\/17662","targetHints":{"allow":["GET"]}}],"collection":[{"href":"https:\/\/ledshoponline.be\/fr\/wp-json\/wp\/v2\/product"}],"about":[{"href":"https:\/\/ledshoponline.be\/fr\/wp-json\/wp\/v2\/types\/product"}],"replies":[{"embeddable":true,"href":"https:\/\/ledshoponline.be\/fr\/wp-json\/wp\/v2\/comments?post=17662"}],"version-history":[{"count":0,"href":"https:\/\/ledshoponline.be\/fr\/wp-json\/wp\/v2\/product\/17662\/revisions"}],"wp:featuredmedia":[{"embeddable":true,"href":"https:\/\/ledshoponline.be\/fr\/wp-json\/wp\/v2\/media\/17663"}],"wp:attachment":[{"href":"https:\/\/ledshoponline.be\/fr\/wp-json\/wp\/v2\/media?parent=17662"}],"wp:term":[{"taxonomy":"product_brand","embeddable":true,"href":"https:\/\/ledshoponline.be\/fr\/wp-json\/wp\/v2\/product_brand?post=17662"},{"taxonomy":"product_cat","embeddable":true,"href":"https:\/\/ledshoponline.be\/fr\/wp-json\/wp\/v2\/product_cat?post=17662"},{"taxonomy":"product_tag","embeddable":true,"href":"https:\/\/ledshoponline.be\/fr\/wp-json\/wp\/v2\/product_tag?post=17662"}],"curies":[{"name":"wp","href":"https:\/\/api.w.org\/{rel}","templated":true}]}}