{"id":17616,"date":"2013-12-27T10:04:38","date_gmt":"2013-12-27T10:04:38","guid":{"rendered":"https:\/\/hlncaxea.a2hosted.com\/?post_type=product&#038;p=17616"},"modified":"2025-03-09T19:40:58","modified_gmt":"2025-03-09T19:40:58","slug":"alimentation-led-ip67-meanwell-12v-60w-2","status":"publish","type":"product","link":"https:\/\/ledshoponline.be\/fr\/shop\/producten\/toebehoren\/12v-24v-led-trafos\/led-voeding-ip67-meanwell-12v-60w\/","title":{"rendered":"Alimentation LED IP67 - Meanwell - 12V 60W"},"content":{"rendered":"<p><img decoding=\"async\" class=\"size-full wp-image-17615\" src=\"https:\/\/ledshoponline.be\/wp-content\/uploads\/2013\/12\/check_mark_classic.jpg\" alt=\"\" width=\"9\" height=\"10\">&nbsp;Tension d'entr\u00e9e : 100-240VAC, 50~60Hz<br \/>\n<img decoding=\"async\" class=\"size-full wp-image-17615\" src=\"https:\/\/ledshoponline.be\/wp-content\/uploads\/2013\/12\/check_mark_classic.jpg\" alt=\"\" width=\"9\" height=\"10\">&nbsp;protection contre les courts-circuits \/ protection contre les surtensions \/ protection contre les surcharges<br \/>\n<img decoding=\"async\" class=\"size-full wp-image-17615\" src=\"https:\/\/ledshoponline.be\/wp-content\/uploads\/2013\/12\/check_mark_classic.jpg\" alt=\"\" width=\"9\" height=\"10\">&nbsp;bo\u00eetier enti\u00e8rement isol\u00e9 en plastique - IP67<br \/>\n<img decoding=\"async\" class=\"size-full wp-image-17615\" src=\"https:\/\/ledshoponline.be\/wp-content\/uploads\/2013\/12\/check_mark_classic.jpg\" alt=\"\" width=\"9\" height=\"10\">&nbsp;Tension de sortie : 12V<br \/>\n<img decoding=\"async\" class=\"size-full wp-image-17615\" src=\"https:\/\/ledshoponline.be\/wp-content\/uploads\/2013\/12\/check_mark_classic.jpg\" alt=\"\" width=\"9\" height=\"10\">&nbsp;R\u00e9glage de la tension DC : 10,8 - 13,2VDC<br \/>\n<img decoding=\"async\" class=\"size-full wp-image-17615\" src=\"https:\/\/ledshoponline.be\/wp-content\/uploads\/2013\/12\/check_mark_classic.jpg\" alt=\"\" width=\"9\" height=\"10\">&nbsp;Courant de sortie : 5A<br \/>\n<img decoding=\"async\" class=\"size-full wp-image-17615\" src=\"https:\/\/ledshoponline.be\/wp-content\/uploads\/2013\/12\/check_mark_classic.jpg\" alt=\"\" width=\"9\" height=\"10\">&nbsp;Puissance de sortie : 60W<br \/>\n<img decoding=\"async\" class=\"size-full wp-image-17615\" src=\"https:\/\/ledshoponline.be\/wp-content\/uploads\/2013\/12\/check_mark_classic.jpg\" alt=\"\" width=\"9\" height=\"10\">&nbsp;Ondulation et bruit : 120mVp-p<br \/>\n<img decoding=\"async\" class=\"size-full wp-image-17615\" src=\"https:\/\/ledshoponline.be\/wp-content\/uploads\/2013\/12\/check_mark_classic.jpg\" alt=\"\" width=\"9\" height=\"10\">&nbsp;Efficacit\u00e9 : 83%<br \/>\n<img decoding=\"async\" class=\"size-full wp-image-17615\" src=\"https:\/\/ledshoponline.be\/wp-content\/uploads\/2013\/12\/check_mark_classic.jpg\" alt=\"\" width=\"9\" height=\"10\">&nbsp;Dimensions : 162,5*42,5*32mm<\/p>","protected":false},"excerpt":{"rendered":"<p>La meilleure alimentation LED IP67 - Meanwell - 12V 60W.<\/p>\n<p>Fiable et d'une dur\u00e9e de vie extr\u00eamement longue.<\/p>","protected":false},"featured_media":17617,"comment_status":"closed","ping_status":"closed","template":"","meta":{"_seopress_robots_primary_cat":"","_seopress_titles_title":"","_seopress_titles_desc":"","_seopress_robots_index":""},"product_brand":[],"product_cat":[43],"product_tag":[228,152,47,48],"class_list":{"0":"post-17616","1":"product","2":"type-product","3":"status-publish","4":"has-post-thumbnail","6":"product_cat-12v-24v-led-trafos","7":"product_tag-60w-led-trafo","8":"product_tag-meanwell","9":"product_tag-trafo","10":"product_tag-voeding","12":"first","13":"instock","14":"sale","15":"taxable","16":"shipping-taxable","17":"purchasable","18":"product-type-simple"},"_links":{"self":[{"href":"https:\/\/ledshoponline.be\/fr\/wp-json\/wp\/v2\/product\/17616","targetHints":{"allow":["GET"]}}],"collection":[{"href":"https:\/\/ledshoponline.be\/fr\/wp-json\/wp\/v2\/product"}],"about":[{"href":"https:\/\/ledshoponline.be\/fr\/wp-json\/wp\/v2\/types\/product"}],"replies":[{"embeddable":true,"href":"https:\/\/ledshoponline.be\/fr\/wp-json\/wp\/v2\/comments?post=17616"}],"version-history":[{"count":0,"href":"https:\/\/ledshoponline.be\/fr\/wp-json\/wp\/v2\/product\/17616\/revisions"}],"wp:featuredmedia":[{"embeddable":true,"href":"https:\/\/ledshoponline.be\/fr\/wp-json\/wp\/v2\/media\/17617"}],"wp:attachment":[{"href":"https:\/\/ledshoponline.be\/fr\/wp-json\/wp\/v2\/media?parent=17616"}],"wp:term":[{"taxonomy":"product_brand","embeddable":true,"href":"https:\/\/ledshoponline.be\/fr\/wp-json\/wp\/v2\/product_brand?post=17616"},{"taxonomy":"product_cat","embeddable":true,"href":"https:\/\/ledshoponline.be\/fr\/wp-json\/wp\/v2\/product_cat?post=17616"},{"taxonomy":"product_tag","embeddable":true,"href":"https:\/\/ledshoponline.be\/fr\/wp-json\/wp\/v2\/product_tag?post=17616"}],"curies":[{"name":"wp","href":"https:\/\/api.w.org\/{rel}","templated":true}]}}