{"id":17575,"date":"2013-11-28T15:52:07","date_gmt":"2013-11-28T15:52:07","guid":{"rendered":"https:\/\/hlncaxea.a2hosted.com\/?post_type=product&#038;p=17575"},"modified":"2025-03-09T19:40:54","modified_gmt":"2025-03-09T19:40:54","slug":"lampe-led-gx53-230v-5-watts-blanc-chaud-530lm","status":"publish","type":"product","link":"https:\/\/ledshoponline.be\/fr\/shop\/producten\/led-lampen\/gx53-led-lamp\/led-gx53-lamp-230v-5-watt-warm-wit-530lm\/","title":{"rendered":"Lampe LED GX53 230v 5 Watt blanc chaud 470LM"},"content":{"rendered":"<p>Remplace votre ampoule \u00e0 \u00e9conomie d'\u00e9nergie GX53 par une LED, directement \u00e0 pleine puissance avec une consommation de seulement 5W.<\/p>\n<p>Maintenant avec un verre d\u00e9poli pour diffuser la lumi\u00e8re plus doucement. La couleur de la lumi\u00e8re est le blanc chaud 827.<\/p>\n<p>Cette lampe LED GX53 fonctionne sans aucune modification de votre luminaire.<br \/>\nVerre int\u00e9gr\u00e9 pour un refroidissement optimal. Par cons\u00e9quent, cette ampoule LED GX53 a une dur\u00e9e de vie beaucoup plus longue que les ampoules LED GX53 en plastique moins ch\u00e8res.<\/p>\n<p>&nbsp;<\/p>\n<p>&nbsp;<\/p>","protected":false},"excerpt":{"rendered":"<p><strong>Fiche produit<br \/>\n<\/strong><strong><a href=\"https:\/\/eprel.ec.europa.eu\/informationsheet\/Fiche_784174_NL.pdf\">FR<\/a>\u00a0|\u00a0<a href=\"https:\/\/eprel.ec.europa.eu\/informationsheet\/Fiche_784174_FR.pdf\">FR\u00a0<\/a>|\u00a0<a href=\"https:\/\/eprel.ec.europa.eu\/informationsheet\/Fiche_784174_EN.pdf\">ET\u00a0<\/a>|\u00a0<a href=\"https:\/\/eprel.ec.europa.eu\/informationsheet\/Fiche_784174_DE.pdf\">LE<\/a><\/strong><\/p>","protected":false},"featured_media":17576,"comment_status":"closed","ping_status":"closed","template":"","meta":{"_seopress_robots_primary_cat":"","_seopress_titles_title":"","_seopress_titles_desc":"","_seopress_robots_index":""},"product_brand":[],"product_cat":[203,19],"product_tag":[204,205,206],"class_list":{"0":"post-17575","1":"product","2":"type-product","3":"status-publish","4":"has-post-thumbnail","6":"product_cat-gx53-led-lamp","7":"product_cat-producten","8":"product_tag-gx53","9":"product_tag-led-gx53","10":"product_tag-yarled","12":"first","13":"instock","14":"taxable","15":"shipping-taxable","16":"purchasable","17":"product-type-simple"},"_links":{"self":[{"href":"https:\/\/ledshoponline.be\/fr\/wp-json\/wp\/v2\/product\/17575","targetHints":{"allow":["GET"]}}],"collection":[{"href":"https:\/\/ledshoponline.be\/fr\/wp-json\/wp\/v2\/product"}],"about":[{"href":"https:\/\/ledshoponline.be\/fr\/wp-json\/wp\/v2\/types\/product"}],"replies":[{"embeddable":true,"href":"https:\/\/ledshoponline.be\/fr\/wp-json\/wp\/v2\/comments?post=17575"}],"version-history":[{"count":0,"href":"https:\/\/ledshoponline.be\/fr\/wp-json\/wp\/v2\/product\/17575\/revisions"}],"wp:featuredmedia":[{"embeddable":true,"href":"https:\/\/ledshoponline.be\/fr\/wp-json\/wp\/v2\/media\/17576"}],"wp:attachment":[{"href":"https:\/\/ledshoponline.be\/fr\/wp-json\/wp\/v2\/media?parent=17575"}],"wp:term":[{"taxonomy":"product_brand","embeddable":true,"href":"https:\/\/ledshoponline.be\/fr\/wp-json\/wp\/v2\/product_brand?post=17575"},{"taxonomy":"product_cat","embeddable":true,"href":"https:\/\/ledshoponline.be\/fr\/wp-json\/wp\/v2\/product_cat?post=17575"},{"taxonomy":"product_tag","embeddable":true,"href":"https:\/\/ledshoponline.be\/fr\/wp-json\/wp\/v2\/product_tag?post=17575"}],"curies":[{"name":"wp","href":"https:\/\/api.w.org\/{rel}","templated":true}]}}