{"id":17570,"date":"2013-11-24T13:57:53","date_gmt":"2013-11-24T13:57:53","guid":{"rendered":"https:\/\/hlncaxea.a2hosted.com\/?post_type=product&#038;p=17570"},"modified":"2025-03-09T19:40:54","modified_gmt":"2025-03-09T19:40:54","slug":"spot-led-encastrable-inclinable-5w-chrome-2","status":"publish","type":"product","link":"https:\/\/ledshoponline.be\/fr\/shop\/producten\/armaturen\/inbouwspots\/kantelbare-5w-led-inbouwspot-verchroomd-2\/","title":{"rendered":"Spot encastr\u00e9 LED 5W inclinable chrom\u00e9"},"content":{"rendered":"<p>Le projecteur en acier est enti\u00e8rement directionnel - r\u00e9glable et orientable en tournant le projecteur entier dans l'ouverture du plafond.<\/p>\n<p>&nbsp;<\/p>\n<p><strong>PAS DE RESSORT DE SERRAGE VISIBLE + DIRECTIONNEL.<\/strong><\/p>\n<p><strong>UNIQUE DANS CETTE GAMME DE PRIX :\u00a0<\/strong><br \/>\nL'absence de ressort de serrage visible pour maintenir l'ampoule GU10 du spot halog\u00e8ne est un atout majeur. L'avant et l'arri\u00e8re du spot ne sont pas entach\u00e9s par un grand ressort de serrage chrom\u00e9 visible autour de l'ampoule halog\u00e8ne.<\/p>\n<p>Finition particuli\u00e8rement soign\u00e9e et finition avec une belle et profonde ouverture.<\/p>\n<p>Ce spot encastr\u00e9 en m\u00e9tal chrom\u00e9 est fix\u00e9 au plafond par 2 ressorts de serrage. Aucune vis n'est n\u00e9cessaire.<br \/>\nLe projecteur halog\u00e8ne peut \u00eatre remplac\u00e9 en tirant l'ensemble du projecteur vers le bas.<\/p>\n<p><strong>Contenu :<\/strong><\/p>\n<p>- Gu10 YARLED Haloled 5W dimmable 2700k<\/p>\n<p>- Raccord GU10<\/p>\n<p>- Luminaire chrom\u00e9 inclinable<\/p>\n<p><strong>Dimensions :<\/strong><br \/>\nDiam\u00e8tre : 8,5 cm.<br \/>\nDiam\u00e8tre du spot : 5,5 cm.<br \/>\nProfondeur d'encastrement : ~8cm.<br \/>\nClasse d'\u00e9tanch\u00e9it\u00e9 : IP20<\/p>\n<p><strong>Taille de coupe : \u2192 la taille peut varier l\u00e9g\u00e8rement !<br \/>\n<\/strong><span class=\"size_label\">Diam\u00e8tre :<\/span>7,00 cm<\/p>","protected":false},"excerpt":{"rendered":"<p>Spot encastr\u00e9 orientable en acier chrom\u00e9 lourd avec un spot halog\u00e8ne Yarled de 5W \u00e0 gradation qui remplace un spot halog\u00e8ne de 40W \u00e0 un prix attractif !<\/p>","protected":false},"featured_media":17571,"comment_status":"closed","ping_status":"closed","template":"","meta":{"_seopress_robots_primary_cat":"","_seopress_titles_title":"","_seopress_titles_desc":"","_seopress_robots_index":""},"product_brand":[],"product_cat":[88],"product_tag":[],"class_list":{"0":"post-17570","1":"product","2":"type-product","3":"status-publish","4":"has-post-thumbnail","6":"product_cat-inbouwspots","8":"first","9":"instock","10":"taxable","11":"shipping-taxable","12":"purchasable","13":"product-type-simple"},"_links":{"self":[{"href":"https:\/\/ledshoponline.be\/fr\/wp-json\/wp\/v2\/product\/17570","targetHints":{"allow":["GET"]}}],"collection":[{"href":"https:\/\/ledshoponline.be\/fr\/wp-json\/wp\/v2\/product"}],"about":[{"href":"https:\/\/ledshoponline.be\/fr\/wp-json\/wp\/v2\/types\/product"}],"replies":[{"embeddable":true,"href":"https:\/\/ledshoponline.be\/fr\/wp-json\/wp\/v2\/comments?post=17570"}],"version-history":[{"count":0,"href":"https:\/\/ledshoponline.be\/fr\/wp-json\/wp\/v2\/product\/17570\/revisions"}],"wp:featuredmedia":[{"embeddable":true,"href":"https:\/\/ledshoponline.be\/fr\/wp-json\/wp\/v2\/media\/17571"}],"wp:attachment":[{"href":"https:\/\/ledshoponline.be\/fr\/wp-json\/wp\/v2\/media?parent=17570"}],"wp:term":[{"taxonomy":"product_brand","embeddable":true,"href":"https:\/\/ledshoponline.be\/fr\/wp-json\/wp\/v2\/product_brand?post=17570"},{"taxonomy":"product_cat","embeddable":true,"href":"https:\/\/ledshoponline.be\/fr\/wp-json\/wp\/v2\/product_cat?post=17570"},{"taxonomy":"product_tag","embeddable":true,"href":"https:\/\/ledshoponline.be\/fr\/wp-json\/wp\/v2\/product_tag?post=17570"}],"curies":[{"name":"wp","href":"https:\/\/api.w.org\/{rel}","templated":true}]}}