{"id":17567,"date":"2013-12-27T10:46:46","date_gmt":"2013-12-27T10:46:46","guid":{"rendered":"https:\/\/hlncaxea.a2hosted.com\/?post_type=product&#038;p=17567"},"modified":"2025-03-09T19:40:53","modified_gmt":"2025-03-09T19:40:53","slug":"alimentation-pour-rail-din-meanwell-24v-480w","status":"publish","type":"product","link":"https:\/\/ledshoponline.be\/fr\/shop\/producten\/toebehoren\/12v-24v-led-trafos\/voeding-voor-din-rail-meanwell-24v-480w\/","title":{"rendered":"Alimentation pour DIN-RAIL Meanwell 24V 480W"},"content":{"rendered":"<div class=\"std\">\n<ul>\n<li><img decoding=\"async\" class=\"size-full wp-image-17566\" src=\"https:\/\/ledshoponline.be\/wp-content\/uploads\/2013\/12\/check_mark_classic.jpg\" alt=\"\" width=\"9\" height=\"10\">&nbsp;Tension d'entr\u00e9e : 180-264VAC, 47~63Hz<\/li>\n<li><img decoding=\"async\" class=\"size-full wp-image-17566\" src=\"https:\/\/ledshoponline.be\/wp-content\/uploads\/2013\/12\/check_mark_classic.jpg\" alt=\"\" width=\"9\" height=\"10\">&nbsp;Tension de sortie : 24VDC<\/li>\n<li><img decoding=\"async\" class=\"size-full wp-image-17566\" src=\"https:\/\/ledshoponline.be\/wp-content\/uploads\/2013\/12\/check_mark_classic.jpg\" alt=\"\" width=\"9\" height=\"10\">&nbsp;Courant de sortie : 0-20A<\/li>\n<li><img decoding=\"async\" class=\"size-full wp-image-17566\" src=\"https:\/\/ledshoponline.be\/wp-content\/uploads\/2013\/12\/check_mark_classic.jpg\" alt=\"\" width=\"9\" height=\"10\">&nbsp;Puissance de sortie : 480W<\/li>\n<li><img decoding=\"async\" class=\"size-full wp-image-17566\" src=\"https:\/\/ledshoponline.be\/wp-content\/uploads\/2013\/12\/check_mark_classic.jpg\" alt=\"\" width=\"9\" height=\"10\">&nbsp;Ondulation et bruit : 120mVp-p<\/li>\n<li><img decoding=\"async\" class=\"size-full wp-image-17566\" src=\"https:\/\/ledshoponline.be\/wp-content\/uploads\/2013\/12\/check_mark_classic.jpg\" alt=\"\" width=\"9\" height=\"10\">&nbsp;Efficacit\u00e9 : 89%<\/li>\n<li><img decoding=\"async\" class=\"size-full wp-image-17566\" src=\"https:\/\/ledshoponline.be\/wp-content\/uploads\/2013\/12\/check_mark_classic.jpg\" alt=\"\" width=\"9\" height=\"10\">&nbsp;Dimensions : 85,5*125,2*128,5mm<\/li>\n<li><img decoding=\"async\" class=\"size-full wp-image-17566\" src=\"https:\/\/ledshoponline.be\/wp-content\/uploads\/2013\/12\/check_mark_classic.jpg\" alt=\"\" width=\"9\" height=\"10\">&nbsp;Protection : court-circuit, surtension et surcharge.<\/li>\n<li><img decoding=\"async\" class=\"size-full wp-image-17566\" src=\"https:\/\/ledshoponline.be\/wp-content\/uploads\/2013\/12\/check_mark_classic.jpg\" alt=\"\" width=\"9\" height=\"10\">&nbsp;Limitation du d\u00e9bit et r\u00e9cup\u00e9ration automatique<\/li>\n<\/ul>\n<\/div>","protected":false},"excerpt":{"rendered":"<p>Acheter la meilleure alimentation pour DIN-RAIL Meanwell 24V 480W chez LEDshoponline. Commandez maintenant !<\/p>","protected":false},"featured_media":17568,"comment_status":"closed","ping_status":"closed","template":"","meta":{"_seopress_robots_primary_cat":"","_seopress_titles_title":"","_seopress_titles_desc":"","_seopress_robots_index":""},"product_brand":[],"product_cat":[43],"product_tag":[152],"class_list":{"0":"post-17567","1":"product","2":"type-product","3":"status-publish","4":"has-post-thumbnail","6":"product_cat-12v-24v-led-trafos","7":"product_tag-meanwell","9":"first","10":"instock","11":"taxable","12":"shipping-taxable","13":"purchasable","14":"product-type-simple"},"_links":{"self":[{"href":"https:\/\/ledshoponline.be\/fr\/wp-json\/wp\/v2\/product\/17567","targetHints":{"allow":["GET"]}}],"collection":[{"href":"https:\/\/ledshoponline.be\/fr\/wp-json\/wp\/v2\/product"}],"about":[{"href":"https:\/\/ledshoponline.be\/fr\/wp-json\/wp\/v2\/types\/product"}],"replies":[{"embeddable":true,"href":"https:\/\/ledshoponline.be\/fr\/wp-json\/wp\/v2\/comments?post=17567"}],"version-history":[{"count":0,"href":"https:\/\/ledshoponline.be\/fr\/wp-json\/wp\/v2\/product\/17567\/revisions"}],"wp:featuredmedia":[{"embeddable":true,"href":"https:\/\/ledshoponline.be\/fr\/wp-json\/wp\/v2\/media\/17568"}],"wp:attachment":[{"href":"https:\/\/ledshoponline.be\/fr\/wp-json\/wp\/v2\/media?parent=17567"}],"wp:term":[{"taxonomy":"product_brand","embeddable":true,"href":"https:\/\/ledshoponline.be\/fr\/wp-json\/wp\/v2\/product_brand?post=17567"},{"taxonomy":"product_cat","embeddable":true,"href":"https:\/\/ledshoponline.be\/fr\/wp-json\/wp\/v2\/product_cat?post=17567"},{"taxonomy":"product_tag","embeddable":true,"href":"https:\/\/ledshoponline.be\/fr\/wp-json\/wp\/v2\/product_tag?post=17567"}],"curies":[{"name":"wp","href":"https:\/\/api.w.org\/{rel}","templated":true}]}}