{"id":17463,"date":"2013-11-09T09:58:14","date_gmt":"2013-11-09T09:58:14","guid":{"rendered":"https:\/\/hlncaxea.a2hosted.com\/?post_type=product&#038;p=17463"},"modified":"2025-03-09T19:40:51","modified_gmt":"2025-03-09T19:40:51","slug":"spot-led-orientable-en-acier-inoxydable-ip44","status":"publish","type":"product","link":"https:\/\/ledshoponline.be\/fr\/shop\/producten\/armaturen\/badkamer-lampen\/rvs-verstelbare-led-spot-armatuur-ip44\/","title":{"rendered":"Spot \u00e0 LED orientable en acier inoxydable IP44"},"content":{"rendered":"<p>LED Un spot LED r\u00e9glable pour l'ext\u00e9rieur et l'int\u00e9rieur. Cette magnifique applique en acier est r\u00e9glable et inclinable. Ce spot est entour\u00e9 d'un verre clair avec un bord d\u00e9poli.<\/p>\n<p><strong>Fourni avec :\u00a0<\/strong><br \/>\nNouvelle lampe spot LED GU10. Couleur de la lumi\u00e8re blanc chaud 2700K. Le rendement lumineux de l'ampoule LED de 5 watts est comparable \u00e0 celui d'un spot halog\u00e8ne de 40 watts. 350 Lumen.<\/p>\n<p>Un design intemporel et des LED rempla\u00e7ables par le consommateur.<\/p>\n<p>Classe d'\u00e9tanch\u00e9it\u00e9 : IP44<\/p>\n<p>Dimensions :<\/p>\n<p>Hauteur totale : 15 cm (point vers le bas).<br \/>\nSpot : hauteur : 9cm, diam\u00e8tre : 6cm.<br \/>\nProfondeur : min : 9,5cm (spot vers le bas), max 16,5cm (spot vers l'avant).<br \/>\nPlaque de montage : 8cm.<br \/>\nPlaque murale : 8,5 cm.<\/p>","protected":false},"excerpt":{"rendered":"<p>Magnifique luminaire r\u00e9glable en acier inoxydable avec spot LED rempla\u00e7able. Id\u00e9al pour la salle de bain, le salon et l'ext\u00e9rieur.\u00a0<span style=\"background-color: #ffffff; line-height: 1.5em;\">Utilisable aussi bien au plafond qu'au mur.<\/span><\/p>","protected":false},"featured_media":17464,"comment_status":"closed","ping_status":"closed","template":"","meta":{"_seopress_robots_primary_cat":"","_seopress_titles_title":"","_seopress_titles_desc":"","_seopress_robots_index":""},"product_brand":[],"product_cat":[87,89,90,165,109],"product_tag":[196],"class_list":{"0":"post-17463","1":"product","2":"type-product","3":"status-publish","4":"has-post-thumbnail","6":"product_cat-armaturen","7":"product_cat-badkamer-lampen","8":"product_cat-buitenverlichting","9":"product_cat-plafondlampen","10":"product_cat-wandlampen","11":"product_tag-led-armatuur","13":"first","14":"instock","15":"taxable","16":"shipping-taxable","17":"purchasable","18":"product-type-simple"},"_links":{"self":[{"href":"https:\/\/ledshoponline.be\/fr\/wp-json\/wp\/v2\/product\/17463","targetHints":{"allow":["GET"]}}],"collection":[{"href":"https:\/\/ledshoponline.be\/fr\/wp-json\/wp\/v2\/product"}],"about":[{"href":"https:\/\/ledshoponline.be\/fr\/wp-json\/wp\/v2\/types\/product"}],"replies":[{"embeddable":true,"href":"https:\/\/ledshoponline.be\/fr\/wp-json\/wp\/v2\/comments?post=17463"}],"version-history":[{"count":0,"href":"https:\/\/ledshoponline.be\/fr\/wp-json\/wp\/v2\/product\/17463\/revisions"}],"wp:featuredmedia":[{"embeddable":true,"href":"https:\/\/ledshoponline.be\/fr\/wp-json\/wp\/v2\/media\/17464"}],"wp:attachment":[{"href":"https:\/\/ledshoponline.be\/fr\/wp-json\/wp\/v2\/media?parent=17463"}],"wp:term":[{"taxonomy":"product_brand","embeddable":true,"href":"https:\/\/ledshoponline.be\/fr\/wp-json\/wp\/v2\/product_brand?post=17463"},{"taxonomy":"product_cat","embeddable":true,"href":"https:\/\/ledshoponline.be\/fr\/wp-json\/wp\/v2\/product_cat?post=17463"},{"taxonomy":"product_tag","embeddable":true,"href":"https:\/\/ledshoponline.be\/fr\/wp-json\/wp\/v2\/product_tag?post=17463"}],"curies":[{"name":"wp","href":"https:\/\/api.w.org\/{rel}","templated":true}]}}