{"id":17433,"date":"2013-09-28T15:08:24","date_gmt":"2013-09-28T15:08:24","guid":{"rendered":"https:\/\/hlncaxea.a2hosted.com\/?post_type=product&#038;p=17433"},"modified":"2025-03-09T19:40:50","modified_gmt":"2025-03-09T19:40:50","slug":"lampe-murale-noire-spot-led","status":"publish","type":"product","link":"https:\/\/ledshoponline.be\/fr\/shop\/producten\/armaturen\/badkamer-lampen\/zwarte-wandlamp-led-spot\/","title":{"rendered":"Lampe murale noire spot led"},"content":{"rendered":"<p>Applique - lampe de salle de bains - lampe d'ext\u00e9rieur - plafonnier noir mat avec un point lumineux en bas. Vous pouvez orienter le faisceau lumineux comme vous le souhaitez, le spot est r\u00e9glable.<\/p>\n<p>Cette lampe en m\u00e9tal\u00a0<span style=\"line-height: 1.5em;\">livr\u00e9 avec un spot halog\u00e8ne\u00a0<\/span><span style=\"line-height: 1.5em;\">qui permet \u00e0 la lumi\u00e8re de briller loin du luminaire. Le luminaire est ferm\u00e9 par un verre transparent.<\/span><\/p>\n<p>Ce verre pr\u00e9sente un petit bord givr\u00e9 sur le bord ext\u00e9rieur.<\/p>\n<p>Ce projecteur peut \u00e9galement \u00eatre mont\u00e9 sans probl\u00e8me comme lampe d'ext\u00e9rieur.<\/p>\n<p>Classe d'\u00e9tanch\u00e9it\u00e9 : <strong>IP44\u00a0<\/strong><\/p>\n<p><strong>Comprend un spot LED 4W qui remplace un spot halog\u00e8ne 35W GU10 230V.<\/strong><\/p>\n<p><strong>WARM-WHITE<\/strong><\/p>\n<p><strong>Dimensions :<\/strong><\/p>\n<p>Hauteur : 8,5 - 14,5 cm<br \/>\nLargeur : 8,5 - 14,5 cm<br \/>\nProfondeur : 9,5 - 17,5 cm<br \/>\nSpot : diam\u00e8tre : 6 cm, longueur : 9,3 cm<br \/>\nPlaque murale : diam\u00e8tre : 8 cm, profondeur : 2,5 cm<\/p>","protected":false},"excerpt":{"rendered":"<p><strong>Dimensions :<\/strong><\/p>\n<p>Hauteur : 8,5 - 14,5 cm<br \/>\nLargeur : 8,5 - 14,5 cm<br \/>\nProfondeur : 9,5 - 17,5 cm<br \/>\nSpot : diam\u00e8tre : 6 cm, longueur : 9,3 cm<br \/>\nPlaque murale : diam\u00e8tre : 8 cm, profondeur : 2,5 cm<\/p>","protected":false},"featured_media":17434,"comment_status":"closed","ping_status":"closed","template":"","meta":{"_seopress_robots_primary_cat":"","_seopress_titles_title":"","_seopress_titles_desc":"","_seopress_robots_index":""},"product_brand":[],"product_cat":[87,89,90,165,19,109],"product_tag":[],"class_list":{"0":"post-17433","1":"product","2":"type-product","3":"status-publish","4":"has-post-thumbnail","6":"product_cat-armaturen","7":"product_cat-badkamer-lampen","8":"product_cat-buitenverlichting","9":"product_cat-plafondlampen","10":"product_cat-producten","11":"product_cat-wandlampen","13":"first","14":"outofstock","15":"taxable","16":"shipping-taxable","17":"purchasable","18":"product-type-simple"},"_links":{"self":[{"href":"https:\/\/ledshoponline.be\/fr\/wp-json\/wp\/v2\/product\/17433","targetHints":{"allow":["GET"]}}],"collection":[{"href":"https:\/\/ledshoponline.be\/fr\/wp-json\/wp\/v2\/product"}],"about":[{"href":"https:\/\/ledshoponline.be\/fr\/wp-json\/wp\/v2\/types\/product"}],"replies":[{"embeddable":true,"href":"https:\/\/ledshoponline.be\/fr\/wp-json\/wp\/v2\/comments?post=17433"}],"version-history":[{"count":0,"href":"https:\/\/ledshoponline.be\/fr\/wp-json\/wp\/v2\/product\/17433\/revisions"}],"wp:featuredmedia":[{"embeddable":true,"href":"https:\/\/ledshoponline.be\/fr\/wp-json\/wp\/v2\/media\/17434"}],"wp:attachment":[{"href":"https:\/\/ledshoponline.be\/fr\/wp-json\/wp\/v2\/media?parent=17433"}],"wp:term":[{"taxonomy":"product_brand","embeddable":true,"href":"https:\/\/ledshoponline.be\/fr\/wp-json\/wp\/v2\/product_brand?post=17433"},{"taxonomy":"product_cat","embeddable":true,"href":"https:\/\/ledshoponline.be\/fr\/wp-json\/wp\/v2\/product_cat?post=17433"},{"taxonomy":"product_tag","embeddable":true,"href":"https:\/\/ledshoponline.be\/fr\/wp-json\/wp\/v2\/product_tag?post=17433"}],"curies":[{"name":"wp","href":"https:\/\/api.w.org\/{rel}","templated":true}]}}