{"id":17427,"date":"2013-09-24T22:37:18","date_gmt":"2013-09-24T22:37:18","guid":{"rendered":"https:\/\/hlncaxea.a2hosted.com\/?post_type=product&#038;p=17427"},"modified":"2025-03-09T19:40:49","modified_gmt":"2025-03-09T19:40:49","slug":"testeur-de-tension-multifonction-testeur-de-tension-et-de-continuite-12-690v-ac-dc-voltage","status":"publish","type":"product","link":"https:\/\/ledshoponline.be\/fr\/shop\/producten\/gereedschap\/meettoestellen\/multifunctionele-spanningstester-voltage-en-continuiteitstester-12-690v-ac-dc-spanning\/","title":{"rendered":"Testeur de tension multifonction | Testeur de tension et de continuit\u00e9 12 - 690V AC\/DC tension"},"content":{"rendered":"<p>Le nouveau testeur de tension multifonction UT18C permet de tester rapidement et facilement les tensions CC et CA. Il v\u00e9rifie le sens de rotation des phases, le test de tension unipolaire et le test de continuit\u00e9. Equip\u00e9 d'une lampe de travail LED commutable.<\/p>","protected":false},"excerpt":{"rendered":"<ul>\n<li>Affichages LED : 12V\/ 24V\/ 50V\/ 120V\/ 230V\/ 400V\/ 690V<\/li>\n<li>Test de continuit\u00e9 avec LED et buzzer<\/li>\n<li>Test de rotation de phase<\/li>\n<li>S\u00e9lection automatique de la gamme<\/li>\n<li>D\u00e9tection de la polarit\u00e9<\/li>\n<li>Indication de batterie faible<\/li>\n<li>Eclairage<\/li>\n<li>D\u00e9tection de la tension d'un seul fil<\/li>\n<li>D\u00e9tection des courts-circuits<\/li>\n<li>\u00c9cran LCD<\/li>\n<li>2 piles AA (incluses)<\/li>\n<li>Test de transistor<\/li>\n<\/ul>","protected":false},"featured_media":17428,"comment_status":"closed","ping_status":"closed","template":"","meta":{"_seopress_robots_primary_cat":"","_seopress_titles_title":"","_seopress_titles_desc":"","_seopress_robots_index":""},"product_brand":[],"product_cat":[128,194],"product_tag":[],"class_list":{"0":"post-17427","1":"product","2":"type-product","3":"status-publish","4":"has-post-thumbnail","6":"product_cat-gereedschap","7":"product_cat-meettoestellen","9":"first","10":"instock","11":"taxable","12":"shipping-taxable","13":"purchasable","14":"product-type-simple"},"_links":{"self":[{"href":"https:\/\/ledshoponline.be\/fr\/wp-json\/wp\/v2\/product\/17427","targetHints":{"allow":["GET"]}}],"collection":[{"href":"https:\/\/ledshoponline.be\/fr\/wp-json\/wp\/v2\/product"}],"about":[{"href":"https:\/\/ledshoponline.be\/fr\/wp-json\/wp\/v2\/types\/product"}],"replies":[{"embeddable":true,"href":"https:\/\/ledshoponline.be\/fr\/wp-json\/wp\/v2\/comments?post=17427"}],"version-history":[{"count":0,"href":"https:\/\/ledshoponline.be\/fr\/wp-json\/wp\/v2\/product\/17427\/revisions"}],"wp:featuredmedia":[{"embeddable":true,"href":"https:\/\/ledshoponline.be\/fr\/wp-json\/wp\/v2\/media\/17428"}],"wp:attachment":[{"href":"https:\/\/ledshoponline.be\/fr\/wp-json\/wp\/v2\/media?parent=17427"}],"wp:term":[{"taxonomy":"product_brand","embeddable":true,"href":"https:\/\/ledshoponline.be\/fr\/wp-json\/wp\/v2\/product_brand?post=17427"},{"taxonomy":"product_cat","embeddable":true,"href":"https:\/\/ledshoponline.be\/fr\/wp-json\/wp\/v2\/product_cat?post=17427"},{"taxonomy":"product_tag","embeddable":true,"href":"https:\/\/ledshoponline.be\/fr\/wp-json\/wp\/v2\/product_tag?post=17427"}],"curies":[{"name":"wp","href":"https:\/\/api.w.org\/{rel}","templated":true}]}}