{"id":17423,"date":"2013-09-24T22:34:06","date_gmt":"2013-09-24T22:34:06","guid":{"rendered":"https:\/\/hlncaxea.a2hosted.com\/?post_type=product&#038;p=17423"},"modified":"2025-06-02T14:43:22","modified_gmt":"2025-06-02T14:43:22","slug":"luxmetre-numerique-gamme-auto","status":"publish","type":"product","link":"https:\/\/ledshoponline.be\/fr\/shop\/producten\/gereedschap\/meettoestellen\/digitale-lux-meter-autorange\/","title":{"rendered":"Luxm\u00e8tre num\u00e9rique \u00e0 port\u00e9e automatique"},"content":{"rendered":"<p>Le pr\u00e9sent <strong data-start=\"211\" data-end=\"232\">luxm\u00e8tre num\u00e9rique<\/strong> est un instrument de mesure indispensable pour ceux qui souhaitent contr\u00f4ler les niveaux d'\u00e9clairage de mani\u00e8re professionnelle. Sa s\u00e9lection automatique de la plage (autorange), son enregistrement en temps r\u00e9el et ses fonctions compl\u00e8tes en font l'instrument id\u00e9al pour les applications dans les bureaux, les ateliers, les entrep\u00f4ts, la photographie ou les installations d'\u00e9clairage.<\/p>\n<h3 class=\"\" data-start=\"537\" data-end=\"571\"><strong data-start=\"541\" data-end=\"569\">Caract\u00e9ristiques principales :<\/strong><\/h3>\n<p class=\"\" data-start=\"572\" data-end=\"1030\">\u2705 <strong data-start=\"574\" data-end=\"593\">Plage de mesure lux :<\/strong> 20 \/ 200 \/ 2000 \/ 20 000 lux<br data-start=\"622\" data-end=\"625\" \/>\u2705 <strong data-start=\"627\" data-end=\"659\">Plage de mesure : pied-candle (FC) :<\/strong> 2 \/ 20 \/ 200 \/ 2000 FC<br data-start=\"682\" data-end=\"685\" \/>\u2705 <strong data-start=\"687\" data-end=\"704\">Affichage maximal :<\/strong> 1999<br data-start=\"709\" data-end=\"712\" \/>\u2705 <strong data-start=\"714\" data-end=\"747\" data-is-only-node=\"\">Enregistrement des donn\u00e9es et horloge en temps r\u00e9el<\/strong> - Pour des mesures pr\u00e9cises dans le temps<br data-start=\"785\" data-end=\"788\" \/>\u2705 <strong data-start=\"790\" data-end=\"816\">R\u00e9glage de la dur\u00e9e d'enregistrement automatique<\/strong> - Intervalle d'enregistrement automatique r\u00e9glable<br data-start=\"858\" data-end=\"861\" \/>\u2705 <strong data-start=\"863\" data-end=\"882\">Fonction MAX\/MIN<\/strong> - Jetez un coup d'\u0153il rapide \u00e0 la valeur lumineuse la plus \u00e9lev\u00e9e et \u00e0 la valeur la plus faible<br data-start=\"930\" data-end=\"933\" \/>\u2705 <strong data-start=\"935\" data-end=\"962\">Indication de batterie faible<\/strong> - Toujours recharger \u00e0 temps<br data-start=\"988\" data-end=\"991\" \/>\u2705 <strong data-start=\"993\" data-end=\"1005\">La nutrition :<\/strong> Pile 9V (incluse)<\/p>\n<p class=\"\" data-start=\"1032\" data-end=\"1192\">Avec sa taille compacte, ses fonctions compl\u00e8tes et son utilisation conviviale, ce luxm\u00e8tre est parfait pour les applications professionnelles et techniques.<\/p>","protected":false},"excerpt":{"rendered":"<p>\u2705 Plage de mesure : 20Lux \/ 200Lux \/ 2000Lux \/ 20000Lux<br \/>\nPlage de mesure (FC) : 2FC \/ 20FC \/ 200FC \/ 2000FC<br \/>\n\u2705 Pile 9V (incluse)<\/p>","protected":false},"featured_media":558622,"comment_status":"closed","ping_status":"closed","template":"","meta":{"_seopress_robots_primary_cat":"none","_seopress_titles_title":"Digitale Lux Meter Autorange \u2013 Meet 20 tot 200.000 Lux","_seopress_titles_desc":"Meet lichtintensiteit nauwkeurig met deze digitale luxmeter. Autorange-functie, LCD-display en snelle metingen. Ideaal voor verlichtingstests.","_seopress_robots_index":""},"product_brand":[],"product_cat":[128,194],"product_tag":[],"class_list":{"0":"post-17423","1":"product","2":"type-product","3":"status-publish","4":"has-post-thumbnail","6":"product_cat-gereedschap","7":"product_cat-meettoestellen","9":"first","10":"instock","11":"taxable","12":"shipping-taxable","13":"purchasable","14":"product-type-simple"},"_links":{"self":[{"href":"https:\/\/ledshoponline.be\/fr\/wp-json\/wp\/v2\/product\/17423","targetHints":{"allow":["GET"]}}],"collection":[{"href":"https:\/\/ledshoponline.be\/fr\/wp-json\/wp\/v2\/product"}],"about":[{"href":"https:\/\/ledshoponline.be\/fr\/wp-json\/wp\/v2\/types\/product"}],"replies":[{"embeddable":true,"href":"https:\/\/ledshoponline.be\/fr\/wp-json\/wp\/v2\/comments?post=17423"}],"version-history":[{"count":2,"href":"https:\/\/ledshoponline.be\/fr\/wp-json\/wp\/v2\/product\/17423\/revisions"}],"predecessor-version":[{"id":558624,"href":"https:\/\/ledshoponline.be\/fr\/wp-json\/wp\/v2\/product\/17423\/revisions\/558624"}],"wp:featuredmedia":[{"embeddable":true,"href":"https:\/\/ledshoponline.be\/fr\/wp-json\/wp\/v2\/media\/558622"}],"wp:attachment":[{"href":"https:\/\/ledshoponline.be\/fr\/wp-json\/wp\/v2\/media?parent=17423"}],"wp:term":[{"taxonomy":"product_brand","embeddable":true,"href":"https:\/\/ledshoponline.be\/fr\/wp-json\/wp\/v2\/product_brand?post=17423"},{"taxonomy":"product_cat","embeddable":true,"href":"https:\/\/ledshoponline.be\/fr\/wp-json\/wp\/v2\/product_cat?post=17423"},{"taxonomy":"product_tag","embeddable":true,"href":"https:\/\/ledshoponline.be\/fr\/wp-json\/wp\/v2\/product_tag?post=17423"}],"curies":[{"name":"wp","href":"https:\/\/api.w.org\/{rel}","templated":true}]}}