{"id":17421,"date":"2013-09-24T22:31:47","date_gmt":"2013-09-24T22:31:47","guid":{"rendered":"https:\/\/hlncaxea.a2hosted.com\/?post_type=product&#038;p=17421"},"modified":"2025-03-09T19:40:47","modified_gmt":"2025-03-09T19:40:47","slug":"decibelmetre","status":"publish","type":"product","link":"https:\/\/ledshoponline.be\/fr\/shop\/producten\/gereedschap\/meettoestellen\/decibel-meter\/","title":{"rendered":"D\u00e9cibelm\u00e8tre"},"content":{"rendered":"","protected":false},"excerpt":{"rendered":"<ul>\n<li>Gamme : 30-80dB\/50-100dB\/60-110dB\/80-1 30dB<\/li>\n<li>Fr\u00e9quence : 31,5Hz-8000Hz<\/li>\n<li>Pond\u00e9ration des fr\u00e9quences : A et C<\/li>\n<li>Taux d'\u00e9chantillonnage : Rapide : 8 x \/ seconde - Lent : 1 x \/ seconde<\/li>\n<li>Sortie analogique : AC : 0,707Vrms pleine \u00e9chelle \/ DC : 2Vrms pleine \u00e9chelle<\/li>\n<li>Enregistrement de donn\u00e9es<\/li>\n<li>Alarme en cas de mesure de d\u00e9cibels \u00e9lev\u00e9e ou faible<\/li>\n<li>Barre graphique analogique<\/li>\n<li>4 piles de 1,5V<\/li>\n<\/ul>","protected":false},"featured_media":17422,"comment_status":"closed","ping_status":"closed","template":"","meta":{"_seopress_robots_primary_cat":"","_seopress_titles_title":"","_seopress_titles_desc":"","_seopress_robots_index":""},"product_brand":[],"product_cat":[128,194],"product_tag":[],"class_list":{"0":"post-17421","1":"product","2":"type-product","3":"status-publish","4":"has-post-thumbnail","6":"product_cat-gereedschap","7":"product_cat-meettoestellen","9":"first","10":"instock","11":"taxable","12":"shipping-taxable","13":"purchasable","14":"product-type-simple"},"_links":{"self":[{"href":"https:\/\/ledshoponline.be\/fr\/wp-json\/wp\/v2\/product\/17421","targetHints":{"allow":["GET"]}}],"collection":[{"href":"https:\/\/ledshoponline.be\/fr\/wp-json\/wp\/v2\/product"}],"about":[{"href":"https:\/\/ledshoponline.be\/fr\/wp-json\/wp\/v2\/types\/product"}],"replies":[{"embeddable":true,"href":"https:\/\/ledshoponline.be\/fr\/wp-json\/wp\/v2\/comments?post=17421"}],"version-history":[{"count":0,"href":"https:\/\/ledshoponline.be\/fr\/wp-json\/wp\/v2\/product\/17421\/revisions"}],"wp:featuredmedia":[{"embeddable":true,"href":"https:\/\/ledshoponline.be\/fr\/wp-json\/wp\/v2\/media\/17422"}],"wp:attachment":[{"href":"https:\/\/ledshoponline.be\/fr\/wp-json\/wp\/v2\/media?parent=17421"}],"wp:term":[{"taxonomy":"product_brand","embeddable":true,"href":"https:\/\/ledshoponline.be\/fr\/wp-json\/wp\/v2\/product_brand?post=17421"},{"taxonomy":"product_cat","embeddable":true,"href":"https:\/\/ledshoponline.be\/fr\/wp-json\/wp\/v2\/product_cat?post=17421"},{"taxonomy":"product_tag","embeddable":true,"href":"https:\/\/ledshoponline.be\/fr\/wp-json\/wp\/v2\/product_tag?post=17421"}],"curies":[{"name":"wp","href":"https:\/\/api.w.org\/{rel}","templated":true}]}}