{"id":17417,"date":"2013-09-24T22:28:24","date_gmt":"2013-09-24T22:28:24","guid":{"rendered":"https:\/\/hlncaxea.a2hosted.com\/?post_type=product&#038;p=17417"},"modified":"2025-03-09T19:40:47","modified_gmt":"2025-03-09T19:40:47","slug":"amperometre-digital-auto-range","status":"publish","type":"product","link":"https:\/\/ledshoponline.be\/fr\/shop\/producten\/gereedschap\/meettoestellen\/digitale-amperetang-auto-range\/","title":{"rendered":"Amp\u00e8rem\u00e8tre num\u00e9rique - gamme automatique"},"content":{"rendered":"<div class=\"desktop-item-title\"><strong>Caract\u00e9ristiques techniques :<\/strong><\/div>\n<div class=\"product attribute technical_specifications\">\n<div class=\"value\">\n<div class=\"wpb_column vc_column_container vc_col-sm-12\">\n<div class=\"vc_column-inner\">\n<div class=\"wpb_wrapper\">\n<div class=\"wpb_text_column has-custom-color wpex-child-inherit-color wpb_content_element vc_custom_1646983085296 wpex-rcss-3\" data-wpex-rcss=\"{&quot;font-size&quot;:{&quot;d&quot;:&quot;18px&quot;,&quot;tp&quot;:&quot;16px&quot;,&quot;pl&quot;:&quot;14px&quot;}}\">\n<div class=\"wpb_wrapper\">\n<p>Sp\u00e9cifications des pinces-m\u00e8tres num\u00e9riques 400A\/600A de la s\u00e9rie UT200R<\/p>\n<\/div>\n<\/div>\n<\/div>\n<\/div>\n<\/div>\n<div class=\"wpb_column product-table-col vc_column_container vc_col-sm-12\">\n<div class=\"vc_column-inner\">\n<div class=\"wpb_wrapper\"><\/div>\n<\/div>\n<\/div>\n<div class=\"wpb_column product-table-col vc_column_container vc_col-sm-12\">\n<div class=\"vc_column-inner\">\n<div class=\"wpb_wrapper\">\n<div class=\"wpb_wrapper\">\n<table class=\"smalltable\">\n<tbody>\n<tr>\n<td width=\"215\">Sp\u00e9cifications<\/td>\n<td width=\"132\">Gamme<\/td>\n<td width=\"88\">UT204R<\/td>\n<\/tr>\n<tr>\n<td>Courant alternatif (A)<\/td>\n<td>0.06~600A<\/td>\n<td>\u00b1(2%+5)<\/td>\n<\/tr>\n<tr>\n<td>Courant continu (A)<\/td>\n<td>0.06~600A<\/td>\n<td>\u00b1(2%+5)<\/td>\n<\/tr>\n<tr>\n<td>Tension AC (V)<\/td>\n<td>600V<\/td>\n<td>\u00b1(0,8%+5)<\/td>\n<\/tr>\n<tr>\n<td>Fr\u00e9quence de la tension AC (Hz)<\/td>\n<td>10Hz~60kHz<\/td>\n<td>\u00b1(0,5%+2)<\/td>\n<\/tr>\n<tr>\n<td>Tension continue (V)<\/td>\n<td>600V<\/td>\n<td>\u00b1(0,5%+2)<\/td>\n<\/tr>\n<tr>\n<td>R\u00e9sistance (\u03a9)<\/td>\n<td>60M\u03a9<\/td>\n<td>\u00b1(0,8%+2)<\/td>\n<\/tr>\n<tr>\n<td>Capacit\u00e9 (F)<\/td>\n<td>60mF<\/td>\n<td>\u00b1(4%+5)<\/td>\n<\/tr>\n<tr>\n<td>Temp\u00e9rature (\u2103)<\/td>\n<td>-40\u2103~1000\u2103<\/td>\n<td>\u00b1(1,5%+5)<\/td>\n<\/tr>\n<tr>\n<td>Fr\u00e9quence (Hz)<\/td>\n<td>10Hz~10MHz<\/td>\n<td>\u00b1(0,1%+4)<\/td>\n<\/tr>\n<tr>\n<td colspan=\"3\">Caract\u00e9ristiques<\/td>\n<\/tr>\n<tr>\n<td>Affichage du nombre<\/td>\n<td><\/td>\n<td>6000<\/td>\n<\/tr>\n<tr>\n<td>Gamme automatique<\/td>\n<td><\/td>\n<td>\u221a<\/td>\n<\/tr>\n<tr>\n<td>Ouverture de la m\u00e2choire<\/td>\n<td><\/td>\n<td>28 mm<\/td>\n<\/tr>\n<tr>\n<td>Valeur efficace vraie<\/td>\n<td><\/td>\n<td>\u221a<\/td>\n<\/tr>\n<tr>\n<td>NCV<\/td>\n<td><\/td>\n<td>\u221a<\/td>\n<\/tr>\n<tr>\n<td>Test de continuit\u00e9<\/td>\n<td><\/td>\n<td>\u221a<\/td>\n<\/tr>\n<tr>\n<td>Diode<\/td>\n<td><\/td>\n<td>\u221a<\/td>\n<\/tr>\n<tr>\n<td>MAX\/MIN<\/td>\n<td><\/td>\n<td>\u221a<\/td>\n<\/tr>\n<tr>\n<td>Mode relatif<\/td>\n<td><\/td>\n<td>\u221a<\/td>\n<\/tr>\n<tr>\n<td>Mode z\u00e9ro<\/td>\n<td><\/td>\n<td>\u221a<\/td>\n<\/tr>\n<tr>\n<td>Maintien des donn\u00e9es<\/td>\n<td><\/td>\n<td>\u221a<\/td>\n<\/tr>\n<tr>\n<td>Indication de batterie faible<\/td>\n<td><\/td>\n<td>\u221a<\/td>\n<\/tr>\n<tr>\n<td>Mise hors tension automatique<\/td>\n<td><\/td>\n<td>\u221a<\/td>\n<\/tr>\n<tr>\n<td colspan=\"3\">Caract\u00e9ristiques g\u00e9n\u00e9rales<\/td>\n<\/tr>\n<tr>\n<td>Puissance<\/td>\n<td colspan=\"2\">Pile de 1,5V (R03) x 2<\/td>\n<\/tr>\n<tr>\n<td>Affichage<\/td>\n<td colspan=\"2\">37mm x 25mm<\/td>\n<\/tr>\n<tr>\n<td>Couleur du produit<\/td>\n<td colspan=\"2\">Rouge et gris<\/td>\n<\/tr>\n<tr>\n<td>Poids net du produit<\/td>\n<td colspan=\"2\">235g<\/td>\n<\/tr>\n<tr>\n<td>Taille du produit<\/td>\n<td colspan=\"2\">215 mm x 63 mm x 36 mm<\/td>\n<\/tr>\n<tr>\n<td>Accessoires standard<\/td>\n<td colspan=\"2\">Piles, cordons de mesure, thermocouple<\/td>\n<\/tr>\n<tr>\n<td>Emballage individuel standard<\/td>\n<td colspan=\"2\">Bo\u00eete cadeau, sac de transport, manuel en anglais<\/td>\n<\/tr>\n<tr>\n<td>Quantit\u00e9 standard par carton<\/td>\n<td colspan=\"2\">40pcs<\/td>\n<\/tr>\n<tr>\n<td>Dimensions du carton standard<\/td>\n<td colspan=\"2\">485mm x 295mm x 385mm<\/td>\n<\/tr>\n<tr>\n<td>Poids brut du carton standard<\/td>\n<td colspan=\"2\">16,7 kg<\/td>\n<\/tr>\n<\/tbody>\n<\/table>\n<\/div>\n<\/div>\n<\/div>\n<\/div>\n<\/div>\n<\/div>","protected":false},"excerpt":{"rendered":"<ul>\n<li>Courant alternatif : 40A\/600A<\/li>\n<li>Courant continu : 40A\/600A<\/li>\n<li>Tension AC : 4V\/40V\/400V\/600V<\/li>\n<li>Tension DC : 400mV\/4V\/40V\/400V\/600V<\/li>\n<li>R\u00e9sistance : 400O\/4kO\/40kO\/ 400kO\/4MO\/40MO<\/li>\n<li>Capaciteit: 4nF\/40nF\/400nF\/4\u00b5F\/40\u00b5F\/100\u00b5F<\/li>\n<li>Fr\u00e9quence : 10MHz (pour r\u00e9f\u00e9rence uniquement)<\/li>\n<li>Temp\u00e9rature : -40 - 1000\u00b0C<\/li>\n<li>Ouverture de la m\u00e2choire : 28mm<\/li>\n<li>Diode \/ Continuit\u00e9 \/ Transistor<\/li>\n<li>Pile 9V (incluse)<\/li>\n<\/ul>","protected":false},"featured_media":17418,"comment_status":"closed","ping_status":"closed","template":"","meta":{"_seopress_robots_primary_cat":"","_seopress_titles_title":"","_seopress_titles_desc":"","_seopress_robots_index":""},"product_brand":[],"product_cat":[128,194],"product_tag":[],"class_list":{"0":"post-17417","1":"product","2":"type-product","3":"status-publish","4":"has-post-thumbnail","6":"product_cat-gereedschap","7":"product_cat-meettoestellen","9":"first","10":"instock","11":"taxable","12":"shipping-taxable","13":"purchasable","14":"product-type-simple"},"_links":{"self":[{"href":"https:\/\/ledshoponline.be\/fr\/wp-json\/wp\/v2\/product\/17417","targetHints":{"allow":["GET"]}}],"collection":[{"href":"https:\/\/ledshoponline.be\/fr\/wp-json\/wp\/v2\/product"}],"about":[{"href":"https:\/\/ledshoponline.be\/fr\/wp-json\/wp\/v2\/types\/product"}],"replies":[{"embeddable":true,"href":"https:\/\/ledshoponline.be\/fr\/wp-json\/wp\/v2\/comments?post=17417"}],"version-history":[{"count":0,"href":"https:\/\/ledshoponline.be\/fr\/wp-json\/wp\/v2\/product\/17417\/revisions"}],"wp:featuredmedia":[{"embeddable":true,"href":"https:\/\/ledshoponline.be\/fr\/wp-json\/wp\/v2\/media\/17418"}],"wp:attachment":[{"href":"https:\/\/ledshoponline.be\/fr\/wp-json\/wp\/v2\/media?parent=17417"}],"wp:term":[{"taxonomy":"product_brand","embeddable":true,"href":"https:\/\/ledshoponline.be\/fr\/wp-json\/wp\/v2\/product_brand?post=17417"},{"taxonomy":"product_cat","embeddable":true,"href":"https:\/\/ledshoponline.be\/fr\/wp-json\/wp\/v2\/product_cat?post=17417"},{"taxonomy":"product_tag","embeddable":true,"href":"https:\/\/ledshoponline.be\/fr\/wp-json\/wp\/v2\/product_tag?post=17417"}],"curies":[{"name":"wp","href":"https:\/\/api.w.org\/{rel}","templated":true}]}}