{"id":17415,"date":"2013-09-24T22:26:35","date_gmt":"2013-09-24T22:26:35","guid":{"rendered":"https:\/\/hlncaxea.a2hosted.com\/?post_type=product&#038;p=17415"},"modified":"2025-03-09T19:40:47","modified_gmt":"2025-03-09T19:40:47","slug":"multimetre-numerique-moderne-auto-range-avec-connexion-usb","status":"publish","type":"product","link":"https:\/\/ledshoponline.be\/fr\/shop\/producten\/gereedschap\/meettoestellen\/moderne-digitale-multimeter-auto-range-met-usb-connectie\/","title":{"rendered":"Multim\u00e8tre num\u00e9rique moderne \u00e0 gamme automatique avec connexion USB"},"content":{"rendered":"","protected":false},"excerpt":{"rendered":"<ul>\n<li>Tension continue : 40mV \/ 400mV \/ 4V \/ 40V \/ 400V \/ 1000V<\/li>\n<li>Tension AC : 40mV \/ 400mV \/ 4V \/ 40V \/ 400V \/ 750V<\/li>\n<li>Courant continu : 400\u00b5A \/ 4000\u00b5A \/ 40mA \/ 400mA \/ 4A \/ 10A<\/li>\n<li>Courant alternatif : 400\u00b5A \/ 4000\u00b5A \/ 40mA \/ 400mA \/ 4A \/ 10A<\/li>\n<li>R\u00e9sistance : 400O\/4kO\/40kO\/ 400kO\/4MO\/40MO<\/li>\n<li>Capacit\u00e9 : 40nF\/400nF\/400\u00b5F\/40\u00b5F\/4000 \u00b5F<\/li>\n<li>Fr\u00e9quence : 10Hz-10MHz<\/li>\n<li>Option : UTD04 pour la connexion USB<\/li>\n<\/ul>","protected":false},"featured_media":17416,"comment_status":"closed","ping_status":"closed","template":"","meta":{"_seopress_robots_primary_cat":"","_seopress_titles_title":"","_seopress_titles_desc":"","_seopress_robots_index":""},"product_brand":[],"product_cat":[128,194],"product_tag":[],"class_list":{"0":"post-17415","1":"product","2":"type-product","3":"status-publish","4":"has-post-thumbnail","6":"product_cat-gereedschap","7":"product_cat-meettoestellen","9":"first","10":"instock","11":"taxable","12":"shipping-taxable","13":"purchasable","14":"product-type-simple"},"_links":{"self":[{"href":"https:\/\/ledshoponline.be\/fr\/wp-json\/wp\/v2\/product\/17415","targetHints":{"allow":["GET"]}}],"collection":[{"href":"https:\/\/ledshoponline.be\/fr\/wp-json\/wp\/v2\/product"}],"about":[{"href":"https:\/\/ledshoponline.be\/fr\/wp-json\/wp\/v2\/types\/product"}],"replies":[{"embeddable":true,"href":"https:\/\/ledshoponline.be\/fr\/wp-json\/wp\/v2\/comments?post=17415"}],"version-history":[{"count":0,"href":"https:\/\/ledshoponline.be\/fr\/wp-json\/wp\/v2\/product\/17415\/revisions"}],"wp:featuredmedia":[{"embeddable":true,"href":"https:\/\/ledshoponline.be\/fr\/wp-json\/wp\/v2\/media\/17416"}],"wp:attachment":[{"href":"https:\/\/ledshoponline.be\/fr\/wp-json\/wp\/v2\/media?parent=17415"}],"wp:term":[{"taxonomy":"product_brand","embeddable":true,"href":"https:\/\/ledshoponline.be\/fr\/wp-json\/wp\/v2\/product_brand?post=17415"},{"taxonomy":"product_cat","embeddable":true,"href":"https:\/\/ledshoponline.be\/fr\/wp-json\/wp\/v2\/product_cat?post=17415"},{"taxonomy":"product_tag","embeddable":true,"href":"https:\/\/ledshoponline.be\/fr\/wp-json\/wp\/v2\/product_tag?post=17415"}],"curies":[{"name":"wp","href":"https:\/\/api.w.org\/{rel}","templated":true}]}}