{"id":17403,"date":"2013-09-24T22:11:43","date_gmt":"2013-09-24T22:11:43","guid":{"rendered":"https:\/\/hlncaxea.a2hosted.com\/?post_type=product&#038;p=17403"},"modified":"2025-03-09T19:40:43","modified_gmt":"2025-03-09T19:40:43","slug":"jeu-dembouts-de-securite-62-pieces","status":"publish","type":"product","link":"https:\/\/ledshoponline.be\/fr\/shop\/producten\/gereedschap\/klein-gereedschap\/security-bit-set-62-stuks\/","title":{"rendered":"Jeu d'embouts de s\u00e9curit\u00e9 - 62 pi\u00e8ces"},"content":{"rendered":"","protected":false},"excerpt":{"rendered":"<ul>\n<li>C1, C2, C3<\/li>\n<li>(-) 1\/8\u2033, 3\/16\u2033<\/li>\n<li>Triangle : 2mm x 2mm x 2mm<\/li>\n<li>Carr\u00e9 : S0, S1, S2, S3<\/li>\n<li>Triwing : 1, 2, 3, 4, 5<\/li>\n<li>(+) 0, 1, 2<\/li>\n<li>Tournevis \u00e0 ailettes<\/li>\n<li>6, 8, 10<\/li>\n<li>PZ0, PZ1, PZ2<\/li>\n<li>Y 4, 6, 8, 10, 12 (\u0153il de serpent)<\/li>\n<li>T5H, T6H, T7H, T8H, T9H, T10H, T15H, T20H, T25H, T27H, T30H, T40H<\/li>\n<li>Hexagonal : 2mm, 2.5mm, 3mm, 4mm, 5mm, 6mm, 8mm, 5\/64\u2033, 3\/32\u2033, 7\/64\u2033, 1\/8\u2033, 9\/64\u2033, 5\/32\u2033.<\/li>\n<li>M5, M6, M8<\/li>\n<\/ul>","protected":false},"featured_media":17404,"comment_status":"closed","ping_status":"closed","template":"","meta":{"_seopress_robots_primary_cat":"","_seopress_titles_title":"","_seopress_titles_desc":"","_seopress_robots_index":""},"product_brand":[],"product_cat":[128,130],"product_tag":[],"class_list":{"0":"post-17403","1":"product","2":"type-product","3":"status-publish","4":"has-post-thumbnail","6":"product_cat-gereedschap","7":"product_cat-klein-gereedschap","9":"first","10":"outofstock","11":"taxable","12":"shipping-taxable","13":"purchasable","14":"product-type-simple"},"_links":{"self":[{"href":"https:\/\/ledshoponline.be\/fr\/wp-json\/wp\/v2\/product\/17403","targetHints":{"allow":["GET"]}}],"collection":[{"href":"https:\/\/ledshoponline.be\/fr\/wp-json\/wp\/v2\/product"}],"about":[{"href":"https:\/\/ledshoponline.be\/fr\/wp-json\/wp\/v2\/types\/product"}],"replies":[{"embeddable":true,"href":"https:\/\/ledshoponline.be\/fr\/wp-json\/wp\/v2\/comments?post=17403"}],"version-history":[{"count":0,"href":"https:\/\/ledshoponline.be\/fr\/wp-json\/wp\/v2\/product\/17403\/revisions"}],"wp:featuredmedia":[{"embeddable":true,"href":"https:\/\/ledshoponline.be\/fr\/wp-json\/wp\/v2\/media\/17404"}],"wp:attachment":[{"href":"https:\/\/ledshoponline.be\/fr\/wp-json\/wp\/v2\/media?parent=17403"}],"wp:term":[{"taxonomy":"product_brand","embeddable":true,"href":"https:\/\/ledshoponline.be\/fr\/wp-json\/wp\/v2\/product_brand?post=17403"},{"taxonomy":"product_cat","embeddable":true,"href":"https:\/\/ledshoponline.be\/fr\/wp-json\/wp\/v2\/product_cat?post=17403"},{"taxonomy":"product_tag","embeddable":true,"href":"https:\/\/ledshoponline.be\/fr\/wp-json\/wp\/v2\/product_tag?post=17403"}],"curies":[{"name":"wp","href":"https:\/\/api.w.org\/{rel}","templated":true}]}}