{"id":17396,"date":"2013-09-24T21:55:20","date_gmt":"2013-09-24T21:55:20","guid":{"rendered":"https:\/\/hlncaxea.a2hosted.com\/?post_type=product&#038;p=17396"},"modified":"2025-03-09T19:40:42","modified_gmt":"2025-03-09T19:40:42","slug":"pince-a-sertir-professionnelle-rj-2","status":"publish","type":"product","link":"https:\/\/ledshoponline.be\/fr\/shop\/producten\/gereedschap\/klein-gereedschap\/professionele-rj-krimptang-2\/","title":{"rendered":"Pince \u00e0 sertir RJ professionnelle"},"content":{"rendered":"<p>Vous recherchez une solution fiable et durable pour le sertissage des connecteurs RJ ? Notre pince \u00e0 sertir RJ professionnelle est exactement ce qu'il vous faut. Id\u00e9ale pour \u00e9tablir et maintenir les connexions r\u00e9seau et t\u00e9l\u00e9phoniques, cette pince \u00e0 sertir offre polyvalence et pr\u00e9cision.<\/p>\n\n\n\n<h2 class=\"wp-block-heading\">Caract\u00e9ristiques principales :<\/h2>\n\n\n\n<p>Compatibilit\u00e9 : compatible avec les connecteurs RJ45, RJ11 et RJ12, ce qui en fait le choix id\u00e9al pour les applications de r\u00e9seau et de t\u00e9l\u00e9phonie.<br>Mat\u00e9riaux de haute qualit\u00e9 : Fabriqu\u00e9 en acier robuste pour une performance et une fiabilit\u00e9 durables.<br>Conception ergonomique : les poign\u00e9es confortables et antid\u00e9rapantes r\u00e9duisent la fatigue et am\u00e9liorent la prise en main, m\u00eame en cas d'utilisation prolong\u00e9e.<br>Technologie Precise Shrink : assure des connexions solides et stables, essentielles pour des r\u00e9seaux fiables.<br>Multifonctionnel : avec une pince \u00e0 d\u00e9nuder et un coupe-c\u00e2ble int\u00e9gr\u00e9s pour une pr\u00e9paration efficace des c\u00e2bles.<\/p>\n\n\n\n<h2 class=\"wp-block-heading\">Applications :<\/h2>\n\n\n\n<p>Parfaites pour les professionnels de l'informatique, les administrateurs de r\u00e9seaux et les bricoleurs qui s'efforcent d'obtenir des performances r\u00e9seau optimales. Que vous installiez de nouveaux c\u00e2bles r\u00e9seau ou que vous entreteniez des connexions existantes, nos pinces \u00e0 sertir offrent la pr\u00e9cision et la fiabilit\u00e9 dont vous avez besoin.<\/p>\n\n\n\n<h2 class=\"wp-block-heading\">Pourquoi choisir nos pinces \u00e0 sertir ?<\/h2>\n\n\n\n<ul class=\"wp-block-list\">\n<li><strong>Des performances fiables :<\/strong> Assure une connexion r\u00e9seau s\u00e9curis\u00e9e et stable.<br><\/li>\n\n\n\n<li><strong>Facile \u00e0 utiliser : <\/strong>Convient aussi bien aux d\u00e9butants qu'aux techniciens exp\u00e9riment\u00e9s.<br><\/li>\n\n\n\n<li><strong>R\u00e9duction des co\u00fbts :<\/strong> Aucun outil suppl\u00e9mentaire n'est n\u00e9cessaire gr\u00e2ce aux fonctions int\u00e9gr\u00e9es.<\/li>\n<\/ul>\n\n\n\n<p>Am\u00e9liorez vos installations r\u00e9seau avec la pince \u00e0 sertir RJ professionnelle et b\u00e9n\u00e9ficiez d'une qualit\u00e9 et d'une facilit\u00e9 d'utilisation in\u00e9gal\u00e9es. Commandez d\u00e8s aujourd'hui et optimisez vos connexions r\u00e9seau !<\/p>","protected":false},"excerpt":{"rendered":"<ul>\n<li>Convient aux connecteurs suivants : 8P8C\/RJ-45 -6P6C\/RJ-12 - 6P4C\/RJ-11<\/li>\n<\/ul>","protected":false},"featured_media":17397,"comment_status":"closed","ping_status":"closed","template":"","meta":{"_seopress_robots_primary_cat":"","_seopress_titles_title":"","_seopress_titles_desc":"","_seopress_robots_index":""},"product_brand":[],"product_cat":[128,130],"product_tag":[],"class_list":{"0":"post-17396","1":"product","2":"type-product","3":"status-publish","4":"has-post-thumbnail","6":"product_cat-gereedschap","7":"product_cat-klein-gereedschap","9":"first","10":"instock","11":"taxable","12":"shipping-taxable","13":"purchasable","14":"product-type-simple"},"_links":{"self":[{"href":"https:\/\/ledshoponline.be\/fr\/wp-json\/wp\/v2\/product\/17396","targetHints":{"allow":["GET"]}}],"collection":[{"href":"https:\/\/ledshoponline.be\/fr\/wp-json\/wp\/v2\/product"}],"about":[{"href":"https:\/\/ledshoponline.be\/fr\/wp-json\/wp\/v2\/types\/product"}],"replies":[{"embeddable":true,"href":"https:\/\/ledshoponline.be\/fr\/wp-json\/wp\/v2\/comments?post=17396"}],"version-history":[{"count":0,"href":"https:\/\/ledshoponline.be\/fr\/wp-json\/wp\/v2\/product\/17396\/revisions"}],"wp:featuredmedia":[{"embeddable":true,"href":"https:\/\/ledshoponline.be\/fr\/wp-json\/wp\/v2\/media\/17397"}],"wp:attachment":[{"href":"https:\/\/ledshoponline.be\/fr\/wp-json\/wp\/v2\/media?parent=17396"}],"wp:term":[{"taxonomy":"product_brand","embeddable":true,"href":"https:\/\/ledshoponline.be\/fr\/wp-json\/wp\/v2\/product_brand?post=17396"},{"taxonomy":"product_cat","embeddable":true,"href":"https:\/\/ledshoponline.be\/fr\/wp-json\/wp\/v2\/product_cat?post=17396"},{"taxonomy":"product_tag","embeddable":true,"href":"https:\/\/ledshoponline.be\/fr\/wp-json\/wp\/v2\/product_tag?post=17396"}],"curies":[{"name":"wp","href":"https:\/\/api.w.org\/{rel}","templated":true}]}}