{"id":17383,"date":"2013-09-23T12:18:32","date_gmt":"2013-09-23T12:18:32","guid":{"rendered":"https:\/\/hlncaxea.a2hosted.com\/?post_type=product&#038;p=17383"},"modified":"2025-03-09T19:40:38","modified_gmt":"2025-03-09T19:40:38","slug":"chargeur-de-batterie-professionnel-pour-charger-4-batteries-9v","status":"publish","type":"product","link":"https:\/\/ledshoponline.be\/fr\/shop\/producten\/toebehoren\/batterijladers\/professionele-batterijlader-om-4-x-9v-batterij-te-laden\/","title":{"rendered":"Chargeur de batterie professionnel pour charger 4 piles 9V"},"content":{"rendered":"","protected":false},"excerpt":{"rendered":"<ul>\n<li>4 stations de charge ind\u00e9pendantes pour les batteries 9V<\/li>\n<li>Mod\u00e8le compact<\/li>\n<li>Courant de charge : 70-90mA<\/li>\n<li>Lorsque la batterie est presque enti\u00e8rement charg\u00e9e, elle passe automatiquement \u00e0 un courant de charge de 5 mA.<\/li>\n<li>Temps de charge rapide d'environ 2 heures<\/li>\n<li>Alimentation : 12V -1000mA<\/li>\n<\/ul>","protected":false},"featured_media":17384,"comment_status":"closed","ping_status":"closed","template":"","meta":{"_seopress_robots_primary_cat":"","_seopress_titles_title":"","_seopress_titles_desc":"","_seopress_robots_index":""},"product_brand":[],"product_cat":[193],"product_tag":[],"class_list":{"0":"post-17383","1":"product","2":"type-product","3":"status-publish","4":"has-post-thumbnail","6":"product_cat-batterijladers","8":"first","9":"instock","10":"taxable","11":"shipping-taxable","12":"purchasable","13":"product-type-simple"},"_links":{"self":[{"href":"https:\/\/ledshoponline.be\/fr\/wp-json\/wp\/v2\/product\/17383","targetHints":{"allow":["GET"]}}],"collection":[{"href":"https:\/\/ledshoponline.be\/fr\/wp-json\/wp\/v2\/product"}],"about":[{"href":"https:\/\/ledshoponline.be\/fr\/wp-json\/wp\/v2\/types\/product"}],"replies":[{"embeddable":true,"href":"https:\/\/ledshoponline.be\/fr\/wp-json\/wp\/v2\/comments?post=17383"}],"version-history":[{"count":0,"href":"https:\/\/ledshoponline.be\/fr\/wp-json\/wp\/v2\/product\/17383\/revisions"}],"wp:featuredmedia":[{"embeddable":true,"href":"https:\/\/ledshoponline.be\/fr\/wp-json\/wp\/v2\/media\/17384"}],"wp:attachment":[{"href":"https:\/\/ledshoponline.be\/fr\/wp-json\/wp\/v2\/media?parent=17383"}],"wp:term":[{"taxonomy":"product_brand","embeddable":true,"href":"https:\/\/ledshoponline.be\/fr\/wp-json\/wp\/v2\/product_brand?post=17383"},{"taxonomy":"product_cat","embeddable":true,"href":"https:\/\/ledshoponline.be\/fr\/wp-json\/wp\/v2\/product_cat?post=17383"},{"taxonomy":"product_tag","embeddable":true,"href":"https:\/\/ledshoponline.be\/fr\/wp-json\/wp\/v2\/product_tag?post=17383"}],"curies":[{"name":"wp","href":"https:\/\/api.w.org\/{rel}","templated":true}]}}