{"id":17381,"date":"2013-09-23T12:16:21","date_gmt":"2013-09-23T12:16:21","guid":{"rendered":"https:\/\/hlncaxea.a2hosted.com\/?post_type=product&#038;p=17381"},"modified":"2025-03-09T19:40:37","modified_gmt":"2025-03-09T19:40:37","slug":"analyseur-de-chargeur-de-batterie-professionnel-pour-les-batteries-aa-et-aaa","status":"publish","type":"product","link":"https:\/\/ledshoponline.be\/fr\/shop\/producten\/toebehoren\/batterijladers\/professionele-batterijlader-analyzer-voor-aa-en-aaa-batterijen\/","title":{"rendered":"Chargeur\/analyseur de piles professionnel pour les piles AA et AAA"},"content":{"rendered":"<p>Le Maha Powerex MH-C9000 est un chargeur\/analyseur de batterie tr\u00e8s complet pour 4 batteries NiMh\/NiCd AA\/AAA, dot\u00e9 d'un grand \u00e9cran LCD r\u00e9tro-\u00e9clair\u00e9.<\/p>\n<p><strong>Cinq options sont disponibles pour chaque arbre de chargement :<\/strong><br \/>\n1. Chargement<br \/>\n2. rafra\u00eechir \/ analyser<br \/>\n3. Analyse de la capacit\u00e9 de rodage \/ CEI<br \/>\n4. D\u00e9charg\u00e9s<br \/>\n5. Charge\/d\u00e9charge multiple<\/p>\n<p>1. Chargement<br \/>\nLe courant de charge est r\u00e9glable de 0,2 \u00e0 2,0 A par incr\u00e9ments de 0,1 A. La progression (tension, capacit\u00e9 atteinte, courant de charge) est affich\u00e9e pour tous les modes.<\/p>\n<p>2. Rafra\u00eechissement\/analyse<br \/>\nCharge, d\u00e9charge et recharge la batterie selon des valeurs de courant d\u00e9termin\u00e9es par l'utilisateur. Recommand\u00e9 pour les batteries qui n'ont pas \u00e9t\u00e9 utilis\u00e9es pendant plusieurs semaines.<\/p>\n<p>3. Analyse de la capacit\u00e9 de la CEI<br \/>\nMode tr\u00e8s pratique pour d\u00e9terminer avec pr\u00e9cision la capacit\u00e9 r\u00e9elle d'une batterie. Il peut \u00e9galement \u00eatre utilis\u00e9 pour remettre en \u00e9tat des batteries inutilis\u00e9es depuis longtemps. La capacit\u00e9 sp\u00e9cifi\u00e9e par le fabricant doit \u00eatre r\u00e9gl\u00e9e, apr\u00e8s quoi l'appareil d\u00e9termine lui-m\u00eame les courants de charge et de d\u00e9charge. C'est \u00e9galement dans ce mode que les piles doivent \u00eatre charg\u00e9es la premi\u00e8re fois qu'elles sont utilis\u00e9es.<\/p>\n<p>4. D\u00e9charg\u00e9s<br \/>\nD\u00e9charge la batterie avec un courant de charge d\u00e9fini. Utile pour d\u00e9terminer rapidement la capacit\u00e9 (r\u00e9siduelle).<\/p>\n<p>5. Charge\/d\u00e9charge multiple<br \/>\nCe mode est le m\u00eame que le second, sauf que le processus peut \u00eatre ex\u00e9cut\u00e9 plusieurs fois de suite. Ceci est configurable.<\/p>\n<p>Le MH-C9000 est livr\u00e9 avec un adaptateur 12V qui fonctionne \u00e0 la fois sur 110V et 230V.<\/p>\n<p><strong>Garantie de 3 ans !<\/strong><\/p>\n<p><strong>Les piles ne sont pas incluses.<\/strong><\/p>","protected":false},"excerpt":{"rendered":"<ul>\n<li>4 stations de charge ind\u00e9pendantes pour AA et AAA NiMH\/NiCD.<\/li>\n<li>Un grand \u00e9cran LCD r\u00e9tro\u00e9clair\u00e9 affiche la capacit\u00e9, la tension, l'heure et le courant.<\/li>\n<li>Taille de charge (0,2A - 2,0A) et de d\u00e9charge r\u00e9glable (0,1A - 1,0A)<\/li>\n<li>Choix entre 5 programmes en fonction de l'utilisation de la batterie<\/li>\n<\/ul>","protected":false},"featured_media":17382,"comment_status":"closed","ping_status":"closed","template":"","meta":{"_seopress_robots_primary_cat":"","_seopress_titles_title":"","_seopress_titles_desc":"","_seopress_robots_index":""},"product_brand":[],"product_cat":[193,19,42],"product_tag":[],"class_list":{"0":"post-17381","1":"product","2":"type-product","3":"status-publish","4":"has-post-thumbnail","6":"product_cat-batterijladers","7":"product_cat-producten","8":"product_cat-toebehoren","10":"first","11":"instock","12":"taxable","13":"shipping-taxable","14":"purchasable","15":"product-type-simple"},"_links":{"self":[{"href":"https:\/\/ledshoponline.be\/fr\/wp-json\/wp\/v2\/product\/17381","targetHints":{"allow":["GET"]}}],"collection":[{"href":"https:\/\/ledshoponline.be\/fr\/wp-json\/wp\/v2\/product"}],"about":[{"href":"https:\/\/ledshoponline.be\/fr\/wp-json\/wp\/v2\/types\/product"}],"replies":[{"embeddable":true,"href":"https:\/\/ledshoponline.be\/fr\/wp-json\/wp\/v2\/comments?post=17381"}],"version-history":[{"count":0,"href":"https:\/\/ledshoponline.be\/fr\/wp-json\/wp\/v2\/product\/17381\/revisions"}],"wp:featuredmedia":[{"embeddable":true,"href":"https:\/\/ledshoponline.be\/fr\/wp-json\/wp\/v2\/media\/17382"}],"wp:attachment":[{"href":"https:\/\/ledshoponline.be\/fr\/wp-json\/wp\/v2\/media?parent=17381"}],"wp:term":[{"taxonomy":"product_brand","embeddable":true,"href":"https:\/\/ledshoponline.be\/fr\/wp-json\/wp\/v2\/product_brand?post=17381"},{"taxonomy":"product_cat","embeddable":true,"href":"https:\/\/ledshoponline.be\/fr\/wp-json\/wp\/v2\/product_cat?post=17381"},{"taxonomy":"product_tag","embeddable":true,"href":"https:\/\/ledshoponline.be\/fr\/wp-json\/wp\/v2\/product_tag?post=17381"}],"curies":[{"name":"wp","href":"https:\/\/api.w.org\/{rel}","templated":true}]}}