{"id":17379,"date":"2021-01-09T17:04:11","date_gmt":"2021-01-09T17:04:11","guid":{"rendered":"https:\/\/hlncaxea.a2hosted.com\/?post_type=product&#038;p=17379"},"modified":"2025-03-09T19:40:37","modified_gmt":"2025-03-09T19:40:37","slug":"chargeur-de-batterie-professionnel-powerex-turbo-chargeur-analyseur-pour-8-batteries-aa-aaa-2","status":"publish","type":"product","link":"https:\/\/ledshoponline.be\/fr\/shop\/producten\/toebehoren\/batterijladers\/professionele-powerex-batterijlader-turbo-lader-analyzer-voor-8-aa-aaa-batterijen\/","title":{"rendered":"Chargeur de batterie professionnel Powerex turbo chargeur \/ analyseur pour 8 piles AA\/AAA"},"content":{"rendered":"<p>Il s'agit d'un\u00a0<strong>Produit de marque Powerex, donc pas un clone<\/strong>!!<\/p>\n<ul>\n<li>8 stations de charge ind\u00e9pendantes pour 1 \u00e0 8 AA et AAA NiMH\/NiCD<\/li>\n<li>Mode de charge turbo (2000mAh) pour une charge rapide<\/li>\n<li>Syst\u00e8me thermique maintenant la temp\u00e9rature de la batterie \u00e0 un niveau bas pendant la charge<\/li>\n<li>Fonction permettant de prolonger la dur\u00e9e de vie des piles usag\u00e9es<\/li>\n<li>Grand \u00e9cran LCD indiquant l'\u00e9tat de l'appareil<\/li>\n<li>Piles non incluses<\/li>\n<\/ul>\n<p><strong>\u00a0Le Maha Powerex est livr\u00e9 SANS piles !<\/strong><\/p>\n<p><strong>Garantie de 3 ans<\/strong><\/p>","protected":false},"excerpt":{"rendered":"<p>Dit is een\u00a0Powerex merk product dus geen kloon!! 8 onafhankelijke laadstations voor 1 tot 8 AA en AAA NiMH\/NiCD Turbo<\/p>","protected":false},"featured_media":17380,"comment_status":"closed","ping_status":"closed","template":"","meta":{"_seopress_robots_primary_cat":"","_seopress_titles_title":"","_seopress_titles_desc":"","_seopress_robots_index":""},"product_brand":[],"product_cat":[193,19],"product_tag":[],"class_list":{"0":"post-17379","1":"product","2":"type-product","3":"status-publish","4":"has-post-thumbnail","6":"product_cat-batterijladers","7":"product_cat-producten","9":"first","10":"instock","11":"taxable","12":"shipping-taxable","13":"purchasable","14":"product-type-simple"},"_links":{"self":[{"href":"https:\/\/ledshoponline.be\/fr\/wp-json\/wp\/v2\/product\/17379","targetHints":{"allow":["GET"]}}],"collection":[{"href":"https:\/\/ledshoponline.be\/fr\/wp-json\/wp\/v2\/product"}],"about":[{"href":"https:\/\/ledshoponline.be\/fr\/wp-json\/wp\/v2\/types\/product"}],"replies":[{"embeddable":true,"href":"https:\/\/ledshoponline.be\/fr\/wp-json\/wp\/v2\/comments?post=17379"}],"version-history":[{"count":0,"href":"https:\/\/ledshoponline.be\/fr\/wp-json\/wp\/v2\/product\/17379\/revisions"}],"wp:featuredmedia":[{"embeddable":true,"href":"https:\/\/ledshoponline.be\/fr\/wp-json\/wp\/v2\/media\/17380"}],"wp:attachment":[{"href":"https:\/\/ledshoponline.be\/fr\/wp-json\/wp\/v2\/media?parent=17379"}],"wp:term":[{"taxonomy":"product_brand","embeddable":true,"href":"https:\/\/ledshoponline.be\/fr\/wp-json\/wp\/v2\/product_brand?post=17379"},{"taxonomy":"product_cat","embeddable":true,"href":"https:\/\/ledshoponline.be\/fr\/wp-json\/wp\/v2\/product_cat?post=17379"},{"taxonomy":"product_tag","embeddable":true,"href":"https:\/\/ledshoponline.be\/fr\/wp-json\/wp\/v2\/product_tag?post=17379"}],"curies":[{"name":"wp","href":"https:\/\/api.w.org\/{rel}","templated":true}]}}