{"id":17375,"date":"2013-09-23T12:08:26","date_gmt":"2013-09-23T12:08:26","guid":{"rendered":"https:\/\/hlncaxea.a2hosted.com\/?post_type=product&#038;p=17375"},"modified":"2025-10-27T16:17:21","modified_gmt":"2025-10-27T16:17:21","slug":"chargeur-de-batterie-professionnel-avec-8-stations-de-charge-independantes-2","status":"publish","type":"product","link":"https:\/\/ledshoponline.be\/fr\/shop\/producten\/toebehoren\/batterijladers\/professionele-batterijlader-met-8-onafhankelijke-laadstations-2\/","title":{"rendered":"Chargeur de batterie professionnel avec 8 stations de charge ind\u00e9pendantes"},"content":{"rendered":"<p>Il s'agit d'un\u00a0<strong>Produit de marque Powerex, donc pas un clone<\/strong>!!<\/p>\n<p>Chargeur de batterie compact \/ chargeur rapide pour 8 piles AA\/AAA avec LCD.<\/p>\n<p><strong>Caract\u00e9ristiques :<\/strong><br \/>\n- Recharge toutes les combinaisons de 1 \u00e0 8 piles AA\/AAA ind\u00e9pendamment les unes des autres<br \/>\n- Convient \u00e0 toutes les piles rechargeables NiCd et NiMh.<br \/>\n- Temps de charge normal d'environ 2 heures, ind\u00e9pendamment du nombre de piles ins\u00e9r\u00e9es<br \/>\n- Le mode SOFT permet de charger les batteries plus lentement pour une dur\u00e9e de vie plus longue.<br \/>\n- L'\u00e9cran LCD indique l'\u00e9tat de chaque batterie par les mentions \"CONDITION\", \"CHARGE\" et \"DONE\".<br \/>\n- Le programme de conditionnement int\u00e9gr\u00e9 peut \u00eatre activ\u00e9 par simple pression d'un bouton. Ce programme charge et d\u00e9charge automatiquement les batteries plusieurs fois pour atteindre des niveaux optimaux.<br \/>\n- R\u00e9duit les effets sur la m\u00e9moire<br \/>\n- Contr\u00f4le \u00b5C de haute pr\u00e9cision, avec une pr\u00e9cision de 0,001V<br \/>\n- Adaptateur 110\/220V commut\u00e9 - utilisable dans le monde entier via un onduleur appropri\u00e9.<br \/>\n- D\u00e9tection de la mauvaise orientation de la batterie<br \/>\n- D\u00e9tection des piles alcalines<br \/>\n- D\u00e9tection des courts-circuits<br \/>\n- Garantie de 3 ans<\/p>\n<p><strong>Sp\u00e9cifications :<\/strong><br \/>\n- Chargement rapide : ~2 heures avec 1000mA (AA), 700mA (AAA)<br \/>\n- Chargement standard : ~4 heures avec 500mA (AA), 350mA (AAA)<br \/>\n- Courant de d\u00e9charge (pendant le programme sp\u00e9cial) : 250mA<\/p>\n<p>Les piles ne sont pas incluses.<\/p>","protected":false},"excerpt":{"rendered":"<ul>\n<li>8 stations de charge ind\u00e9pendantes pour 1 \u00e0 8 AA et AAA NiMH\/NiCD<\/li>\n<li>Un grand \u00e9cran LCD r\u00e9tro\u00e9clair\u00e9 indique l'\u00e9tat de chaque batterie.<\/li>\n<li>Chargement rapide : 1-2h<\/li>\n<li>Chargement normal : 3-4h<\/li>\n<\/ul>","protected":false},"featured_media":630335,"comment_status":"closed","ping_status":"closed","template":"","meta":{"_seopress_robots_primary_cat":"none","_seopress_titles_title":"","_seopress_titles_desc":"","_seopress_robots_index":""},"product_brand":[],"product_cat":[193,19],"product_tag":[],"class_list":{"0":"post-17375","1":"product","2":"type-product","3":"status-publish","4":"has-post-thumbnail","6":"product_cat-batterijladers","7":"product_cat-producten","9":"first","10":"instock","11":"taxable","12":"shipping-taxable","13":"purchasable","14":"product-type-simple"},"_links":{"self":[{"href":"https:\/\/ledshoponline.be\/fr\/wp-json\/wp\/v2\/product\/17375","targetHints":{"allow":["GET"]}}],"collection":[{"href":"https:\/\/ledshoponline.be\/fr\/wp-json\/wp\/v2\/product"}],"about":[{"href":"https:\/\/ledshoponline.be\/fr\/wp-json\/wp\/v2\/types\/product"}],"replies":[{"embeddable":true,"href":"https:\/\/ledshoponline.be\/fr\/wp-json\/wp\/v2\/comments?post=17375"}],"version-history":[{"count":2,"href":"https:\/\/ledshoponline.be\/fr\/wp-json\/wp\/v2\/product\/17375\/revisions"}],"predecessor-version":[{"id":630337,"href":"https:\/\/ledshoponline.be\/fr\/wp-json\/wp\/v2\/product\/17375\/revisions\/630337"}],"wp:featuredmedia":[{"embeddable":true,"href":"https:\/\/ledshoponline.be\/fr\/wp-json\/wp\/v2\/media\/630335"}],"wp:attachment":[{"href":"https:\/\/ledshoponline.be\/fr\/wp-json\/wp\/v2\/media?parent=17375"}],"wp:term":[{"taxonomy":"product_brand","embeddable":true,"href":"https:\/\/ledshoponline.be\/fr\/wp-json\/wp\/v2\/product_brand?post=17375"},{"taxonomy":"product_cat","embeddable":true,"href":"https:\/\/ledshoponline.be\/fr\/wp-json\/wp\/v2\/product_cat?post=17375"},{"taxonomy":"product_tag","embeddable":true,"href":"https:\/\/ledshoponline.be\/fr\/wp-json\/wp\/v2\/product_tag?post=17375"}],"curies":[{"name":"wp","href":"https:\/\/api.w.org\/{rel}","templated":true}]}}