{"id":17362,"date":"2013-09-23T11:42:45","date_gmt":"2013-09-23T11:42:45","guid":{"rendered":"https:\/\/hlncaxea.a2hosted.com\/?post_type=product&#038;p=17362"},"modified":"2025-06-29T17:46:08","modified_gmt":"2025-06-29T17:46:08","slug":"batteries-rechargeables-powerex-aa-12v-2600mah-nimh-4-pretes-a-lemploi","status":"publish","type":"product","link":"https:\/\/ledshoponline.be\/fr\/shop\/producten\/toebehoren\/batterijen\/herlaadbare-powerex-aa-batterijen-12v-2600mah-nimh-4-stuks-gebruiksklaar\/","title":{"rendered":"Piles rechargeables Powerex AA - 1.2V 2600mAh - NiMH - 4 pi\u00e8ces - Pr\u00eates \u00e0 l'emploi"},"content":{"rendered":"","protected":false},"excerpt":{"rendered":"<ul>\n<li>Haute qualit\u00e9<\/li>\n<li>Tension : 1,2V<\/li>\n<li>Capacit\u00e9 : 2600mAh<\/li>\n<li>Dimensions : 15x50mm<\/li>\n<li>4 unit\u00e9s<\/li>\n<li>Les batteries Powerex conservent leur capacit\u00e9 lorsqu'elles ne sont pas utilis\u00e9es pendant une longue p\u00e9riode.<\/li>\n<li>Rechargeable jusqu'\u00e0 1000 fois<\/li>\n<li>Pr\u00eat \u00e0 l'emploi<\/li>\n<\/ul>","protected":false},"featured_media":17363,"comment_status":"closed","ping_status":"closed","template":"","meta":{"_seopress_robots_primary_cat":"none","_seopress_titles_title":"","_seopress_titles_desc":"","_seopress_robots_index":""},"product_brand":[],"product_cat":[189,19],"product_tag":[],"class_list":{"0":"post-17362","1":"product","2":"type-product","3":"status-publish","4":"has-post-thumbnail","6":"product_cat-batterijen","7":"product_cat-producten","9":"first","10":"instock","11":"sale","12":"taxable","13":"shipping-taxable","14":"purchasable","15":"product-type-simple"},"_links":{"self":[{"href":"https:\/\/ledshoponline.be\/fr\/wp-json\/wp\/v2\/product\/17362","targetHints":{"allow":["GET"]}}],"collection":[{"href":"https:\/\/ledshoponline.be\/fr\/wp-json\/wp\/v2\/product"}],"about":[{"href":"https:\/\/ledshoponline.be\/fr\/wp-json\/wp\/v2\/types\/product"}],"replies":[{"embeddable":true,"href":"https:\/\/ledshoponline.be\/fr\/wp-json\/wp\/v2\/comments?post=17362"}],"version-history":[{"count":1,"href":"https:\/\/ledshoponline.be\/fr\/wp-json\/wp\/v2\/product\/17362\/revisions"}],"predecessor-version":[{"id":597264,"href":"https:\/\/ledshoponline.be\/fr\/wp-json\/wp\/v2\/product\/17362\/revisions\/597264"}],"wp:featuredmedia":[{"embeddable":true,"href":"https:\/\/ledshoponline.be\/fr\/wp-json\/wp\/v2\/media\/17363"}],"wp:attachment":[{"href":"https:\/\/ledshoponline.be\/fr\/wp-json\/wp\/v2\/media?parent=17362"}],"wp:term":[{"taxonomy":"product_brand","embeddable":true,"href":"https:\/\/ledshoponline.be\/fr\/wp-json\/wp\/v2\/product_brand?post=17362"},{"taxonomy":"product_cat","embeddable":true,"href":"https:\/\/ledshoponline.be\/fr\/wp-json\/wp\/v2\/product_cat?post=17362"},{"taxonomy":"product_tag","embeddable":true,"href":"https:\/\/ledshoponline.be\/fr\/wp-json\/wp\/v2\/product_tag?post=17362"}],"curies":[{"name":"wp","href":"https:\/\/api.w.org\/{rel}","templated":true}]}}