{"id":17312,"date":"2013-08-10T12:21:22","date_gmt":"2013-08-10T12:21:22","guid":{"rendered":"https:\/\/hlncaxea.a2hosted.com\/?post_type=product&#038;p=17312"},"modified":"2025-03-09T19:40:32","modified_gmt":"2025-03-09T19:40:32","slug":"lampe-loupe-led-avec-support-de-table","status":"publish","type":"product","link":"https:\/\/ledshoponline.be\/fr\/shop\/producten\/gereedschap\/led-werklamp-zaklamp\/led-loupelamp-met-tafelstandaard\/","title":{"rendered":"Lampe loupe LED avec support de table"},"content":{"rendered":"<p><span style=\"line-height: 1.5em;\"><img decoding=\"async\" class=\"size-full wp-image-17311\" src=\"https:\/\/ledshoponline.be\/wp-content\/uploads\/2013\/08\/check_mark_classic.jpg\" alt=\"\" width=\"9\" height=\"10\" \/>\u00a0Dimensions de la loupe : diam\u00e8tre - 5 pouces (125 mm)<\/span><\/p>\n<p><span style=\"line-height: 1.5em;\"><img decoding=\"async\" class=\"size-full wp-image-17311\" src=\"https:\/\/ledshoponline.be\/wp-content\/uploads\/2013\/08\/check_mark_classic.jpg\" alt=\"\" width=\"9\" height=\"10\" \/>\u00a0Dioptrie : 3 dioptries - 5 dioptries - 8 dioptries<\/span><\/p>\n<p><span style=\"line-height: 1.5em;\"><img decoding=\"async\" class=\"size-full wp-image-17311\" src=\"https:\/\/ledshoponline.be\/wp-content\/uploads\/2013\/08\/check_mark_classic.jpg\" alt=\"\" width=\"9\" height=\"10\" \/>\u00a0Nombre de LED : 48 LED blanches<\/span><\/p>\n<p><span style=\"line-height: 1.5em;\"><img decoding=\"async\" class=\"size-full wp-image-17311\" src=\"https:\/\/ledshoponline.be\/wp-content\/uploads\/2013\/08\/check_mark_classic.jpg\" alt=\"\" width=\"9\" height=\"10\" \/>\u00a0Couleur : blanc<\/span><\/p>\n<p><span style=\"line-height: 1.5em;\"><img decoding=\"async\" class=\"size-full wp-image-17311\" src=\"https:\/\/ledshoponline.be\/wp-content\/uploads\/2013\/08\/check_mark_classic.jpg\" alt=\"\" width=\"9\" height=\"10\" \/>\u00a0Longueur du bras : 33cm<\/span><\/p>\n<p><span style=\"line-height: 1.5em;\"><img decoding=\"async\" class=\"size-full wp-image-17311\" src=\"https:\/\/ledshoponline.be\/wp-content\/uploads\/2013\/08\/check_mark_classic.jpg\" alt=\"\" width=\"9\" height=\"10\" \/>\u00a0Poids : 2500g<\/span><\/p>\n<p><span style=\"line-height: 1.5em;\"><img decoding=\"async\" class=\"size-full wp-image-17311\" src=\"https:\/\/ledshoponline.be\/wp-content\/uploads\/2013\/08\/check_mark_classic.jpg\" alt=\"\" width=\"9\" height=\"10\" \/>\u00a0230VAC \/ 5W<\/span><\/p>\n<p><span style=\"line-height: 1.5em;\"><img decoding=\"async\" class=\"size-full wp-image-17311\" src=\"https:\/\/ledshoponline.be\/wp-content\/uploads\/2013\/08\/check_mark_classic.jpg\" alt=\"\" width=\"9\" height=\"10\" \/>\u00a0Avec support de table<\/span><\/p>","protected":false},"excerpt":{"rendered":"<p>Lampe loupe LED de haute qualit\u00e9, \u00e9clair\u00e9e par 48 LED blanches. Id\u00e9ale pour un travail extr\u00eamement pr\u00e9cis gr\u00e2ce \u00e0 un grossissement de 3 - 5 ou 8 dioptries. 3 grossissements diff\u00e9rents inclus.<\/p>","protected":false},"featured_media":17313,"comment_status":"closed","ping_status":"closed","template":"","meta":{"_seopress_robots_primary_cat":"","_seopress_titles_title":"","_seopress_titles_desc":"","_seopress_robots_index":""},"product_brand":[],"product_cat":[176,19],"product_tag":[178],"class_list":{"0":"post-17312","1":"product","2":"type-product","3":"status-publish","4":"has-post-thumbnail","6":"product_cat-led-werklamp-zaklamp","7":"product_cat-producten","8":"product_tag-led-loupe","10":"first","11":"instock","12":"taxable","13":"shipping-taxable","14":"purchasable","15":"product-type-simple"},"_links":{"self":[{"href":"https:\/\/ledshoponline.be\/fr\/wp-json\/wp\/v2\/product\/17312","targetHints":{"allow":["GET"]}}],"collection":[{"href":"https:\/\/ledshoponline.be\/fr\/wp-json\/wp\/v2\/product"}],"about":[{"href":"https:\/\/ledshoponline.be\/fr\/wp-json\/wp\/v2\/types\/product"}],"replies":[{"embeddable":true,"href":"https:\/\/ledshoponline.be\/fr\/wp-json\/wp\/v2\/comments?post=17312"}],"version-history":[{"count":0,"href":"https:\/\/ledshoponline.be\/fr\/wp-json\/wp\/v2\/product\/17312\/revisions"}],"wp:featuredmedia":[{"embeddable":true,"href":"https:\/\/ledshoponline.be\/fr\/wp-json\/wp\/v2\/media\/17313"}],"wp:attachment":[{"href":"https:\/\/ledshoponline.be\/fr\/wp-json\/wp\/v2\/media?parent=17312"}],"wp:term":[{"taxonomy":"product_brand","embeddable":true,"href":"https:\/\/ledshoponline.be\/fr\/wp-json\/wp\/v2\/product_brand?post=17312"},{"taxonomy":"product_cat","embeddable":true,"href":"https:\/\/ledshoponline.be\/fr\/wp-json\/wp\/v2\/product_cat?post=17312"},{"taxonomy":"product_tag","embeddable":true,"href":"https:\/\/ledshoponline.be\/fr\/wp-json\/wp\/v2\/product_tag?post=17312"}],"curies":[{"name":"wp","href":"https:\/\/api.w.org\/{rel}","templated":true}]}}