{"id":17302,"date":"2013-08-10T12:13:10","date_gmt":"2013-08-10T12:13:10","guid":{"rendered":"https:\/\/hlncaxea.a2hosted.com\/?post_type=product&#038;p=17302"},"modified":"2025-03-09T19:40:31","modified_gmt":"2025-03-09T19:40:31","slug":"lampe-loupe-led","status":"publish","type":"product","link":"https:\/\/ledshoponline.be\/fr\/shop\/producten\/gereedschap\/led-werklamp-zaklamp\/led-loupelamp\/","title":{"rendered":"Lampe loupe LED 5-8 dioptries 48 LED SMD"},"content":{"rendered":"<p>Lampe loupe LED de haute qualit\u00e9, \u00e9clair\u00e9e par 48 LED blanches. Id\u00e9ale pour les travaux de pr\u00e9cision gr\u00e2ce \u00e0 un grossissement de 5 \u00e0 8 dioptries.<\/p>\n<ul>\n<li>\u00a0<span style=\"line-height: 1.5em;\">Dimensions de la loupe : diam\u00e8tre - 5 pouces (125 mm)<\/span><\/li>\n<li>Dioptrie : 5-8 dioptries<\/li>\n<li>Nombre de LED : 48 LED blanches 432lm, 1488 Lux<\/li>\n<li>Couleur : blanc<\/li>\n<li>Longueur du bras : 80cm<\/li>\n<li>Poids : 2600g<\/li>\n<li>230VAC \/ 5W<\/li>\n<\/ul>\n<p><span style=\"line-height: 1.5em;\">\u00a0Fixation \u00e0 l'aide d'un tendeur<\/span><\/p>","protected":false},"excerpt":{"rendered":"<p>Lampe loupe LED de haute qualit\u00e9, \u00e9clair\u00e9e par 48 LED blanches. Id\u00e9ale pour les travaux de pr\u00e9cision gr\u00e2ce \u00e0 un grossissement de 5 \u00e0 8 dioptries.<\/p>","protected":false},"featured_media":17303,"comment_status":"closed","ping_status":"closed","template":"","meta":{"_seopress_robots_primary_cat":"","_seopress_titles_title":"","_seopress_titles_desc":"","_seopress_robots_index":""},"product_brand":[],"product_cat":[128,176,19],"product_tag":[177],"class_list":{"0":"post-17302","1":"product","2":"type-product","3":"status-publish","4":"has-post-thumbnail","6":"product_cat-gereedschap","7":"product_cat-led-werklamp-zaklamp","8":"product_cat-producten","9":"product_tag-led-loupelamp","11":"first","12":"instock","13":"taxable","14":"shipping-taxable","15":"purchasable","16":"product-type-simple"},"_links":{"self":[{"href":"https:\/\/ledshoponline.be\/fr\/wp-json\/wp\/v2\/product\/17302","targetHints":{"allow":["GET"]}}],"collection":[{"href":"https:\/\/ledshoponline.be\/fr\/wp-json\/wp\/v2\/product"}],"about":[{"href":"https:\/\/ledshoponline.be\/fr\/wp-json\/wp\/v2\/types\/product"}],"replies":[{"embeddable":true,"href":"https:\/\/ledshoponline.be\/fr\/wp-json\/wp\/v2\/comments?post=17302"}],"version-history":[{"count":0,"href":"https:\/\/ledshoponline.be\/fr\/wp-json\/wp\/v2\/product\/17302\/revisions"}],"wp:featuredmedia":[{"embeddable":true,"href":"https:\/\/ledshoponline.be\/fr\/wp-json\/wp\/v2\/media\/17303"}],"wp:attachment":[{"href":"https:\/\/ledshoponline.be\/fr\/wp-json\/wp\/v2\/media?parent=17302"}],"wp:term":[{"taxonomy":"product_brand","embeddable":true,"href":"https:\/\/ledshoponline.be\/fr\/wp-json\/wp\/v2\/product_brand?post=17302"},{"taxonomy":"product_cat","embeddable":true,"href":"https:\/\/ledshoponline.be\/fr\/wp-json\/wp\/v2\/product_cat?post=17302"},{"taxonomy":"product_tag","embeddable":true,"href":"https:\/\/ledshoponline.be\/fr\/wp-json\/wp\/v2\/product_tag?post=17302"}],"curies":[{"name":"wp","href":"https:\/\/api.w.org\/{rel}","templated":true}]}}