{"id":17264,"date":"2013-04-29T12:19:53","date_gmt":"2013-04-29T12:19:53","guid":{"rendered":"https:\/\/hlncaxea.a2hosted.com\/?post_type=product&#038;p=17264"},"modified":"2025-03-09T19:40:30","modified_gmt":"2025-03-09T19:40:30","slug":"alimentation-led-24v-100w-meanwell-lpv-100-24-m","status":"publish","type":"product","link":"https:\/\/ledshoponline.be\/fr\/shop\/producten\/toebehoren\/12v-24v-led-trafos\/led-voeding-24v-100w-meanwell-lpv-100-24-m\/","title":{"rendered":"Alimentation LED - 24V 100W - Meanwell"},"content":{"rendered":"<p>Tension d'entr\u00e9e : 100-240VAC, 50~60Hz<br \/>\n- protection contre les courts-circuits \/ protection contre les surtensions \/ protection contre les surcharges<br \/>\n- Bo\u00eetier en plastique enti\u00e8rement isol\u00e9 IP67<br \/>\n- refroidissement<br \/>\n- Tension de sortie : 24V<br \/>\n- R\u00e9glage de la tension DC : 24 - 29VDC<br \/>\n- Courant de sortie : 4,2A<br \/>\n- Puissance de sortie : 100W<br \/>\n- Ondulation et bruit : 150mVp-p<br \/>\n- Efficacit\u00e9 : 88%<br \/>\n- Dimensions : 190*52*37mm<br \/>\n- pour les applications LED<\/p>","protected":false},"excerpt":{"rendered":"<p>Alimentation LED - 24V 100W - Meanwell LPV-100-24\/M<\/p>","protected":false},"featured_media":17265,"comment_status":"closed","ping_status":"closed","template":"","meta":{"_seopress_robots_primary_cat":"","_seopress_titles_title":"","_seopress_titles_desc":"","_seopress_robots_index":""},"product_brand":[],"product_cat":[43,19,42],"product_tag":[],"class_list":{"0":"post-17264","1":"product","2":"type-product","3":"status-publish","4":"has-post-thumbnail","6":"product_cat-12v-24v-led-trafos","7":"product_cat-producten","8":"product_cat-toebehoren","10":"first","11":"instock","12":"taxable","13":"shipping-taxable","14":"purchasable","15":"product-type-simple"},"_links":{"self":[{"href":"https:\/\/ledshoponline.be\/fr\/wp-json\/wp\/v2\/product\/17264","targetHints":{"allow":["GET"]}}],"collection":[{"href":"https:\/\/ledshoponline.be\/fr\/wp-json\/wp\/v2\/product"}],"about":[{"href":"https:\/\/ledshoponline.be\/fr\/wp-json\/wp\/v2\/types\/product"}],"replies":[{"embeddable":true,"href":"https:\/\/ledshoponline.be\/fr\/wp-json\/wp\/v2\/comments?post=17264"}],"version-history":[{"count":0,"href":"https:\/\/ledshoponline.be\/fr\/wp-json\/wp\/v2\/product\/17264\/revisions"}],"wp:featuredmedia":[{"embeddable":true,"href":"https:\/\/ledshoponline.be\/fr\/wp-json\/wp\/v2\/media\/17265"}],"wp:attachment":[{"href":"https:\/\/ledshoponline.be\/fr\/wp-json\/wp\/v2\/media?parent=17264"}],"wp:term":[{"taxonomy":"product_brand","embeddable":true,"href":"https:\/\/ledshoponline.be\/fr\/wp-json\/wp\/v2\/product_brand?post=17264"},{"taxonomy":"product_cat","embeddable":true,"href":"https:\/\/ledshoponline.be\/fr\/wp-json\/wp\/v2\/product_cat?post=17264"},{"taxonomy":"product_tag","embeddable":true,"href":"https:\/\/ledshoponline.be\/fr\/wp-json\/wp\/v2\/product_tag?post=17264"}],"curies":[{"name":"wp","href":"https:\/\/api.w.org\/{rel}","templated":true}]}}