{"id":17229,"date":"2013-03-18T20:04:08","date_gmt":"2013-03-18T20:04:08","guid":{"rendered":"https:\/\/hlncaxea.a2hosted.com\/?post_type=product&#038;p=17229"},"modified":"2025-03-09T19:40:28","modified_gmt":"2025-03-09T19:40:28","slug":"profil-aluminium-modele-bas-couvercle-etroit-alupro-s1","status":"publish","type":"product","link":"https:\/\/ledshoponline.be\/fr\/shop\/producten\/led-strips\/led-strip-profielen\/aluminium-profiel-laag-model-smal-cover-alupro-s1\/","title":{"rendered":"Profil aluminium mod\u00e8le bas 1m - \u00e9troit + couvercle"},"content":{"rendered":"<p>Profil\u00e9s en aluminium<br \/>\nMat\u00e9riau : aluminium anodis\u00e9<br \/>\n- Longueur : 1m<br \/>\n- Dimensions externes : 12 mm (L) x 9 mm (H)<br \/>\n- Dimensions int\u00e9rieures : 10mm (W)<\/p>\n<p>Convient aux bandes LED d'une largeur maximale de 10 mm<\/p>","protected":false},"excerpt":{"rendered":"<p>Un mod\u00e8le bas \u00e0 profil aluminium - \u00e9troit adapt\u00e9 aux bandes LED de 10 mm, telles que les bandes LED 5050 SMD 12v &amp; 24v ( IP20 et IP44 )<br \/>\nFourni avec une couverture opale.<\/p>","protected":false},"featured_media":17230,"comment_status":"closed","ping_status":"closed","template":"","meta":{"_seopress_robots_primary_cat":"","_seopress_titles_title":"","_seopress_titles_desc":"","_seopress_robots_index":""},"product_brand":[],"product_cat":[149,150,19,42],"product_tag":[],"class_list":{"0":"post-17229","1":"product","2":"type-product","3":"status-publish","4":"has-post-thumbnail","6":"product_cat-led-strip-profielen","7":"product_cat-led-strip-profielen-toebehoren","8":"product_cat-producten","9":"product_cat-toebehoren","11":"first","12":"instock","13":"taxable","14":"shipping-taxable","15":"purchasable","16":"product-type-simple"},"_links":{"self":[{"href":"https:\/\/ledshoponline.be\/fr\/wp-json\/wp\/v2\/product\/17229","targetHints":{"allow":["GET"]}}],"collection":[{"href":"https:\/\/ledshoponline.be\/fr\/wp-json\/wp\/v2\/product"}],"about":[{"href":"https:\/\/ledshoponline.be\/fr\/wp-json\/wp\/v2\/types\/product"}],"replies":[{"embeddable":true,"href":"https:\/\/ledshoponline.be\/fr\/wp-json\/wp\/v2\/comments?post=17229"}],"version-history":[{"count":0,"href":"https:\/\/ledshoponline.be\/fr\/wp-json\/wp\/v2\/product\/17229\/revisions"}],"wp:featuredmedia":[{"embeddable":true,"href":"https:\/\/ledshoponline.be\/fr\/wp-json\/wp\/v2\/media\/17230"}],"wp:attachment":[{"href":"https:\/\/ledshoponline.be\/fr\/wp-json\/wp\/v2\/media?parent=17229"}],"wp:term":[{"taxonomy":"product_brand","embeddable":true,"href":"https:\/\/ledshoponline.be\/fr\/wp-json\/wp\/v2\/product_brand?post=17229"},{"taxonomy":"product_cat","embeddable":true,"href":"https:\/\/ledshoponline.be\/fr\/wp-json\/wp\/v2\/product_cat?post=17229"},{"taxonomy":"product_tag","embeddable":true,"href":"https:\/\/ledshoponline.be\/fr\/wp-json\/wp\/v2\/product_tag?post=17229"}],"curies":[{"name":"wp","href":"https:\/\/api.w.org\/{rel}","templated":true}]}}