{"id":17226,"date":"2013-03-18T19:52:41","date_gmt":"2013-03-18T19:52:41","guid":{"rendered":"https:\/\/hlncaxea.a2hosted.com\/?post_type=product&#038;p=17226"},"modified":"2025-03-09T19:40:28","modified_gmt":"2025-03-09T19:40:28","slug":"couvercle-en-profile-daluminium-modele-bas-modele-large","status":"publish","type":"product","link":"https:\/\/ledshoponline.be\/fr\/shop\/producten\/toebehoren\/led-strip-profielen-toebehoren\/aluminium-profielcover-laag-model-breed\/","title":{"rendered":"Profil\u00e9 en aluminium avec couvercle Mod\u00e8le bas - large"},"content":{"rendered":"<p>Profil\u00e9s en aluminium<br \/>\nMat\u00e9riau : aluminium anodis\u00e9<br \/>\n- Longueur : 200 cm<br \/>\n- Dimensions externes : 24 mm (L) x 8 mm (H)<br \/>\n- Dimensions int\u00e9rieures : 20,6 mm (l)<br \/>\nConvient aux bandes LED d'une largeur &gt; 10 mm<\/p>","protected":false},"excerpt":{"rendered":"<p>Profil\u00e9 en aluminium avec couvercle opale Mod\u00e8le bas - large pour nos bandes LED IP44, IP20<\/p>\n<p>Ne convient pas aux bandes LED de 230 V.<\/p>","protected":false},"featured_media":17227,"comment_status":"closed","ping_status":"closed","template":"","meta":{"_seopress_robots_primary_cat":"","_seopress_titles_title":"","_seopress_titles_desc":"","_seopress_robots_index":""},"product_brand":[],"product_cat":[150,149,19,42],"product_tag":[171],"class_list":{"0":"post-17226","1":"product","2":"type-product","3":"status-publish","4":"has-post-thumbnail","6":"product_cat-led-strip-profielen-toebehoren","7":"product_cat-led-strip-profielen","8":"product_cat-producten","9":"product_cat-toebehoren","10":"product_tag-led-strip-profiel","12":"first","13":"outofstock","14":"taxable","15":"shipping-taxable","16":"purchasable","17":"product-type-simple"},"_links":{"self":[{"href":"https:\/\/ledshoponline.be\/fr\/wp-json\/wp\/v2\/product\/17226","targetHints":{"allow":["GET"]}}],"collection":[{"href":"https:\/\/ledshoponline.be\/fr\/wp-json\/wp\/v2\/product"}],"about":[{"href":"https:\/\/ledshoponline.be\/fr\/wp-json\/wp\/v2\/types\/product"}],"replies":[{"embeddable":true,"href":"https:\/\/ledshoponline.be\/fr\/wp-json\/wp\/v2\/comments?post=17226"}],"version-history":[{"count":0,"href":"https:\/\/ledshoponline.be\/fr\/wp-json\/wp\/v2\/product\/17226\/revisions"}],"wp:featuredmedia":[{"embeddable":true,"href":"https:\/\/ledshoponline.be\/fr\/wp-json\/wp\/v2\/media\/17227"}],"wp:attachment":[{"href":"https:\/\/ledshoponline.be\/fr\/wp-json\/wp\/v2\/media?parent=17226"}],"wp:term":[{"taxonomy":"product_brand","embeddable":true,"href":"https:\/\/ledshoponline.be\/fr\/wp-json\/wp\/v2\/product_brand?post=17226"},{"taxonomy":"product_cat","embeddable":true,"href":"https:\/\/ledshoponline.be\/fr\/wp-json\/wp\/v2\/product_cat?post=17226"},{"taxonomy":"product_tag","embeddable":true,"href":"https:\/\/ledshoponline.be\/fr\/wp-json\/wp\/v2\/product_tag?post=17226"}],"curies":[{"name":"wp","href":"https:\/\/api.w.org\/{rel}","templated":true}]}}