{"id":17184,"date":"2012-12-01T06:18:30","date_gmt":"2012-12-01T06:18:30","guid":{"rendered":"https:\/\/hlncaxea.a2hosted.com\/?post_type=product&#038;p=17184"},"modified":"2025-03-09T19:40:26","modified_gmt":"2025-03-09T19:40:26","slug":"design-lampe-suspendue-a-2-lumieres-en-aluminium-171015","status":"publish","type":"product","link":"https:\/\/ledshoponline.be\/fr\/shop\/producten\/armaturen\/hanglampen\/design-2-lichts-led-hanglamp-aluminium-171015\/","title":{"rendered":"Design Lampe suspendue LED \u00e0 2 lumi\u00e8res aluminium"},"content":{"rendered":"<p><span class=\"Apple-style-span\" style=\"font-family: Verdana; font-size: 13px; line-height: normal;\">Lampe suspendue design \u00e0 2 lumi\u00e8res, pour un prix particuli\u00e8rement bas ; un contrepoint aux lampes halog\u00e8nes fragiles. Solide, pratique et au look scandinave.<\/span><\/p>\n<p><span class=\"Apple-style-span\" style=\"font-family: Verdana; font-size: 13px; line-height: normal; color: #000000;\">Il s'int\u00e8gre \u00e9galement parfaitement dans un int\u00e9rieur contemporain classique ou avec des meubles anciens.\u00a0<br style=\"font-family: Verdana;\" \/><br style=\"font-family: Verdana;\" \/>Cette lampe des ann\u00e9es 1960 est dot\u00e9e d'un robuste aluminium mat ponc\u00e9.\u00a0<\/span><span class=\"Apple-style-span\" style=\"font-family: Verdana;\">Le chapeau du r\u00e9flecteur est sym\u00e9trique \u00e0 la base et au sommet.\u00a0<\/span><\/p>\n<p><span class=\"Apple-style-span\" style=\"font-family: Verdana; font-size: 13px; line-height: normal; color: #000000;\"><br style=\"font-family: Verdana;\" \/><strong>incl. 2x lampes led 2x5w remplace 2x40W<\/strong><\/span><\/p>\n<p>L'int\u00e9rieur blanc refl\u00e8te la lumi\u00e8re de telle sorte qu'elle brille pratiquement sans ombre sur la table.<br style=\"font-family: Verdana;\" \/><br style=\"font-family: Verdana;\" \/>Une jolie lampe suspendue \u00e0 2 lumi\u00e8res avec des abat-jours ronds en aluminium. Les 2 abat-jours sont suspendus \u00e0 une poutre de plafond \u00e9troite et \u00e9l\u00e9gante en aluminium. L'int\u00e9rieur de l'abat-jour est blanc.<\/p>\n<p><span class=\"Apple-style-span\" style=\"font-family: Verdana; font-size: 13px; line-height: normal; color: #000000;\"><strong style=\"font-family: Verdana, Arial, Helvetica, sans-serif; font-size: 12px; line-height: 18px;\">Dimensions :<\/strong><\/span><\/p>\n<p><span class=\"Apple-style-span\" style=\"font-family: Verdana; font-size: 13px; line-height: normal; color: #000000;\"><span class=\"Apple-style-span\" style=\"font-family: Verdana, Arial, Helvetica, sans-serif; font-size: 12px; line-height: 18px;\"><br \/>\n<strong>Hauteur :<\/strong> max. 120cm.<br \/>\n<strong>Largeur :<\/strong> 105cm.<br \/>\n<strong>Profondeur :<\/strong> 33cm.<br \/>\n<strong>Cap :<\/strong> Diam\u00e8tre : 33 cm, hauteur : 19 cm.<br \/>\n<strong>Poutre de plafond :<\/strong> hauteur : 4cm, largeur : 98cm, profondeur : 5cm.<\/span><\/span><\/p>","protected":false},"excerpt":{"rendered":"<p>Design Lampe suspendue LED \u00e0 2 lumi\u00e8res aluminium 171015<\/p>","protected":false},"featured_media":17185,"comment_status":"closed","ping_status":"closed","template":"","meta":{"_seopress_robots_primary_cat":"","_seopress_titles_title":"","_seopress_titles_desc":"","_seopress_robots_index":""},"product_brand":[],"product_cat":[87,170],"product_tag":[],"class_list":{"0":"post-17184","1":"product","2":"type-product","3":"status-publish","4":"has-post-thumbnail","6":"product_cat-armaturen","7":"product_cat-hanglampen","9":"first","10":"outofstock","11":"taxable","12":"shipping-taxable","13":"purchasable","14":"product-type-simple"},"_links":{"self":[{"href":"https:\/\/ledshoponline.be\/fr\/wp-json\/wp\/v2\/product\/17184","targetHints":{"allow":["GET"]}}],"collection":[{"href":"https:\/\/ledshoponline.be\/fr\/wp-json\/wp\/v2\/product"}],"about":[{"href":"https:\/\/ledshoponline.be\/fr\/wp-json\/wp\/v2\/types\/product"}],"replies":[{"embeddable":true,"href":"https:\/\/ledshoponline.be\/fr\/wp-json\/wp\/v2\/comments?post=17184"}],"version-history":[{"count":0,"href":"https:\/\/ledshoponline.be\/fr\/wp-json\/wp\/v2\/product\/17184\/revisions"}],"wp:featuredmedia":[{"embeddable":true,"href":"https:\/\/ledshoponline.be\/fr\/wp-json\/wp\/v2\/media\/17185"}],"wp:attachment":[{"href":"https:\/\/ledshoponline.be\/fr\/wp-json\/wp\/v2\/media?parent=17184"}],"wp:term":[{"taxonomy":"product_brand","embeddable":true,"href":"https:\/\/ledshoponline.be\/fr\/wp-json\/wp\/v2\/product_brand?post=17184"},{"taxonomy":"product_cat","embeddable":true,"href":"https:\/\/ledshoponline.be\/fr\/wp-json\/wp\/v2\/product_cat?post=17184"},{"taxonomy":"product_tag","embeddable":true,"href":"https:\/\/ledshoponline.be\/fr\/wp-json\/wp\/v2\/product_tag?post=17184"}],"curies":[{"name":"wp","href":"https:\/\/api.w.org\/{rel}","templated":true}]}}