{"id":17113,"date":"2012-06-04T06:17:21","date_gmt":"2012-06-04T06:17:21","guid":{"rendered":"https:\/\/hlncaxea.a2hosted.com\/?post_type=product&#038;p=17113"},"modified":"2025-03-09T19:40:22","modified_gmt":"2025-03-09T19:40:22","slug":"mini-gu10-dimmable-45w-mingu-2","status":"publish","type":"product","link":"https:\/\/ledshoponline.be\/fr\/shop\/producten\/led-spots\/led-spot-gu10-230v\/mini-gu10-dimbaar-45w-mingu\/","title":{"rendered":"Mini spot LED GU10 35mm dimmable blanc chaud 290LM"},"content":{"rendered":"<p><img decoding=\"async\" class=\"alignnone wp-image-72277 size-full\" src=\"https:\/\/ledshoponline.be\/wp-content\/uploads\/2012\/06\/mini-gu10-led-spot.jpg\" alt=\"\" width=\"669\" height=\"185\"><\/p>","protected":false},"excerpt":{"rendered":"<p>Nouveau : un mini spot LED GU10 (GU11) de 35 mm de 3,6 W remplace une variante halog\u00e8ne de 40 W avec une belle lumi\u00e8re chaude. Est \u00e9galement bien dimmable. Version renouvel\u00e9e.<br \/>\nHaute luminosit\u00e9.<\/p>","protected":false},"featured_media":17114,"comment_status":"closed","ping_status":"closed","template":"","meta":{"_seopress_robots_primary_cat":"","_seopress_titles_title":"","_seopress_titles_desc":"","_seopress_robots_index":""},"product_brand":[],"product_cat":[133],"product_tag":[154,155,156],"class_list":{"0":"post-17113","1":"product","2":"type-product","3":"status-publish","4":"has-post-thumbnail","6":"product_cat-led-spot-gu10-230v","7":"product_tag-35mm","8":"product_tag-gu11","9":"product_tag-mini-led-spot","11":"first","12":"instock","13":"sale","14":"taxable","15":"shipping-taxable","16":"purchasable","17":"product-type-simple"},"_links":{"self":[{"href":"https:\/\/ledshoponline.be\/fr\/wp-json\/wp\/v2\/product\/17113","targetHints":{"allow":["GET"]}}],"collection":[{"href":"https:\/\/ledshoponline.be\/fr\/wp-json\/wp\/v2\/product"}],"about":[{"href":"https:\/\/ledshoponline.be\/fr\/wp-json\/wp\/v2\/types\/product"}],"replies":[{"embeddable":true,"href":"https:\/\/ledshoponline.be\/fr\/wp-json\/wp\/v2\/comments?post=17113"}],"version-history":[{"count":0,"href":"https:\/\/ledshoponline.be\/fr\/wp-json\/wp\/v2\/product\/17113\/revisions"}],"wp:featuredmedia":[{"embeddable":true,"href":"https:\/\/ledshoponline.be\/fr\/wp-json\/wp\/v2\/media\/17114"}],"wp:attachment":[{"href":"https:\/\/ledshoponline.be\/fr\/wp-json\/wp\/v2\/media?parent=17113"}],"wp:term":[{"taxonomy":"product_brand","embeddable":true,"href":"https:\/\/ledshoponline.be\/fr\/wp-json\/wp\/v2\/product_brand?post=17113"},{"taxonomy":"product_cat","embeddable":true,"href":"https:\/\/ledshoponline.be\/fr\/wp-json\/wp\/v2\/product_cat?post=17113"},{"taxonomy":"product_tag","embeddable":true,"href":"https:\/\/ledshoponline.be\/fr\/wp-json\/wp\/v2\/product_tag?post=17113"}],"curies":[{"name":"wp","href":"https:\/\/api.w.org\/{rel}","templated":true}]}}