{"id":17070,"date":"2020-12-01T19:23:01","date_gmt":"2020-12-01T19:23:01","guid":{"rendered":"https:\/\/hlncaxea.a2hosted.com\/?post_type=product&#038;p=17070"},"modified":"2025-03-09T19:40:17","modified_gmt":"2025-03-09T19:40:17","slug":"couvercle-en-profile-daluminium-modele-bas-modele-large-alupro-m1","status":"publish","type":"product","link":"https:\/\/ledshoponline.be\/fr\/shop\/producten\/led-strips\/led-strip-profielen\/aluminium-profielcover-laag-model-breed-alupro-m1\/","title":{"rendered":"Profil\u00e9 en aluminium+couverture Mod\u00e8le bas - large"},"content":{"rendered":"<p>Profil\u00e9s en aluminium<br \/>\nMat\u00e9riau : aluminium anodis\u00e9<br \/>\n- Longueur : 100cm<br \/>\n- Dimensions externes : 24 mm (L) x 8 mm (H)<br \/>\n- Dimensions int\u00e9rieures : 20,6 mm (l)<br \/>\nConvient aux bandes LED d'une largeur &gt; 10 mm<\/p>","protected":false},"excerpt":{"rendered":"<p>Profil\u00e9 aluminium+couverture Mod\u00e8le bas - large ALUPRO-M1<\/p>","protected":false},"featured_media":17071,"comment_status":"closed","ping_status":"closed","template":"","meta":{"_seopress_robots_primary_cat":"","_seopress_titles_title":"","_seopress_titles_desc":"","_seopress_robots_index":""},"product_brand":[],"product_cat":[149,150,42],"product_tag":[],"class_list":{"0":"post-17070","1":"product","2":"type-product","3":"status-publish","4":"has-post-thumbnail","6":"product_cat-led-strip-profielen","7":"product_cat-led-strip-profielen-toebehoren","8":"product_cat-toebehoren","10":"first","11":"outofstock","12":"taxable","13":"shipping-taxable","14":"purchasable","15":"product-type-simple"},"_links":{"self":[{"href":"https:\/\/ledshoponline.be\/fr\/wp-json\/wp\/v2\/product\/17070","targetHints":{"allow":["GET"]}}],"collection":[{"href":"https:\/\/ledshoponline.be\/fr\/wp-json\/wp\/v2\/product"}],"about":[{"href":"https:\/\/ledshoponline.be\/fr\/wp-json\/wp\/v2\/types\/product"}],"replies":[{"embeddable":true,"href":"https:\/\/ledshoponline.be\/fr\/wp-json\/wp\/v2\/comments?post=17070"}],"version-history":[{"count":0,"href":"https:\/\/ledshoponline.be\/fr\/wp-json\/wp\/v2\/product\/17070\/revisions"}],"wp:featuredmedia":[{"embeddable":true,"href":"https:\/\/ledshoponline.be\/fr\/wp-json\/wp\/v2\/media\/17071"}],"wp:attachment":[{"href":"https:\/\/ledshoponline.be\/fr\/wp-json\/wp\/v2\/media?parent=17070"}],"wp:term":[{"taxonomy":"product_brand","embeddable":true,"href":"https:\/\/ledshoponline.be\/fr\/wp-json\/wp\/v2\/product_brand?post=17070"},{"taxonomy":"product_cat","embeddable":true,"href":"https:\/\/ledshoponline.be\/fr\/wp-json\/wp\/v2\/product_cat?post=17070"},{"taxonomy":"product_tag","embeddable":true,"href":"https:\/\/ledshoponline.be\/fr\/wp-json\/wp\/v2\/product_tag?post=17070"}],"curies":[{"name":"wp","href":"https:\/\/api.w.org\/{rel}","templated":true}]}}