{"id":17039,"date":"2012-04-03T03:16:16","date_gmt":"2012-04-03T03:16:16","guid":{"rendered":"https:\/\/hlncaxea.a2hosted.com\/?post_type=product&#038;p=17039"},"modified":"2025-03-09T19:40:12","modified_gmt":"2025-03-09T19:40:12","slug":"jeu-de-tournevis-et-de-pinces-isoles","status":"publish","type":"product","link":"https:\/\/ledshoponline.be\/fr\/shop\/producten\/gereedschap\/klein-gereedschap\/set-van-geisoleerde-schroevendraaiers-en-tangen\/","title":{"rendered":"Jeu de tournevis et de pinces isol\u00e9s"},"content":{"rendered":"<p>- 7 pi\u00e8ces tournevis isol\u00e9s 1000V<br \/>\n(-)2,5x75mm<br \/>\n(-)3,0x100mm<br \/>\n(-)5,5x125mm<br \/>\n(-)6,5x150mm<br \/>\n(+)PH0x60mm<br \/>\n(+)PH1x80mm<br \/>\n(+)PH2x100mm<br \/>\n- 6\u2033 Pince plate isol\u00e9e<br \/>\n- 6\u2033 Couteau isol\u00e9<br \/>\n- 7\u2033 Pince combin\u00e9e isol\u00e9e<br \/>\n- Sac en nylon avec fermeture \u00e0 glissi\u00e8re<\/p>","protected":false},"excerpt":{"rendered":"<p>Jeu de tournevis et de pinces isol\u00e9s<\/p>","protected":false},"featured_media":17040,"comment_status":"closed","ping_status":"closed","template":"","meta":{"_seopress_robots_primary_cat":"","_seopress_titles_title":"","_seopress_titles_desc":"","_seopress_robots_index":""},"product_brand":[],"product_cat":[128,130],"product_tag":[],"class_list":{"0":"post-17039","1":"product","2":"type-product","3":"status-publish","4":"has-post-thumbnail","6":"product_cat-gereedschap","7":"product_cat-klein-gereedschap","9":"first","10":"outofstock","11":"taxable","12":"shipping-taxable","13":"purchasable","14":"product-type-simple"},"_links":{"self":[{"href":"https:\/\/ledshoponline.be\/fr\/wp-json\/wp\/v2\/product\/17039","targetHints":{"allow":["GET"]}}],"collection":[{"href":"https:\/\/ledshoponline.be\/fr\/wp-json\/wp\/v2\/product"}],"about":[{"href":"https:\/\/ledshoponline.be\/fr\/wp-json\/wp\/v2\/types\/product"}],"replies":[{"embeddable":true,"href":"https:\/\/ledshoponline.be\/fr\/wp-json\/wp\/v2\/comments?post=17039"}],"version-history":[{"count":0,"href":"https:\/\/ledshoponline.be\/fr\/wp-json\/wp\/v2\/product\/17039\/revisions"}],"wp:featuredmedia":[{"embeddable":true,"href":"https:\/\/ledshoponline.be\/fr\/wp-json\/wp\/v2\/media\/17040"}],"wp:attachment":[{"href":"https:\/\/ledshoponline.be\/fr\/wp-json\/wp\/v2\/media?parent=17039"}],"wp:term":[{"taxonomy":"product_brand","embeddable":true,"href":"https:\/\/ledshoponline.be\/fr\/wp-json\/wp\/v2\/product_brand?post=17039"},{"taxonomy":"product_cat","embeddable":true,"href":"https:\/\/ledshoponline.be\/fr\/wp-json\/wp\/v2\/product_cat?post=17039"},{"taxonomy":"product_tag","embeddable":true,"href":"https:\/\/ledshoponline.be\/fr\/wp-json\/wp\/v2\/product_tag?post=17039"}],"curies":[{"name":"wp","href":"https:\/\/api.w.org\/{rel}","templated":true}]}}