{"id":17021,"date":"2012-04-03T02:35:46","date_gmt":"2012-04-03T02:35:46","guid":{"rendered":"https:\/\/hlncaxea.a2hosted.com\/?post_type=product&#038;p=17021"},"modified":"2025-03-09T19:40:09","modified_gmt":"2025-03-09T19:40:09","slug":"station-de-soudage-48w-avec-affichage-digital-sps-300","status":"publish","type":"product","link":"https:\/\/ledshoponline.be\/fr\/shop\/producten\/gereedschap\/soldeer-materiaal\/soldeerstation-48w-met-digitaal-display-sps-300\/","title":{"rendered":"Station de soudure 48W avec affichage digital | 160-480\u00b0C"},"content":{"rendered":"<p>Station de soudure 48W<br>- Tension d'alimentation : 230V AC \/ 50Hz<br>- \u00c9l\u00e9ment chauffant du fer \u00e0 souder : 48W<br>- Temp\u00e9rature : 160 - 480\u00b0C<br>- Tension du fer \u00e0 souder : 24V AC<br>- Avec \u00e9l\u00e9ment chauffant en c\u00e9ramique<br>- Boulon de rechange : SP-SOLD<br>- Points de rechange : SP-05 \/ SP-10 \/ SP-20 \/ SP-30<\/p>","protected":false},"excerpt":{"rendered":"<p>Station de soudage 48W avec \u00e9cran digital SPS-300<\/p>","protected":false},"featured_media":17022,"comment_status":"closed","ping_status":"closed","template":"","meta":{"_seopress_robots_primary_cat":"","_seopress_titles_title":"","_seopress_titles_desc":"","_seopress_robots_index":""},"product_brand":[],"product_cat":[128,129],"product_tag":[],"class_list":{"0":"post-17021","1":"product","2":"type-product","3":"status-publish","4":"has-post-thumbnail","6":"product_cat-gereedschap","7":"product_cat-soldeer-materiaal","9":"first","10":"instock","11":"taxable","12":"shipping-taxable","13":"purchasable","14":"product-type-simple"},"_links":{"self":[{"href":"https:\/\/ledshoponline.be\/fr\/wp-json\/wp\/v2\/product\/17021","targetHints":{"allow":["GET"]}}],"collection":[{"href":"https:\/\/ledshoponline.be\/fr\/wp-json\/wp\/v2\/product"}],"about":[{"href":"https:\/\/ledshoponline.be\/fr\/wp-json\/wp\/v2\/types\/product"}],"replies":[{"embeddable":true,"href":"https:\/\/ledshoponline.be\/fr\/wp-json\/wp\/v2\/comments?post=17021"}],"version-history":[{"count":0,"href":"https:\/\/ledshoponline.be\/fr\/wp-json\/wp\/v2\/product\/17021\/revisions"}],"wp:featuredmedia":[{"embeddable":true,"href":"https:\/\/ledshoponline.be\/fr\/wp-json\/wp\/v2\/media\/17022"}],"wp:attachment":[{"href":"https:\/\/ledshoponline.be\/fr\/wp-json\/wp\/v2\/media?parent=17021"}],"wp:term":[{"taxonomy":"product_brand","embeddable":true,"href":"https:\/\/ledshoponline.be\/fr\/wp-json\/wp\/v2\/product_brand?post=17021"},{"taxonomy":"product_cat","embeddable":true,"href":"https:\/\/ledshoponline.be\/fr\/wp-json\/wp\/v2\/product_cat?post=17021"},{"taxonomy":"product_tag","embeddable":true,"href":"https:\/\/ledshoponline.be\/fr\/wp-json\/wp\/v2\/product_tag?post=17021"}],"curies":[{"name":"wp","href":"https:\/\/api.w.org\/{rel}","templated":true}]}}