{"id":17019,"date":"2020-12-01T19:28:38","date_gmt":"2020-12-01T19:28:38","guid":{"rendered":"https:\/\/hlncaxea.a2hosted.com\/?post_type=product&#038;p=17019"},"modified":"2025-03-09T19:40:08","modified_gmt":"2025-03-09T19:40:08","slug":"fer-a-souder-de-precision-10w-sb-2","status":"publish","type":"product","link":"https:\/\/ledshoponline.be\/fr\/shop\/producten\/gereedschap\/soldeer-materiaal\/precisie-soldeerbout-10w-sb-10\/","title":{"rendered":"Fer \u00e0 souder de pr\u00e9cision 10W USB"},"content":{"rendered":"<p><span style=\"font-family: Verdana, Arial, Helvetica, sans-serif; font-size: 10px; font-style: normal; line-height: normal; text-align: -webkit-auto;\">Fer \u00e0 souder \u00e0 panne tr\u00e8s fine - temp\u00e9rature r\u00e9glable\u00a0<\/span><br style=\"font-size: 10px; line-height: normal; text-align: -webkit-auto;\" \/><span style=\"font-family: Verdana, Arial, Helvetica, sans-serif; font-size: 10px; font-style: normal; line-height: normal; text-align: -webkit-auto;\">- Point de temp\u00e9rature : 400-450\u00b0C\u00a0<\/span><br style=\"font-size: 10px; line-height: normal; text-align: -webkit-auto;\" \/><span style=\"font-family: Verdana, Arial, Helvetica, sans-serif; font-size: 10px; font-style: normal; line-height: normal; text-align: -webkit-auto;\">- Tension d'alimentation : Entr\u00e9e : 100-240V AC\u00a0<\/span><span style=\"font-family: Verdana, Arial, Helvetica, sans-serif; font-size: 10px; font-style: normal; line-height: normal; text-align: -webkit-auto;\">Sortie : DC5V, 2A\u00a0<\/span><br style=\"font-size: 10px; line-height: normal; text-align: -webkit-auto;\" \/><span style=\"font-family: Verdana, Arial, Helvetica, sans-serif; font-size: 10px; font-style: normal; line-height: normal; text-align: -webkit-auto;\">- Puissance du fer \u00e0 souder : 10W\u00a0<\/span><\/p>","protected":false},"excerpt":{"rendered":"<p>Fer \u00e0 souder de pr\u00e9cision 10W avec connexion USB.<\/p>","protected":false},"featured_media":17020,"comment_status":"closed","ping_status":"closed","template":"","meta":{"_seopress_robots_primary_cat":"","_seopress_titles_title":"","_seopress_titles_desc":"","_seopress_robots_index":""},"product_brand":[],"product_cat":[128,129],"product_tag":[],"class_list":{"0":"post-17019","1":"product","2":"type-product","3":"status-publish","4":"has-post-thumbnail","6":"product_cat-gereedschap","7":"product_cat-soldeer-materiaal","9":"first","10":"outofstock","11":"taxable","12":"shipping-taxable","13":"purchasable","14":"product-type-simple"},"_links":{"self":[{"href":"https:\/\/ledshoponline.be\/fr\/wp-json\/wp\/v2\/product\/17019","targetHints":{"allow":["GET"]}}],"collection":[{"href":"https:\/\/ledshoponline.be\/fr\/wp-json\/wp\/v2\/product"}],"about":[{"href":"https:\/\/ledshoponline.be\/fr\/wp-json\/wp\/v2\/types\/product"}],"replies":[{"embeddable":true,"href":"https:\/\/ledshoponline.be\/fr\/wp-json\/wp\/v2\/comments?post=17019"}],"version-history":[{"count":0,"href":"https:\/\/ledshoponline.be\/fr\/wp-json\/wp\/v2\/product\/17019\/revisions"}],"wp:featuredmedia":[{"embeddable":true,"href":"https:\/\/ledshoponline.be\/fr\/wp-json\/wp\/v2\/media\/17020"}],"wp:attachment":[{"href":"https:\/\/ledshoponline.be\/fr\/wp-json\/wp\/v2\/media?parent=17019"}],"wp:term":[{"taxonomy":"product_brand","embeddable":true,"href":"https:\/\/ledshoponline.be\/fr\/wp-json\/wp\/v2\/product_brand?post=17019"},{"taxonomy":"product_cat","embeddable":true,"href":"https:\/\/ledshoponline.be\/fr\/wp-json\/wp\/v2\/product_cat?post=17019"},{"taxonomy":"product_tag","embeddable":true,"href":"https:\/\/ledshoponline.be\/fr\/wp-json\/wp\/v2\/product_tag?post=17019"}],"curies":[{"name":"wp","href":"https:\/\/api.w.org\/{rel}","templated":true}]}}