{"id":16970,"date":"2012-02-20T21:11:28","date_gmt":"2012-02-20T21:11:28","guid":{"rendered":"https:\/\/hlncaxea.a2hosted.com\/?post_type=product&#038;p=16970"},"modified":"2025-03-09T19:39:59","modified_gmt":"2025-03-09T19:39:59","slug":"alimentation-led-12v-mean-well-320w","status":"publish","type":"product","link":"https:\/\/ledshoponline.be\/fr\/shop\/producten\/toebehoren\/12v-24v-led-dimmers\/12v-led-voeding-mean-well-320w\/","title":{"rendered":"Alimentation LED 12V Moyenne 320W"},"content":{"rendered":"<p><span style=\"font-family: verdana, geneva; font-size: 10pt;\">Bien entendu, nos lampes LED fonctionnent avec les transformateurs halog\u00e8nes existants, mais s'il est possible de remplacer les transformateurs halog\u00e8nes, nous recommandons de les remplacer par ces transformateurs LED \u00e9lectroniques. Les transformateurs halog\u00e8nes consomment beaucoup plus de courant que les transformateurs LED \u00e9lectroniques. Les nouveaux transformateurs permettent d'\u00e9conomiser encore plus d'\u00e9nergie et de tirer le meilleur parti des projecteurs LED, car ces transformateurs sont sp\u00e9cialement con\u00e7us pour les lampes LED. Ils augmentent \u00e9galement la dur\u00e9e de vie de l'\u00e9lectronique interne des lampes LED.<\/span><\/p>\n<p><strong>Sp\u00e9cifications :<\/strong><\/p>\n<ul>\n<li>Tension d'entr\u00e9e : 88-264VAC, 47~63Hz<\/li>\n<li>Protection contre les surtensions, les courts-circuits et les surcharges<\/li>\n<li>Tension de sortie : 12V<\/li>\n<li>R\u00e9glage de la tension DC : 10%<\/li>\n<li>Courant de sortie : 26,7A<\/li>\n<li>Puissance de sortie : 320,4 W<\/li>\n<li>Ondulation et bruit : 150mVp-p<\/li>\n<li>Efficacit\u00e9 : 88%<\/li>\n<li>Dimensions : 215x115x30mm<\/li>\n<li>Poids : 900g<\/li>\n<\/ul>","protected":false},"excerpt":{"rendered":"<p>Alimentation LED 12V puissance maximale 320Watt (sans charge minimale)<\/p>","protected":false},"featured_media":16971,"comment_status":"closed","ping_status":"closed","template":"","meta":{"_seopress_robots_primary_cat":"","_seopress_titles_title":"","_seopress_titles_desc":"","_seopress_robots_index":""},"product_brand":[],"product_cat":[44,43,41,42],"product_tag":[],"class_list":{"0":"post-16970","1":"product","2":"type-product","3":"status-publish","4":"has-post-thumbnail","6":"product_cat-12v-24v-led-dimmers","7":"product_cat-12v-24v-led-trafos","8":"product_cat-led-strips-toebehoren","9":"product_cat-toebehoren","11":"first","12":"instock","13":"taxable","14":"shipping-taxable","15":"purchasable","16":"product-type-simple"},"_links":{"self":[{"href":"https:\/\/ledshoponline.be\/fr\/wp-json\/wp\/v2\/product\/16970","targetHints":{"allow":["GET"]}}],"collection":[{"href":"https:\/\/ledshoponline.be\/fr\/wp-json\/wp\/v2\/product"}],"about":[{"href":"https:\/\/ledshoponline.be\/fr\/wp-json\/wp\/v2\/types\/product"}],"replies":[{"embeddable":true,"href":"https:\/\/ledshoponline.be\/fr\/wp-json\/wp\/v2\/comments?post=16970"}],"version-history":[{"count":0,"href":"https:\/\/ledshoponline.be\/fr\/wp-json\/wp\/v2\/product\/16970\/revisions"}],"wp:featuredmedia":[{"embeddable":true,"href":"https:\/\/ledshoponline.be\/fr\/wp-json\/wp\/v2\/media\/16971"}],"wp:attachment":[{"href":"https:\/\/ledshoponline.be\/fr\/wp-json\/wp\/v2\/media?parent=16970"}],"wp:term":[{"taxonomy":"product_brand","embeddable":true,"href":"https:\/\/ledshoponline.be\/fr\/wp-json\/wp\/v2\/product_brand?post=16970"},{"taxonomy":"product_cat","embeddable":true,"href":"https:\/\/ledshoponline.be\/fr\/wp-json\/wp\/v2\/product_cat?post=16970"},{"taxonomy":"product_tag","embeddable":true,"href":"https:\/\/ledshoponline.be\/fr\/wp-json\/wp\/v2\/product_tag?post=16970"}],"curies":[{"name":"wp","href":"https:\/\/api.w.org\/{rel}","templated":true}]}}