{"id":16959,"date":"2012-01-29T23:02:10","date_gmt":"2012-01-29T23:02:10","guid":{"rendered":"https:\/\/hlncaxea.a2hosted.com\/?post_type=product&#038;p=16959"},"modified":"2025-03-09T19:39:58","modified_gmt":"2025-03-09T19:39:58","slug":"applique-led-2w-2","status":"publish","type":"product","link":"https:\/\/ledshoponline.be\/fr\/shop\/producten\/armaturen\/wandlampen\/led-wandlamp-2w-170475\/","title":{"rendered":"Lampe murale \u00e0 Led 2W"},"content":{"rendered":"<p style=\"text-align: justify;\">Une belle applique ronde en aluminium avec \u00e9clairage LED.<br \/>\nLa lampe murale est dot\u00e9e d'un \u00e9clairage LED en haut et en bas.<br \/>\n\u00c9quip\u00e9 de 2 lampes LED de 1 Watt en blanc chaud, la couleur de la lumi\u00e8re incandescente de luxe 2700K.<\/p>\n<p class=\"MsoNormal\"><strong><br \/>\nDimensions :<\/strong><\/p>\n<p class=\"MsoNormal\">Diam\u00e8tre : 9 cm.<\/p>\n<p class=\"MsoNormal\"><span style=\"font-family: Verdana; font-size: 13px; font-style: normal; line-height: normal; text-align: justify; color: #000000;\">Profondeur : 3,6 cm.<\/span><\/p>","protected":false},"excerpt":{"rendered":"<p>L'ampoule murale \u00e0 leds 2W a une belle uistration sur votre mur.<br \/>\nParfaitement adapt\u00e9, par exemple, \u00e0 une suspension<\/p>","protected":false},"featured_media":16960,"comment_status":"closed","ping_status":"closed","template":"","meta":{"_seopress_robots_primary_cat":"","_seopress_titles_title":"","_seopress_titles_desc":"","_seopress_robots_index":""},"product_brand":[],"product_cat":[87,109],"product_tag":[],"class_list":{"0":"post-16959","1":"product","2":"type-product","3":"status-publish","4":"has-post-thumbnail","6":"product_cat-armaturen","7":"product_cat-wandlampen","9":"first","10":"outofstock","11":"taxable","12":"shipping-taxable","13":"purchasable","14":"product-type-simple"},"_links":{"self":[{"href":"https:\/\/ledshoponline.be\/fr\/wp-json\/wp\/v2\/product\/16959","targetHints":{"allow":["GET"]}}],"collection":[{"href":"https:\/\/ledshoponline.be\/fr\/wp-json\/wp\/v2\/product"}],"about":[{"href":"https:\/\/ledshoponline.be\/fr\/wp-json\/wp\/v2\/types\/product"}],"replies":[{"embeddable":true,"href":"https:\/\/ledshoponline.be\/fr\/wp-json\/wp\/v2\/comments?post=16959"}],"version-history":[{"count":0,"href":"https:\/\/ledshoponline.be\/fr\/wp-json\/wp\/v2\/product\/16959\/revisions"}],"wp:featuredmedia":[{"embeddable":true,"href":"https:\/\/ledshoponline.be\/fr\/wp-json\/wp\/v2\/media\/16960"}],"wp:attachment":[{"href":"https:\/\/ledshoponline.be\/fr\/wp-json\/wp\/v2\/media?parent=16959"}],"wp:term":[{"taxonomy":"product_brand","embeddable":true,"href":"https:\/\/ledshoponline.be\/fr\/wp-json\/wp\/v2\/product_brand?post=16959"},{"taxonomy":"product_cat","embeddable":true,"href":"https:\/\/ledshoponline.be\/fr\/wp-json\/wp\/v2\/product_cat?post=16959"},{"taxonomy":"product_tag","embeddable":true,"href":"https:\/\/ledshoponline.be\/fr\/wp-json\/wp\/v2\/product_tag?post=16959"}],"curies":[{"name":"wp","href":"https:\/\/api.w.org\/{rel}","templated":true}]}}