{"id":16939,"date":"2011-12-16T02:28:49","date_gmt":"2011-12-16T02:28:49","guid":{"rendered":"https:\/\/hlncaxea.a2hosted.com\/?post_type=product&#038;p=16939"},"modified":"2025-03-09T19:39:57","modified_gmt":"2025-03-09T19:39:57","slug":"bande-led-rgb-24v-150-smd-5050-led-s-5m-2","status":"publish","type":"product","link":"https:\/\/ledshoponline.be\/fr\/shop\/producten\/led-strips\/led-strips-12v\/rgb-led-strip-24v-150-smd-5050-led-s-5m\/","title":{"rendered":"Bande LED RVB 12V set | 24W 150 SMD 5050 LEDs 5m"},"content":{"rendered":"<p><strong>Bande LED RVB compl\u00e8te<\/strong><br \/>\nCette bande LED est livr\u00e9e avec un adaptateur. Le cordon de raccordement de 15 cm peut \u00eatre branch\u00e9 directement dans la prise murale. La bande LED est donc pr\u00eate \u00e0 l'emploi. Une t\u00e9l\u00e9commande infrarouge est \u00e9galement incluse. Elle vous permet de commander votre bande LED depuis votre canap\u00e9, par exemple. La t\u00e9l\u00e9commande vous permet \u00e9galement de r\u00e9gler la couleur de la lumi\u00e8re.<\/p>\n<p><strong>\u00c9tanch\u00e9it\u00e9 IP65<\/strong><br \/>\nCette bande LED RVB de 5 m\u00e8tres est certifi\u00e9e IP65. Elle peut donc \u00eatre utilis\u00e9e aussi bien \u00e0 l'int\u00e9rieur qu'\u00e0 l'ext\u00e9rieur. Toutefois, le connecteur de 15 cm doit \u00eatre plac\u00e9 dans une prise \u00e9tanche si la bande est utilis\u00e9e \u00e0 l'ext\u00e9rieur.<\/p>\n<p><strong>Bande LED sur mesure<\/strong><br \/>\nCette bande de LED RVB peut \u00eatre coup\u00e9e tous les 10 cm. De cette fa\u00e7on, vous pouvez adapter la bande de LED RVB \u00e0 n'importe quel endroit. Veillez \u00e0 couper la bande de LED sur les lignes de coupe. D\u00e9branchez toujours la bande de LED de l'alimentation avant de la couper.<\/p>","protected":false},"excerpt":{"rendered":"<p>Jeu complet de bandes RVB<\/p>","protected":false},"featured_media":16940,"comment_status":"closed","ping_status":"closed","template":"","meta":{"_seopress_robots_primary_cat":"","_seopress_titles_title":"","_seopress_titles_desc":"","_seopress_robots_index":""},"product_brand":[],"product_cat":[40,91,19],"product_tag":[92],"class_list":{"0":"post-16939","1":"product","2":"type-product","3":"status-publish","4":"has-post-thumbnail","6":"product_cat-led-strips","7":"product_cat-led-strips-12v","8":"product_cat-producten","9":"product_tag-rgb-led-strip","11":"first","12":"instock","13":"taxable","14":"shipping-taxable","15":"purchasable","16":"product-type-simple"},"_links":{"self":[{"href":"https:\/\/ledshoponline.be\/fr\/wp-json\/wp\/v2\/product\/16939","targetHints":{"allow":["GET"]}}],"collection":[{"href":"https:\/\/ledshoponline.be\/fr\/wp-json\/wp\/v2\/product"}],"about":[{"href":"https:\/\/ledshoponline.be\/fr\/wp-json\/wp\/v2\/types\/product"}],"replies":[{"embeddable":true,"href":"https:\/\/ledshoponline.be\/fr\/wp-json\/wp\/v2\/comments?post=16939"}],"version-history":[{"count":0,"href":"https:\/\/ledshoponline.be\/fr\/wp-json\/wp\/v2\/product\/16939\/revisions"}],"wp:featuredmedia":[{"embeddable":true,"href":"https:\/\/ledshoponline.be\/fr\/wp-json\/wp\/v2\/media\/16940"}],"wp:attachment":[{"href":"https:\/\/ledshoponline.be\/fr\/wp-json\/wp\/v2\/media?parent=16939"}],"wp:term":[{"taxonomy":"product_brand","embeddable":true,"href":"https:\/\/ledshoponline.be\/fr\/wp-json\/wp\/v2\/product_brand?post=16939"},{"taxonomy":"product_cat","embeddable":true,"href":"https:\/\/ledshoponline.be\/fr\/wp-json\/wp\/v2\/product_cat?post=16939"},{"taxonomy":"product_tag","embeddable":true,"href":"https:\/\/ledshoponline.be\/fr\/wp-json\/wp\/v2\/product_tag?post=16939"}],"curies":[{"name":"wp","href":"https:\/\/api.w.org\/{rel}","templated":true}]}}