{"id":16931,"date":"2011-11-17T05:17:04","date_gmt":"2011-11-17T05:17:04","guid":{"rendered":"https:\/\/hlncaxea.a2hosted.com\/?post_type=product&#038;p=16931"},"modified":"2025-03-09T19:39:57","modified_gmt":"2025-03-09T19:39:57","slug":"bande-de-led-rgb-connecteur-bande-vers-transformateur-incl-fil-163","status":"publish","type":"product","link":"https:\/\/ledshoponline.be\/fr\/shop\/producten\/led-strips\/led-strips-toebehoren\/rgb-led-strip-connector-strip-naar-trafo-incl-draad-163\/","title":{"rendered":"Connecteur pour bande LED RVB, bande vers transformateur, c\u00e2ble inclus"},"content":{"rendered":"<p>Connecteur de bande LED RVB comprenant \u00b1 20 cm de fil pour nos 5050SMD de 10 mm de large, non \u00e9tanche. Avec ce connecteur, vous pouvez facilement connecter nos bandes LED \u00e0 un transformateur LED ou \u00e0 un gradateur de bande LED sans soudure.<\/p>\n<p class=\"MsoNormal\">","protected":false},"excerpt":{"rendered":"<p>Connecteur pour bande LED RVB, bande vers transformateur, y compris le c\u00e2ble 163<\/p>","protected":false},"featured_media":16932,"comment_status":"closed","ping_status":"closed","template":"","meta":{"_seopress_robots_primary_cat":"","_seopress_titles_title":"","_seopress_titles_desc":"","_seopress_robots_index":""},"product_brand":[],"product_cat":[41,42],"product_tag":[],"class_list":{"0":"post-16931","1":"product","2":"type-product","3":"status-publish","4":"has-post-thumbnail","6":"product_cat-led-strips-toebehoren","7":"product_cat-toebehoren","9":"first","10":"outofstock","11":"taxable","12":"shipping-taxable","13":"purchasable","14":"product-type-simple"},"_links":{"self":[{"href":"https:\/\/ledshoponline.be\/fr\/wp-json\/wp\/v2\/product\/16931","targetHints":{"allow":["GET"]}}],"collection":[{"href":"https:\/\/ledshoponline.be\/fr\/wp-json\/wp\/v2\/product"}],"about":[{"href":"https:\/\/ledshoponline.be\/fr\/wp-json\/wp\/v2\/types\/product"}],"replies":[{"embeddable":true,"href":"https:\/\/ledshoponline.be\/fr\/wp-json\/wp\/v2\/comments?post=16931"}],"version-history":[{"count":0,"href":"https:\/\/ledshoponline.be\/fr\/wp-json\/wp\/v2\/product\/16931\/revisions"}],"wp:featuredmedia":[{"embeddable":true,"href":"https:\/\/ledshoponline.be\/fr\/wp-json\/wp\/v2\/media\/16932"}],"wp:attachment":[{"href":"https:\/\/ledshoponline.be\/fr\/wp-json\/wp\/v2\/media?parent=16931"}],"wp:term":[{"taxonomy":"product_brand","embeddable":true,"href":"https:\/\/ledshoponline.be\/fr\/wp-json\/wp\/v2\/product_brand?post=16931"},{"taxonomy":"product_cat","embeddable":true,"href":"https:\/\/ledshoponline.be\/fr\/wp-json\/wp\/v2\/product_cat?post=16931"},{"taxonomy":"product_tag","embeddable":true,"href":"https:\/\/ledshoponline.be\/fr\/wp-json\/wp\/v2\/product_tag?post=16931"}],"curies":[{"name":"wp","href":"https:\/\/api.w.org\/{rel}","templated":true}]}}