{"id":16870,"date":"2011-09-14T04:52:57","date_gmt":"2011-09-14T04:52:57","guid":{"rendered":"https:\/\/hlncaxea.a2hosted.com\/?post_type=product&#038;p=16870"},"modified":"2025-05-19T07:55:53","modified_gmt":"2025-05-19T07:55:53","slug":"transformateur-led-dimmable-50watt-lt04","status":"publish","type":"product","link":"https:\/\/ledshoponline.be\/fr\/shop\/producten\/toebehoren\/12v-24v-led-dimmers\/dimbare-led-trafo-50watt-lt04\/","title":{"rendered":"TRANSFORMATEUR LED DIMMABLE - 50WATT"},"content":{"rendered":"<p>Alimentation sp\u00e9ciale pour LED permettant de piloter jusqu'\u00e0 50 W d'\u00e9clairage LED 12V \u00e0 intensit\u00e9 variable.<span class=\"apple-converted-space\">\u00a0<\/span><br \/>\nCe transformateur LED dimmable fonctionne \u00e9galement avec nos ampoules LED G4 dimmables.<\/p>\n<p>\u00c9tanche et prot\u00e9g\u00e9 contre les courts-circuits, les surtensions et les surcharges.<\/p>\n<p><strong>Sp\u00e9cification :<\/strong><span class=\"apple-converted-space\">\u00a0<\/span><br \/>\nTension d'entr\u00e9e : 230 V AC, \u00b1 10%<br \/>\nPuissance maximale : 50 W<br \/>\nPuissance minimale : 0,1 W<br \/>\nTension de sortie : 11,5 V<br \/>\nCourant de sortie maximal : 4,3 A<br \/>\nDimensions : 106 x 38 x 30 mm (lbh)<\/p>\n<p><strong>Ne convient pas pour les bandes LED de 12v DC<\/strong><\/p>","protected":false},"excerpt":{"rendered":"<p>TRANSFORMATEUR LED DIMMABLE - 50WATT LT04<\/p>","protected":false},"featured_media":16871,"comment_status":"closed","ping_status":"closed","template":"","meta":{"_seopress_robots_primary_cat":"none","_seopress_titles_title":"","_seopress_titles_desc":"","_seopress_robots_index":""},"product_brand":[],"product_cat":[44,43,42],"product_tag":[],"class_list":{"0":"post-16870","1":"product","2":"type-product","3":"status-publish","4":"has-post-thumbnail","6":"product_cat-12v-24v-led-dimmers","7":"product_cat-12v-24v-led-trafos","8":"product_cat-toebehoren","10":"first","11":"instock","12":"taxable","13":"shipping-taxable","14":"purchasable","15":"product-type-simple"},"_links":{"self":[{"href":"https:\/\/ledshoponline.be\/fr\/wp-json\/wp\/v2\/product\/16870","targetHints":{"allow":["GET"]}}],"collection":[{"href":"https:\/\/ledshoponline.be\/fr\/wp-json\/wp\/v2\/product"}],"about":[{"href":"https:\/\/ledshoponline.be\/fr\/wp-json\/wp\/v2\/types\/product"}],"replies":[{"embeddable":true,"href":"https:\/\/ledshoponline.be\/fr\/wp-json\/wp\/v2\/comments?post=16870"}],"version-history":[{"count":1,"href":"https:\/\/ledshoponline.be\/fr\/wp-json\/wp\/v2\/product\/16870\/revisions"}],"predecessor-version":[{"id":573509,"href":"https:\/\/ledshoponline.be\/fr\/wp-json\/wp\/v2\/product\/16870\/revisions\/573509"}],"wp:featuredmedia":[{"embeddable":true,"href":"https:\/\/ledshoponline.be\/fr\/wp-json\/wp\/v2\/media\/16871"}],"wp:attachment":[{"href":"https:\/\/ledshoponline.be\/fr\/wp-json\/wp\/v2\/media?parent=16870"}],"wp:term":[{"taxonomy":"product_brand","embeddable":true,"href":"https:\/\/ledshoponline.be\/fr\/wp-json\/wp\/v2\/product_brand?post=16870"},{"taxonomy":"product_cat","embeddable":true,"href":"https:\/\/ledshoponline.be\/fr\/wp-json\/wp\/v2\/product_cat?post=16870"},{"taxonomy":"product_tag","embeddable":true,"href":"https:\/\/ledshoponline.be\/fr\/wp-json\/wp\/v2\/product_tag?post=16870"}],"curies":[{"name":"wp","href":"https:\/\/api.w.org\/{rel}","templated":true}]}}