{"id":16830,"date":"2011-03-21T01:05:07","date_gmt":"2011-03-21T01:05:07","guid":{"rendered":"https:\/\/hlncaxea.a2hosted.com\/?post_type=product&#038;p=16830"},"modified":"2025-03-09T19:39:52","modified_gmt":"2025-03-09T19:39:52","slug":"spot-carre-resistant-aux-eclaboussures-170817","status":"publish","type":"product","link":"https:\/\/ledshoponline.be\/fr\/shop\/producten\/armaturen\/badkamer-lampen\/spatwaterdichte-vierkante-spot-170817\/","title":{"rendered":"Spot carr\u00e9 anti-\u00e9claboussures"},"content":{"rendered":"<div style=\"color:#000000;font-family:Verdana, Arial, Helvetica, sans-serif;font-size:11px;background-color:#FFFFFF;text-align:left;padding:0px;margin:8px;\">\n<p style=\"font-weight:inherit;font-style:inherit;font-size:11px;font-family:inherit;vertical-align:baseline;border:0px;padding:0px 0px 0px .7em;margin:.5em 0pt .5em 0pt;\">CONVIENT \u00c9GALEMENT \u00c0 LA PIERRE ET AU B\u00c9TON. IMPERM\u00c9ABILIT\u00c9 Spot encastr\u00e9 design tout ALUMINIUM IP54 de la s\u00e9rie Quality Select. Bien qu'il soit \u00e9tanche aux \u00e9claboussures, il est extr\u00eamement plat. En termes de qualit\u00e9 et de design, il est comparable au top absolu des marques de design les plus ch\u00e8res. Chaque \u00e9l\u00e9ment est un bijou en soi.\u00a0<\/p>\n<p style=\"font-weight:bold;font-style:inherit;font-size:11px;font-family:Verdana;vertical-align:baseline;padding:0px;margin:0px;border:0px;\">Convient \u00e9galement comme lampe de salle de bains.\u00a0<\/p>\n<p style=\"font-weight:inherit;font-style:inherit;font-size:11px;font-family:inherit;vertical-align:baseline;border:0px;padding:0px 0px 0px .7em;margin:.5em 0pt .5em 0pt;\">Ce petit spot est en m\u00e9tal.<br style=\"font-family:Verdana;padding:0px;margin:0px;\" \/><br style=\"font-family:Verdana;padding:0px;margin:0px;\" \/>Ce projecteur est \u00e9quip\u00e9 de ressorts \u00e0 lames pour permettre un montage dans des plafonds en b\u00e9ton, par exemple. Le projecteur peut ainsi se fixer dans la paroi du trou.\u00a0<br style=\"font-family:Verdana;padding:0px;margin:0px;\" \/>Le montage dans d'autres types de plafonds est \u00e9galement possible.<br style=\"font-family:Verdana;padding:0px;margin:0px;\" \/><br style=\"font-family:Verdana;padding:0px;margin:0px;\" \/>Equip\u00e9 d'une plaque de verre pour la lampe Led.<br style=\"padding:0px;margin:0px;\" \/><br style=\"font-family:Verdana;padding:0px;margin:0px;\" \/><\/p>\n<p style=\"font-weight:bold;font-style:inherit;font-size:11px;font-family:Verdana;vertical-align:baseline;padding:0px;margin:0px;border:0px;\">Convient pour :\u00a0<\/p>\n<p style=\"font-weight:inherit;font-style:inherit;font-size:11px;font-family:inherit;vertical-align:baseline;border:0px;padding:0px 0px 0px .7em;margin:.5em 0px .5em 0px;\"><span style=\"font-weight:inherit;font-style:inherit;font-size:8pt;font-family:Verdana, sans-serif;vertical-align:baseline;padding:0px;margin:0px;border:0px;\">Lampe \u00e0 Led exclusive<\/span><br style=\"font-family:Verdana;padding:0px;margin:0px;\" \/>Les lampes LED correspondantes sont disponibles\u00a0<a href=\"https:\/\/ledshoponline.be\/fr\/28-led-spot-gu10-230v\/\">https:\/\/ledshoponline.be\/28-led-spot-gu10-230v<\/a><\/p>\n<p style=\"font-weight:inherit;font-style:inherit;font-size:11px;font-family:inherit;vertical-align:baseline;border:0px;padding:0px 0px 0px .7em;margin:.5em 0pt .5em 0pt;\"><span style=\"font-weight:inherit;font-style:inherit;font-size:11px;font-family:inherit;vertical-align:baseline;color:#800000;padding:0px;margin:0px;border:0px;\"><span style=\"font-weight:inherit;font-style:inherit;font-size:12pt;font-family:inherit;vertical-align:baseline;padding:0px;margin:0px;border:0px;\"><strong>Sp\u00e9cifications :<br style=\"padding:0px;margin:0px;\" \/><\/strong><\/span><\/span><br style=\"font-family:Verdana;padding:0px;margin:0px;\" \/><strong>Largeur : <\/strong>7,8 x 7,8 cm.<br style=\"font-family:Verdana;padding:0px;margin:0px;\" \/><strong>Profondeur d'encastrement :<\/strong> 6,5 cm.<br style=\"font-family:Verdana;padding:0px;margin:0px;\" \/><strong>Ouverture ronde au plafond : <\/strong>~6cm<br style=\"font-family:Verdana;padding:0px;margin:0px;\" \/><strong>Profondeur d'encastrement pour les projets et les plafonds combustibles : <\/strong>11cm.<br style=\"padding:0px;margin:0px;\" \/><strong>Classe d'\u00e9tanch\u00e9it\u00e9 :<\/strong>\u00a0IP54.<br \/><strong>Mat\u00e9riau :<\/strong> Aluminium.\u00a0<\/p>\n<\/p><\/div>","protected":false},"excerpt":{"rendered":"<p>Spot carr\u00e9 anti-\u00e9claboussures 170817<\/p>","protected":false},"featured_media":16831,"comment_status":"open","ping_status":"closed","template":"","meta":{"_seopress_robots_primary_cat":"","_seopress_titles_title":"","_seopress_titles_desc":"","_seopress_robots_index":""},"product_brand":[],"product_cat":[87,89,90,88],"product_tag":[],"class_list":{"0":"post-16830","1":"product","2":"type-product","3":"status-publish","4":"has-post-thumbnail","6":"product_cat-armaturen","7":"product_cat-badkamer-lampen","8":"product_cat-buitenverlichting","9":"product_cat-inbouwspots","11":"first","12":"instock","13":"taxable","14":"shipping-taxable","15":"purchasable","16":"product-type-simple"},"_links":{"self":[{"href":"https:\/\/ledshoponline.be\/fr\/wp-json\/wp\/v2\/product\/16830","targetHints":{"allow":["GET"]}}],"collection":[{"href":"https:\/\/ledshoponline.be\/fr\/wp-json\/wp\/v2\/product"}],"about":[{"href":"https:\/\/ledshoponline.be\/fr\/wp-json\/wp\/v2\/types\/product"}],"replies":[{"embeddable":true,"href":"https:\/\/ledshoponline.be\/fr\/wp-json\/wp\/v2\/comments?post=16830"}],"version-history":[{"count":0,"href":"https:\/\/ledshoponline.be\/fr\/wp-json\/wp\/v2\/product\/16830\/revisions"}],"wp:featuredmedia":[{"embeddable":true,"href":"https:\/\/ledshoponline.be\/fr\/wp-json\/wp\/v2\/media\/16831"}],"wp:attachment":[{"href":"https:\/\/ledshoponline.be\/fr\/wp-json\/wp\/v2\/media?parent=16830"}],"wp:term":[{"taxonomy":"product_brand","embeddable":true,"href":"https:\/\/ledshoponline.be\/fr\/wp-json\/wp\/v2\/product_brand?post=16830"},{"taxonomy":"product_cat","embeddable":true,"href":"https:\/\/ledshoponline.be\/fr\/wp-json\/wp\/v2\/product_cat?post=16830"},{"taxonomy":"product_tag","embeddable":true,"href":"https:\/\/ledshoponline.be\/fr\/wp-json\/wp\/v2\/product_tag?post=16830"}],"curies":[{"name":"wp","href":"https:\/\/api.w.org\/{rel}","templated":true}]}}