{"id":16826,"date":"2011-03-21T00:59:43","date_gmt":"2011-03-21T00:59:43","guid":{"rendered":"https:\/\/hlncaxea.a2hosted.com\/?post_type=product&#038;p=16826"},"modified":"2025-03-09T19:39:51","modified_gmt":"2025-03-09T19:39:51","slug":"spot-rond-anti-eclaboussures-170815","status":"publish","type":"product","link":"https:\/\/ledshoponline.be\/fr\/shop\/producten\/armaturen\/badkamer-lampen\/spatwaterdichte-ronde-spot-170815\/","title":{"rendered":"Spot rond anti-\u00e9claboussures"},"content":{"rendered":"<p>CONVIENT \u00c9GALEMENT \u00c0 LA PIERRE ET AU B\u00c9TON. IMPERM\u00c9ABILIT\u00c9 Spot encastr\u00e9 design tout ALUMINIUM IP54 de la s\u00e9rie Quality Select. Bien qu'il soit \u00e9tanche aux \u00e9claboussures, il est extr\u00eamement plat. En termes de qualit\u00e9 et de design, il est comparable au top absolu des marques de design les plus ch\u00e8res. Chaque \u00e9l\u00e9ment est un bijou en soi.<\/p>\n<p style=\"font-family: Verdana; display: inline; font-weight: bold; background-repeat: repeat no-repeat; padding: 0px; margin: 0px;\">Convient \u00e9galement comme lampe de salle de bains.<\/p>\n<p>Ce petit spot est en m\u00e9tal.<br style=\"font-family: Verdana; background-repeat: repeat no-repeat; padding: 0px; margin: 0px;\" \/><br style=\"font-family: Verdana; background-repeat: repeat no-repeat; padding: 0px; margin: 0px;\" \/>Ce projecteur est \u00e9quip\u00e9 de ressorts \u00e0 lames pour permettre un montage dans des plafonds en b\u00e9ton, par exemple. Le projecteur peut ainsi se fixer dans la paroi du trou.\u00a0<br style=\"font-family: Verdana; background-repeat: repeat no-repeat; padding: 0px; margin: 0px;\" \/>Le montage dans d'autres types de plafonds est \u00e9galement possible.<br style=\"font-family: Verdana; background-repeat: repeat no-repeat; padding: 0px; margin: 0px;\" \/><br style=\"font-family: Verdana; background-repeat: repeat no-repeat; padding: 0px; margin: 0px;\" \/>Equip\u00e9 d'une plaque de verre pour la lampe Led.<\/p>\n<p><strong>Projecteur LED exclusif :<\/strong><br \/>\n<strong>Un projecteur LED adapt\u00e9 peut \u00eatre trouv\u00e9 sur le lien suivant.<br \/>\n<\/strong>https:\/\/ledshoponline.be\/producten\/led-spots\/led-spot-gu10-230v\/<\/p>\n<p><br style=\"font-family: Verdana; background-repeat: repeat no-repeat; padding: 0px; margin: 0px;\" \/><span style=\"color: #800000;\"><span style=\"font-size: 12pt;\"><strong>Sp\u00e9cifications :<br \/>\n<\/strong><\/span><\/span><br style=\"font-family: Verdana; background-repeat: repeat no-repeat; padding: 0px; margin: 0px;\" \/><strong>Diam\u00e8tre :<\/strong> 8cm.<br style=\"font-family: Verdana; background-repeat: repeat no-repeat; padding: 0px; margin: 0px;\" \/><strong>Profondeur d'encastrement :<\/strong> 8cm\u00a0<br style=\"font-family: Verdana; background-repeat: repeat no-repeat; padding: 0px; margin: 0px;\" \/><strong>Ouverture ronde au plafond :<\/strong> ~6cm<br style=\"font-family: Verdana; background-repeat: repeat no-repeat; padding: 0px; margin: 0px;\" \/><strong>Profondeur d'encastrement pour les projets et les plafonds combustibles :<\/strong> 13,5 cm.<br \/>\n<strong>Classe d'\u00e9tanch\u00e9it\u00e9 :<\/strong> IP54.<br \/>\n<strong style=\"padding: 0px; margin: 0px;\">Mat\u00e9riau :<\/strong>\u00a0Aluminium.<\/p>","protected":false},"excerpt":{"rendered":"<p>Spot rond anti-\u00e9claboussures 170815<\/p>","protected":false},"featured_media":16827,"comment_status":"closed","ping_status":"closed","template":"","meta":{"_seopress_robots_primary_cat":"","_seopress_titles_title":"","_seopress_titles_desc":"","_seopress_robots_index":""},"product_brand":[],"product_cat":[87,89,90,88],"product_tag":[],"class_list":{"0":"post-16826","1":"product","2":"type-product","3":"status-publish","4":"has-post-thumbnail","6":"product_cat-armaturen","7":"product_cat-badkamer-lampen","8":"product_cat-buitenverlichting","9":"product_cat-inbouwspots","11":"first","12":"instock","13":"taxable","14":"shipping-taxable","15":"purchasable","16":"product-type-simple"},"_links":{"self":[{"href":"https:\/\/ledshoponline.be\/fr\/wp-json\/wp\/v2\/product\/16826","targetHints":{"allow":["GET"]}}],"collection":[{"href":"https:\/\/ledshoponline.be\/fr\/wp-json\/wp\/v2\/product"}],"about":[{"href":"https:\/\/ledshoponline.be\/fr\/wp-json\/wp\/v2\/types\/product"}],"replies":[{"embeddable":true,"href":"https:\/\/ledshoponline.be\/fr\/wp-json\/wp\/v2\/comments?post=16826"}],"version-history":[{"count":0,"href":"https:\/\/ledshoponline.be\/fr\/wp-json\/wp\/v2\/product\/16826\/revisions"}],"wp:featuredmedia":[{"embeddable":true,"href":"https:\/\/ledshoponline.be\/fr\/wp-json\/wp\/v2\/media\/16827"}],"wp:attachment":[{"href":"https:\/\/ledshoponline.be\/fr\/wp-json\/wp\/v2\/media?parent=16826"}],"wp:term":[{"taxonomy":"product_brand","embeddable":true,"href":"https:\/\/ledshoponline.be\/fr\/wp-json\/wp\/v2\/product_brand?post=16826"},{"taxonomy":"product_cat","embeddable":true,"href":"https:\/\/ledshoponline.be\/fr\/wp-json\/wp\/v2\/product_cat?post=16826"},{"taxonomy":"product_tag","embeddable":true,"href":"https:\/\/ledshoponline.be\/fr\/wp-json\/wp\/v2\/product_tag?post=16826"}],"curies":[{"name":"wp","href":"https:\/\/api.w.org\/{rel}","templated":true}]}}