{"id":16807,"date":"2011-03-20T01:30:15","date_gmt":"2011-03-20T01:30:15","guid":{"rendered":"https:\/\/hlncaxea.a2hosted.com\/?post_type=product&#038;p=16807"},"modified":"2025-03-09T19:39:50","modified_gmt":"2025-03-09T19:39:50","slug":"spot-encastre-design-en-aluminium-170218","status":"publish","type":"product","link":"https:\/\/ledshoponline.be\/fr\/shop\/producten\/armaturen\/inbouwspots\/aluminium-design-inbouwspot-170218\/","title":{"rendered":"Spot encastr\u00e9 design en aluminium"},"content":{"rendered":"<p>\u00a0<\/p>\n<p class=\"MsoNormal\" style=\"margin-bottom:.0001pt;line-height:normal;\"><span style=\"font-size:8pt;font-family:Verdana, 'sans-serif';\">Un spot encastr\u00e9 design en aluminium \u00e0 un prix particuli\u00e8rement bas. Un beau spot carr\u00e9 compact, fixe. Ampoule Led exclusive<\/span><\/p>\n<p>\u00a0<\/p>\n<p>\u00a0<\/p>\n<p>Un spot encastr\u00e9 design en aluminium \u00e0 un prix particuli\u00e8rement bas. Un joli spot carr\u00e9 compact avec un petit bord de plafond.\u00a0<br style=\"font-family:Verdana;padding:0px;margin:0px;\" \/>En termes de qualit\u00e9 et de design, il est comparable aux marques de cr\u00e9ateurs les plus ch\u00e8res.\u00a0<br style=\"font-family:Verdana;padding:0px;margin:0px;\" \/><br style=\"font-family:Verdana;padding:0px;margin:0px;\" \/><\/p>\n<p style=\"font-family:Verdana;font-weight:bold;padding:0px;margin:0px;\">Caract\u00e9ristiques :\u00a0<\/p>\n<p>Il pr\u00e9sente un petit bord facett\u00e9, tant \u00e0 l'int\u00e9rieur qu'\u00e0 l'ext\u00e9rieur, qui donne un bel accent, car ces bords facett\u00e9s sont l\u00e9g\u00e8rement plus ponc\u00e9s.<br style=\"font-family:Verdana;padding:0px;margin:0px;\" \/>De plus, le spot halog\u00e8ne est encastr\u00e9 de 1 cm pour minimiser la visibilit\u00e9 et l'\u00e9blouissement.<br style=\"font-family:Verdana;padding:0px;margin:0px;\" \/>Gr\u00e2ce \u00e0 l'utilisation de l'aluminium, ce spot est particuli\u00e8rement \u00e9l\u00e9gant. Il est beaucoup plus \u00e9troit qu'un spot encastr\u00e9 en m\u00e9tal ne pourra jamais l'\u00eatre.<br style=\"font-family:Verdana;padding:0px;margin:0px;\" \/><br style=\"font-family:Verdana;padding:0px;margin:0px;\" \/><\/p>\n<p style=\"font-family:Verdana;font-weight:bold;padding:0px;margin:0px;\">Convient pour :\u00a0<\/p>\n<p><span style=\"font-size:8pt;font-family:Verdana, sans-serif;\">Lampe \u00e0 Led exclusive<\/span><br style=\"font-family:Verdana;padding:0px;margin:0px;\" \/>Les lampes LED correspondantes sont disponibles \u00e0 l'adresse suivante : https:\/\/ledshoponline.be\/led-spot-gu10-230v<br style=\"font-family:Verdana;padding:0px;margin:0px;\" \/><br style=\"font-family:Verdana;padding:0px;margin:0px;\" \/><\/p>\n<p style=\"font-family:Verdana;font-weight:bold;padding:0px;margin:0px;\">Mat\u00e9riau :\u00a0<\/p>\n<p>Absolument MAT bross\u00e9 dans une seule direction \u00e0 partir d'un aluminium complet.<br style=\"font-family:Verdana;padding:0px;margin:0px;\" \/>A l'int\u00e9rieur, un petit bord facett\u00e9 a \u00e9t\u00e9 ponc\u00e9 davantage, ce qui lui donne un \u00e9clat satin\u00e9 en guise d'accent.<br style=\"font-family:Verdana;padding:0px;margin:0px;\" \/>Fabriqu\u00e9 \u00e0 partir d'une seule pi\u00e8ce d'aluminium solide.<br style=\"font-family:Verdana;padding:0px;margin:0px;\" \/><br style=\"font-family:Verdana;padding:0px;margin:0px;\" \/><\/p>\n<p style=\"font-family:Verdana;font-weight:bold;padding:0px;margin:0px;\">Dimensions :\u00a0<\/p>\n<p>Largeur : 8 x 8 cm.<br style=\"font-family:Verdana;padding:0px;margin:0px;\" \/>Profondeur d'encastrement : 9 cm.<\/p>\n<\/p>\n<p><strong>Taille de coupe<\/strong>Longueur : 6,20 cm<\/p>","protected":false},"excerpt":{"rendered":"<p>Spot encastr\u00e9 design en aluminium<\/p>","protected":false},"featured_media":16808,"comment_status":"open","ping_status":"closed","template":"","meta":{"_seopress_robots_primary_cat":"","_seopress_titles_title":"","_seopress_titles_desc":"","_seopress_robots_index":""},"product_brand":[],"product_cat":[87,88],"product_tag":[],"class_list":{"0":"post-16807","1":"product","2":"type-product","3":"status-publish","4":"has-post-thumbnail","6":"product_cat-armaturen","7":"product_cat-inbouwspots","9":"first","10":"instock","11":"taxable","12":"shipping-taxable","13":"purchasable","14":"product-type-simple"},"_links":{"self":[{"href":"https:\/\/ledshoponline.be\/fr\/wp-json\/wp\/v2\/product\/16807","targetHints":{"allow":["GET"]}}],"collection":[{"href":"https:\/\/ledshoponline.be\/fr\/wp-json\/wp\/v2\/product"}],"about":[{"href":"https:\/\/ledshoponline.be\/fr\/wp-json\/wp\/v2\/types\/product"}],"replies":[{"embeddable":true,"href":"https:\/\/ledshoponline.be\/fr\/wp-json\/wp\/v2\/comments?post=16807"}],"version-history":[{"count":0,"href":"https:\/\/ledshoponline.be\/fr\/wp-json\/wp\/v2\/product\/16807\/revisions"}],"wp:featuredmedia":[{"embeddable":true,"href":"https:\/\/ledshoponline.be\/fr\/wp-json\/wp\/v2\/media\/16808"}],"wp:attachment":[{"href":"https:\/\/ledshoponline.be\/fr\/wp-json\/wp\/v2\/media?parent=16807"}],"wp:term":[{"taxonomy":"product_brand","embeddable":true,"href":"https:\/\/ledshoponline.be\/fr\/wp-json\/wp\/v2\/product_brand?post=16807"},{"taxonomy":"product_cat","embeddable":true,"href":"https:\/\/ledshoponline.be\/fr\/wp-json\/wp\/v2\/product_cat?post=16807"},{"taxonomy":"product_tag","embeddable":true,"href":"https:\/\/ledshoponline.be\/fr\/wp-json\/wp\/v2\/product_tag?post=16807"}],"curies":[{"name":"wp","href":"https:\/\/api.w.org\/{rel}","templated":true}]}}