{"id":16791,"date":"2011-01-22T00:47:52","date_gmt":"2011-01-22T00:47:52","guid":{"rendered":"https:\/\/hlncaxea.a2hosted.com\/?post_type=product&#038;p=16791"},"modified":"2025-03-09T19:39:49","modified_gmt":"2025-03-09T19:39:49","slug":"gradateur-a-coupe-de-phase-pour-lampes-led-230v-panneau-avant","status":"publish","type":"product","link":"https:\/\/ledshoponline.be\/fr\/shop\/producten\/toebehoren\/12v-24v-led-dimmers\/fase-aansnijding-dimmer-voor-230v-led-lampen-frontje\/","title":{"rendered":"Variateur \u00e0 coupe de phase pour lampes LED 230v + plastron"},"content":{"rendered":"<p>Ce variateur est adapt\u00e9 aux lampes LED 230v dimmables avec Leading Edge \/ Phase Cut.  Ce variateur permet une gradation progressive avec une plage d'au moins 90% sans scintillement. M\u00eame 1 n'est pas un probl\u00e8me.<\/p>\n<p>Ce variateur est destin\u00e9 \u00e0 \u00eatre encastr\u00e9 dans un mur. Les fa\u00e7ades sont interchangeables avec <strong>JUNG \/ GIRA \/ BERKER \/ PEHA <strong>\/<\/strong>\u00a0etc.<\/strong> D\u00e9sormais, il n'y a plus de probl\u00e8me pour avoir sa propre fa\u00e7ade assortie \u00e0 l'appareillage \u00e9lectrique !<\/p>\n<ul>\n<li>Protection par fusible contre les surtensions et les courts-circuits<\/li>\n<li>Charge : minimum 1watt, maximum 150Watt<\/li>\n<\/ul>\n<h3>Ce variateur permet de faire varier parfaitement l'intensit\u00e9 lumineuse d'un seul projecteur !<\/h3>\n<p>\u2713 Convient pour 0-150W<br \/>\n\u2713 Convient pour\u00a0<strong>tous<\/strong>\u00a0marques de cadres de recouvrement<br \/>\n\u2713 Convient aux bo\u00eetes d'encastrement avec ou sans trous de vis<br \/>\n\u2713 Gradation et stabilit\u00e9 optimales de la lumi\u00e8re<br \/>\n\u2713 Protection contre les pics de tension et les signaux parasites<br \/>\n\u2713 Gradation silencieuse<br \/>\n\u2713 Ventilation optimale<br \/>\nConvient pour la commutation dans les h\u00f4tels<br \/>\n\u2713 Fusible rempla\u00e7able<br \/>\n\u2713 Fourni avec un fusible suppl\u00e9mentaire<\/p>","protected":false},"excerpt":{"rendered":"<p>Une gradation parfaite avec ce gradateur \u00e0 coupe de phase pour les lampes LED 230v.<\/p>","protected":false},"featured_media":16792,"comment_status":"closed","ping_status":"closed","template":"","meta":{"_seopress_robots_primary_cat":"","_seopress_titles_title":"","_seopress_titles_desc":"","_seopress_robots_index":""},"product_brand":[],"product_cat":[44,86,42],"product_tag":[],"class_list":{"0":"post-16791","1":"product","2":"type-product","3":"status-publish","4":"has-post-thumbnail","6":"product_cat-12v-24v-led-dimmers","7":"product_cat-230v-led-dimmers","8":"product_cat-toebehoren","10":"first","11":"outofstock","12":"taxable","13":"shipping-taxable","14":"purchasable","15":"product-type-simple"},"_links":{"self":[{"href":"https:\/\/ledshoponline.be\/fr\/wp-json\/wp\/v2\/product\/16791","targetHints":{"allow":["GET"]}}],"collection":[{"href":"https:\/\/ledshoponline.be\/fr\/wp-json\/wp\/v2\/product"}],"about":[{"href":"https:\/\/ledshoponline.be\/fr\/wp-json\/wp\/v2\/types\/product"}],"replies":[{"embeddable":true,"href":"https:\/\/ledshoponline.be\/fr\/wp-json\/wp\/v2\/comments?post=16791"}],"version-history":[{"count":0,"href":"https:\/\/ledshoponline.be\/fr\/wp-json\/wp\/v2\/product\/16791\/revisions"}],"wp:featuredmedia":[{"embeddable":true,"href":"https:\/\/ledshoponline.be\/fr\/wp-json\/wp\/v2\/media\/16792"}],"wp:attachment":[{"href":"https:\/\/ledshoponline.be\/fr\/wp-json\/wp\/v2\/media?parent=16791"}],"wp:term":[{"taxonomy":"product_brand","embeddable":true,"href":"https:\/\/ledshoponline.be\/fr\/wp-json\/wp\/v2\/product_brand?post=16791"},{"taxonomy":"product_cat","embeddable":true,"href":"https:\/\/ledshoponline.be\/fr\/wp-json\/wp\/v2\/product_cat?post=16791"},{"taxonomy":"product_tag","embeddable":true,"href":"https:\/\/ledshoponline.be\/fr\/wp-json\/wp\/v2\/product_tag?post=16791"}],"curies":[{"name":"wp","href":"https:\/\/api.w.org\/{rel}","templated":true}]}}