{"id":528967,"date":"2025-03-10T20:06:37","date_gmt":"2025-03-10T20:06:37","guid":{"rendered":"https:\/\/hlncaxea.a2hosted.com\/?page_id=528967"},"modified":"2026-04-29T11:06:47","modified_gmt":"2026-04-29T11:06:47","slug":"conditions-generales","status":"publish","type":"page","link":"https:\/\/ledshoponline.be\/fr\/algemene-voorwaarden\/","title":{"rendered":"Conditions g\u00e9n\u00e9rales d'utilisation"},"content":{"rendered":"<h1 class=\"wp-block-heading\">Nos conditions de vente<\/h1>\n\n\n\n<h1 class=\"wp-block-heading\">1. Photos, images<\/h1>\n\n\n\n<p>Les photos et images utilis\u00e9es sur le site web peuvent diff\u00e9rer de l'original. Les images et les photos ne sont donc pas contraignantes.<\/p>\n\n\n\n<h1 class=\"wp-block-heading\">2. Les prix<\/h1>\n\n\n\n<p>Les prix indiqu\u00e9s sur le site web sont des prix indicatifs. Ils sont indiqu\u00e9s sous r\u00e9serve, sous r\u00e9serve d'\u00e9puisement des stocks et sous r\u00e9serve d'\u00e9ventuelles erreurs d'impression. Les prix s'entendent TVA comprise et hors recupel, bebat ou autres taxes. Les prix standard recupel sont utilis\u00e9s tels que prescrits sur le site Internet de la Commission europ\u00e9enne.&nbsp;<a href=\"http:\/\/www.recupel.be\/\">http:\/\/www.recupel.be<\/a><\/p>\n\n\n\n<h1 class=\"wp-block-heading\">3. Commande, paiement<\/h1>\n\n\n\n<p>D\u00e8s r\u00e9ception de votre commande, nous \u00e9mettrons un bon de commande d\u00e9finitif. Le paiement doit \u00eatre effectu\u00e9 au moment de l'acceptation de ce bon de commande. Nous n'accepterons une commande qu'\u00e0 r\u00e9ception du montant total. Nous n'acceptons pas les ch\u00e8ques. Cela signifie que nous n'acceptons une commande que lorsque le montant total de la commande est sur notre compte.<\/p>\n\n\n\n<h1 class=\"wp-block-heading\">4. Livraison, frais de livraison<\/h1>\n\n\n\n<p>Nous vous livrons les marchandises par courrier. Un forfait de 7,95 \u20ac pour la Belgique est factur\u00e9 \u00e0 cet effet.<br>Nederland als andere geselecteerde landen 8.95, boven \u20ac99 is de verzending gratis. Kosten voor spoedbestellingen zijn altijd ten laste van de klant.<br>Alle zendingen reizen op risico van de bestemmeling. Inrichting en aanpassing van de plaats(en) waar de\u00a0apparatuur wordt opgesteld zijn ten laste van de klant, die aansprakelijk is voor alle schade aan de apparatuur\u00a0,\u00a0evenals voor bijkomende kosten opgelopen door ledshoponline.be, als gevolg van niet tijdige,\u00a0onjuiste of gebrekkige uitvoering ervan. ledshoponline.be is niet aansprakelijk, indien en voor zover haar\u00a0verbintenissen niet kunnen worden nagekomen ten gevolge van overmacht. Onder overmacht wordt verstaan\u00a0elke vreemde oorzaak, alsmede elke omstandigheid, welke in redelijkheid niet voor haar risico behoort tekomen. Vertraging bij of wanprestatie door onze toeleveranciers, vervoersmoeilijkheden, werkstakingen,\u00a0overheidsmaatregelen, vertragingen in de aanvoer, nalatigheden van leveranciers en\/of fabrikanten van ledshoponline.be. Alsmede van hulppersonen, ziekte van personeel, gebreken in hulp- of transportmiddelen\u00a0gelden uitdrukkelijk als overmacht. Uw bestelling zullen we met de nodige zorg uitvoeren. Indien de levering\u00a0vertraging oploopt of niet uitvoerbaar blijkt, dan zullen wij u eveneens inlichten.<\/p>\n\n\n\n<h1 class=\"wp-block-heading\">5. Annulation, retour des marchandises, droit de recours \u00e0 notre d\u00e9lai de r\u00e9flexion de 30 jours<\/h1>\n\n\n\n<p>En cas d'annulation pour une raison ind\u00e9termin\u00e9e, veuillez nous envoyer un courriel.<\/p>\n\n\n\n<p>Bien entendu, il peut toujours arriver que vous ne soyez pas satisfait d'un ou de plusieurs produits que vous avez re\u00e7us. Dans ce cas, le produit peut toujours \u00eatre retourn\u00e9, dans son \u00e9tat et son emballage d'origine.<\/p>\n\n\n\n<p>Ledshoponline.be a un d\u00e9lai de r\u00e9flexion de 30 jours. Pour les clients professionnels disposant d'un num\u00e9ro de TVA, nous appliquons un d\u00e9lai de 14 jours. Pendant ce d\u00e9lai, vous pouvez consulter le produit command\u00e9 comme dans un magasin. Si le produit n'est plus complet ou semble avoir \u00e9t\u00e9 utilis\u00e9, nous ne pouvons malheureusement pas le reprendre. En cas de doute, nous vous conseillons toujours de nous contacter afin d'\u00e9viter toute surprise par la suite. Nous ne reprenons pas non plus les produits dans le cadre d'un \u00e9change.<\/p>\n\n\n\n<p>Retourner un produit pay\u00e9 avec&nbsp;<strong>\u00e9coch\u00e8ques<\/strong>? Dans ce cas, nous ne vous rembourserons pas, mais nous vous accorderons un cr\u00e9dit d'achat. Ce cr\u00e9dit peut \u00eatre utilis\u00e9 pour acheter un autre produit dans notre boutique en ligne. Seul notre service client\u00e8le peut appliquer le cr\u00e9dit d'achat. Veuillez nous contacter si vous souhaitez commander quelque chose pour utiliser le cr\u00e9dit.<\/p>\n\n\n\n<h1 class=\"wp-block-heading\">6. Garantie<\/h1>\n\n\n\n<p>Tous les produits de notre gamme sont assortis d'une garantie standard de 2 ans.<br>Certains produits ont une p\u00e9riode de garantie plus longue.<br>La p\u00e9riode de garantie est indiqu\u00e9e dans la description du produit sur notre site.<\/p>\n\n\n\n<p>Si les probl\u00e8mes r\u00e9sultent en tout ou en partie d'une utilisation et\/ou d'une installation incorrecte ou n\u00e9gligente ou si le probl\u00e8me est d\u00fb \u00e0 des causes externes, la garantie n'est plus applicable.<br>Attention aux luminaires ferm\u00e9s, qui peuvent r\u00e9duire consid\u00e9rablement la dur\u00e9e de vie d'une ampoule LED.<\/p>\n\n\n\n<h2 class=\"wp-block-heading\">Vous ne pouvez pas b\u00e9n\u00e9ficier de la garantie si<\/h2>\n\n\n\n<p>- les d\u00e9fauts ou l'usure dus \u00e0 un entretien n\u00e9glig\u00e9,<br>- Si des modifications ont \u00e9t\u00e9 apport\u00e9es \u00e0 l'article par des tiers,<br>- si la date de la facture a \u00e9t\u00e9 modifi\u00e9e ou rendue illisible,<br>- en raison de d\u00e9fauts caus\u00e9s par une utilisation non intentionnelle ou incorrecte, telle que le non-respect des instructions d'utilisation qui l'accompagnent,<br>- les dommages caus\u00e9s par une intention ou une n\u00e9gligence grave,<br>- en cas de calamit\u00e9s externes telles que la foudre ou autres,<br>- surchauffe due \u00e0 un chauffage central ou autre ou \u00e0 l'utilisation d'une puissance sup\u00e9rieure \u00e0 celle prescrite,<br>- l'exposition \u00e0 l'humidit\u00e9, \u00e0 la chaleur extr\u00eame, \u00e0 la lumi\u00e8re du soleil ou au froid extr\u00eame,<br>- La garantie sur les blocs d'alimentation ne s'applique que lorsqu'ils sont utilis\u00e9s pour des produits LED achet\u00e9s aupr\u00e8s de Yarled - LEDshoponline,<br>- les frais occasionn\u00e9s par des tiers pour r\u00e9parer un article d\u00e9fectueux ne seront pas rembours\u00e9s.<\/p>\n\n\n\n<h1 class=\"wp-block-heading\">7. Retour<\/h1>\n\n\n\n<p>Proc\u00e9dure de retour : le num\u00e9ro de la facture doit \u00eatre clairement indiqu\u00e9 sur le colis de retour. Les retours sans num\u00e9ro de facture et sans copie de la facture originale ne seront pas accept\u00e9s. Les produits doivent \u00eatre retourn\u00e9s dans leur emballage d'origine non ouvert, avec tous les c\u00e2bles, alimentations et accessoires, dans un d\u00e9lai de 30 jours \u00e0 compter de la date de livraison. Les produits incomplets ne seront pas accept\u00e9s. Tous les frais d'exp\u00e9dition et de manutention doivent \u00eatre pay\u00e9s \u00e0 l'avance par le client. Nous n'acceptons pas les paiements en esp\u00e8ces \u00e0 la livraison<\/p>\n\n\n\n<p><strong>Veuillez renvoyer votre colis \u00e0<\/strong><br><strong>Ledshoponline - Tom Noreilde<\/strong><br><strong>16 Musse Rue<\/strong><br><strong>8553 Otegem<\/strong><br><strong>Belgique<\/strong><\/p>","protected":false},"excerpt":{"rendered":"<p>Nos conditions de vente 1. photos, images Les photos et images utilis\u00e9es sur le site peuvent \u00eatre diff\u00e9rentes de l'original. Les images<\/p>","protected":false},"author":1,"featured_media":0,"parent":0,"menu_order":0,"comment_status":"closed","ping_status":"closed","template":"","meta":{"_seopress_robots_primary_cat":"","_seopress_titles_title":"","_seopress_titles_desc":"","_seopress_robots_index":"","footnotes":""},"class_list":["post-528967","page","type-page","status-publish","hentry"],"_links":{"self":[{"href":"https:\/\/ledshoponline.be\/fr\/wp-json\/wp\/v2\/pages\/528967","targetHints":{"allow":["GET"]}}],"collection":[{"href":"https:\/\/ledshoponline.be\/fr\/wp-json\/wp\/v2\/pages"}],"about":[{"href":"https:\/\/ledshoponline.be\/fr\/wp-json\/wp\/v2\/types\/page"}],"author":[{"embeddable":true,"href":"https:\/\/ledshoponline.be\/fr\/wp-json\/wp\/v2\/users\/1"}],"replies":[{"embeddable":true,"href":"https:\/\/ledshoponline.be\/fr\/wp-json\/wp\/v2\/comments?post=528967"}],"version-history":[{"count":1,"href":"https:\/\/ledshoponline.be\/fr\/wp-json\/wp\/v2\/pages\/528967\/revisions"}],"predecessor-version":[{"id":756248,"href":"https:\/\/ledshoponline.be\/fr\/wp-json\/wp\/v2\/pages\/528967\/revisions\/756248"}],"wp:attachment":[{"href":"https:\/\/ledshoponline.be\/fr\/wp-json\/wp\/v2\/media?parent=528967"}],"curies":[{"name":"wp","href":"https:\/\/api.w.org\/{rel}","templated":true}]}}