{"id":528961,"date":"2025-03-10T20:04:55","date_gmt":"2025-03-10T20:04:55","guid":{"rendered":"https:\/\/hlncaxea.a2hosted.com\/?page_id=528961"},"modified":"2025-03-10T20:05:00","modified_gmt":"2025-03-10T20:05:00","slug":"declaration-sur-les-cookies","status":"publish","type":"page","link":"https:\/\/ledshoponline.be\/fr\/cookies-statement\/","title":{"rendered":"D\u00e9claration relative aux cookies"},"content":{"rendered":"<h1 class=\"wp-block-heading\">D\u00e9claration de cookie<\/h1>\n\n\n\n<p>LEDshoponline - Seoboost BV utilise des cookies sur ses sites web. Nous le faisons pour analyser nos sites Web et les faire fonctionner de mani\u00e8re optimale, pour am\u00e9liorer nos services, pour les m\u00e9dias sociaux et pour afficher des publicit\u00e9s pertinentes sur d'autres sites Web.<\/p>\n\n\n\n<h3 class=\"wp-block-heading\">Qu'est-ce qu'un biscuit ?<\/h3>\n\n\n\n<p>Les cookies sont de petits fichiers texte plac\u00e9s temporairement sur votre PC, tablette ou t\u00e9l\u00e9phone portable par une page internet.<\/p>\n\n\n\n<p>Les sites web suivants utilisent des cookies ou des techniques similaires :<br><a href=\"https:\/\/ledshoponline.be\/fr\/\">https:\/\/ledshoponline.be\/<\/a><\/p>\n\n\n\n<p>Vous trouverez ci-dessous la liste des cookies que nous utilisons, ainsi que leur fonctionnalit\u00e9.<\/p>\n\n\n\n<h3 class=\"wp-block-heading\">Cookies fonctionnels<\/h3>\n\n\n\n<p>Gr\u00e2ce \u00e0 ces cookies, vous ne devez pas saisir ou t\u00e9l\u00e9charger les m\u00eames informations chaque fois que vous revenez sur notre site. Pensez \u00e0 la sauvegarde des produits dans votre panier d'achat ou \u00e0 la m\u00e9morisation d'un login. En outre, la fonction de chat avec notre service d'assistance est activ\u00e9e par les cookies.<\/p>\n\n\n\n<p><a href=\"https:\/\/www.tawk.to\/privacy-policy\/\">Tawk Chat (supprim\u00e9 apr\u00e8s la session)<\/a><\/p>\n\n\n\n<h3 class=\"wp-block-heading\">Cookies analytiques<\/h3>\n\n\n\n<p>LEDshoponline utilise Google Analytics pour examiner l'utilisation de ses sites web afin de mieux comprendre comment et \u00e0 quelle fr\u00e9quence les sites et les pages sont visit\u00e9s. Gr\u00e2ce \u00e0 ces informations, LEDshoponline peut proc\u00e9der \u00e0 des ajustements et \u00e0 des am\u00e9liorations et s'assurer que les sites web continuent \u00e0 fonctionner de mani\u00e8re optimale. LEDshoponline traite des statistiques anonymes sur les visites des sites web.<\/p>\n\n\n\n<p><a href=\"https:\/\/policies.google.com\/privacy?hl=nl\" target=\"_blank\" rel=\"noreferrer noopener\">Google Analytics (30 jours)<\/a><\/p>\n\n\n\n<h3 class=\"wp-block-heading\">Cookies marketing<\/h3>\n\n\n\n<p>LEDshoponline utilise des cookies de Google et Facebook \u00e0 des fins de marketing. Ces cookies nous permettent d'afficher nos publicit\u00e9s sur des sites partenaires et des m\u00e9dias sociaux. Les visiteurs qui ont d\u00e9j\u00e0 montr\u00e9 de l'int\u00e9r\u00eat pour nos produits ou services peuvent voir des offres de LEDshoponline sur d'autres sites web.<\/p>\n\n\n\n<p><a href=\"https:\/\/policies.google.com\/privacy?hl=nl\" target=\"_blank\" rel=\"noreferrer noopener\">Google Doubleclick (18 mois)<\/a><\/p>\n\n\n\n<p><a href=\"https:\/\/www.facebook.com\/policies\/cookies\/\" target=\"_blank\" rel=\"noreferrer noopener\">Facebook (max 2 ans)<\/a><\/p>\n\n\n\n<h3 class=\"wp-block-heading\">Vous pr\u00e9f\u00e9rez ne pas manger de biscuits ?<\/h3>\n\n\n\n<p>Les cookies peuvent \u00eatre facilement supprim\u00e9s via votre navigateur. Veuillez noter que les sites web peuvent ne pas fonctionner de mani\u00e8re optimale sans cookies. Vous trouverez ci-dessous une liste des navigateurs les plus couramment utilis\u00e9s et un lien vers de plus amples explications sur la mani\u00e8re de supprimer les cookies :<\/p>\n\n\n\n<ul class=\"wp-block-list\">\n<li><a href=\"https:\/\/support.google.com\/chrome\/answer\/95647?hl=nl\" target=\"_blank\" rel=\"noreferrer noopener\">Google Chrome<\/a><\/li>\n\n\n\n<li><a href=\"https:\/\/support.mozilla.org\/nl\/kb\/cookies-informatie-websites-computer-opgeslagen?redirectlocale=nlu0026amp;redirectslug=cookies-informatie-websites-op-uw-computer-opslaan\" target=\"_blank\" rel=\"noreferrer noopener\">Mozilla Firefox<\/a><\/li>\n\n\n\n<li><a href=\"https:\/\/support.microsoft.com\/nl-nl\/help\/17442\/windows-internet-explorer-delete-manage-cookies\" target=\"_blank\" rel=\"noreferrer noopener\">Internet Explorer 7 et 8<\/a><\/li>\n\n\n\n<li><a href=\"https:\/\/support.microsoft.com\/nl-nl\/products\/windows?os=windows-10\" target=\"_blank\" rel=\"noreferrer noopener\">Internet Explorer 9<\/a><\/li>\n\n\n\n<li><a href=\"https:\/\/www.apple.com\/legal\/privacy\/nl\/cookies\/\" target=\"_blank\" rel=\"noreferrer noopener\">Safari<\/a><\/li>\n<\/ul>\n\n\n\n<p>Otegem, avril 2024<br>SEOboost BV D\u00e9claration de cookie<\/p>\n\n\n\n<p>LEDshoponline - Seoboost BV utilise des cookies sur ses sites web. Nous le faisons pour analyser nos sites Web et les faire fonctionner de mani\u00e8re optimale, pour am\u00e9liorer nos services, pour les m\u00e9dias sociaux et pour afficher des publicit\u00e9s pertinentes sur d'autres sites Web.<\/p>\n\n\n\n<h3 class=\"wp-block-heading\">Qu'est-ce qu'un biscuit ?<\/h3>\n\n\n\n<p>Les cookies sont de petits fichiers texte plac\u00e9s temporairement sur votre PC, tablette ou t\u00e9l\u00e9phone portable par une page internet.<\/p>\n\n\n\n<p>Les sites web suivants utilisent des cookies ou des techniques similaires :<br><a href=\"https:\/\/ledshoponline.be\/fr\/\">https:\/\/ledshoponline.be\/<\/a><\/p>\n\n\n\n<p>Vous trouverez ci-dessous la liste des cookies que nous utilisons, ainsi que leur fonctionnalit\u00e9.<\/p>\n\n\n\n<h3 class=\"wp-block-heading\">Cookies fonctionnels<\/h3>\n\n\n\n<p>Gr\u00e2ce \u00e0 ces cookies, vous ne devez pas saisir ou t\u00e9l\u00e9charger les m\u00eames informations chaque fois que vous revenez sur notre site. Pensez \u00e0 la sauvegarde des produits dans votre panier d'achat ou \u00e0 la m\u00e9morisation d'un login. En outre, la fonction de chat avec notre service d'assistance est activ\u00e9e par les cookies.<\/p>\n\n\n\n<p><a href=\"https:\/\/www.tawk.to\/privacy-policy\/\">Tawk Chat (supprim\u00e9 apr\u00e8s la session)<\/a><\/p>\n\n\n\n<h3 class=\"wp-block-heading\">Cookies analytiques<\/h3>\n\n\n\n<p>LEDshoponline utilise Google Analytics pour examiner l'utilisation de ses sites web afin de mieux comprendre comment et \u00e0 quelle fr\u00e9quence les sites et les pages sont visit\u00e9s. Gr\u00e2ce \u00e0 ces informations, LEDshoponline peut proc\u00e9der \u00e0 des ajustements et \u00e0 des am\u00e9liorations et s'assurer que les sites web continuent \u00e0 fonctionner de mani\u00e8re optimale. LEDshoponline traite des statistiques anonymes sur les visites des sites web.<\/p>\n\n\n\n<p><a href=\"https:\/\/policies.google.com\/privacy?hl=nl\" target=\"_blank\" rel=\"noreferrer noopener\">Google Analytics (30 jours)<\/a><\/p>\n\n\n\n<h3 class=\"wp-block-heading\">Cookies marketing<\/h3>\n\n\n\n<p>LEDshoponline utilise des cookies de Google et Facebook \u00e0 des fins de marketing. Ces cookies nous permettent d'afficher nos publicit\u00e9s sur des sites partenaires et des m\u00e9dias sociaux. Les visiteurs qui ont d\u00e9j\u00e0 montr\u00e9 de l'int\u00e9r\u00eat pour nos produits ou services peuvent voir des offres de LEDshoponline sur d'autres sites web.<\/p>\n\n\n\n<p><a href=\"https:\/\/policies.google.com\/privacy?hl=nl\" target=\"_blank\" rel=\"noreferrer noopener\">Google Doubleclick (18 mois)<\/a><\/p>\n\n\n\n<p><a href=\"https:\/\/www.facebook.com\/policies\/cookies\/\" target=\"_blank\" rel=\"noreferrer noopener\">Facebook (max 2 ans)<\/a><\/p>\n\n\n\n<h3 class=\"wp-block-heading\">Vous pr\u00e9f\u00e9rez ne pas manger de biscuits ?<\/h3>\n\n\n\n<p>Les cookies peuvent \u00eatre facilement supprim\u00e9s via votre navigateur. Veuillez noter que les sites web peuvent ne pas fonctionner de mani\u00e8re optimale sans cookies. Vous trouverez ci-dessous une liste des navigateurs les plus couramment utilis\u00e9s et un lien vers de plus amples explications sur la mani\u00e8re de supprimer les cookies :<\/p>\n\n\n\n<ul class=\"wp-block-list\">\n<li><a href=\"https:\/\/support.google.com\/chrome\/answer\/95647?hl=nl\" target=\"_blank\" rel=\"noreferrer noopener\">Google Chrome<\/a><\/li>\n\n\n\n<li><a href=\"https:\/\/support.mozilla.org\/nl\/kb\/cookies-informatie-websites-computer-opgeslagen?redirectlocale=nlu0026amp;redirectslug=cookies-informatie-websites-op-uw-computer-opslaan\" target=\"_blank\" rel=\"noreferrer noopener\">Mozilla Firefox<\/a><\/li>\n\n\n\n<li><a href=\"https:\/\/support.microsoft.com\/nl-nl\/help\/17442\/windows-internet-explorer-delete-manage-cookies\" target=\"_blank\" rel=\"noreferrer noopener\">Internet Explorer 7 et 8<\/a><\/li>\n\n\n\n<li><a href=\"https:\/\/support.microsoft.com\/nl-nl\/products\/windows?os=windows-10\" target=\"_blank\" rel=\"noreferrer noopener\">Internet Explorer 9<\/a><\/li>\n\n\n\n<li><a href=\"https:\/\/www.apple.com\/legal\/privacy\/nl\/cookies\/\" target=\"_blank\" rel=\"noreferrer noopener\">Safari<\/a><\/li>\n<\/ul>\n\n\n\n<p>Otegem, avril 2024<br>SEOboost BV D\u00e9claration de cookie<\/p>\n\n\n\n<p>LEDshoponline - BVBA Seoboost utilise des cookies sur ses sites web. Nous le faisons pour analyser nos sites web et les faire fonctionner de mani\u00e8re optimale, pour am\u00e9liorer nos services, pour les m\u00e9dias sociaux et pour afficher des publicit\u00e9s pertinentes sur d'autres sites web.<\/p>\n\n\n\n<h3 class=\"wp-block-heading\">Qu'est-ce qu'un biscuit ?<\/h3>\n\n\n\n<p>Les cookies sont de petits fichiers texte plac\u00e9s temporairement sur votre PC, tablette ou t\u00e9l\u00e9phone portable par une page internet.<\/p>\n\n\n\n<p>Les sites web suivants utilisent des cookies ou des techniques similaires :<br><a href=\"https:\/\/ledshoponline.be\/fr\/\">https:\/\/ledshoponline.be\/<\/a><\/p>\n\n\n\n<p>Vous trouverez ci-dessous la liste des cookies que nous utilisons, ainsi que leur fonctionnalit\u00e9.<\/p>\n\n\n\n<h3 class=\"wp-block-heading\">Cookies fonctionnels<\/h3>\n\n\n\n<p>Gr\u00e2ce \u00e0 ces cookies, vous ne devez pas saisir ou t\u00e9l\u00e9charger les m\u00eames informations chaque fois que vous revenez sur notre site. Pensez \u00e0 la sauvegarde des produits dans votre panier d'achat ou \u00e0 la m\u00e9morisation d'un login. En outre, la fonction de chat avec notre service d'assistance est activ\u00e9e par les cookies.<\/p>\n\n\n\n<p><a href=\"https:\/\/www.tawk.to\/privacy-policy\/\">Tawk Chat (supprim\u00e9 apr\u00e8s la session)<\/a><\/p>\n\n\n\n<h3 class=\"wp-block-heading\">Cookies analytiques<\/h3>\n\n\n\n<p>LEDshoponline utilise Google Analytics pour examiner l'utilisation de ses sites web afin de mieux comprendre comment et \u00e0 quelle fr\u00e9quence les sites et les pages sont visit\u00e9s. Gr\u00e2ce \u00e0 ces informations, LEDshoponline peut proc\u00e9der \u00e0 des ajustements et \u00e0 des am\u00e9liorations et s'assurer que les sites web continuent \u00e0 fonctionner de mani\u00e8re optimale. LEDshoponline traite des statistiques anonymes sur les visites des sites web.<\/p>\n\n\n\n<p><a href=\"https:\/\/policies.google.com\/privacy?hl=nl\" target=\"_blank\" rel=\"noreferrer noopener\">Google Analytics (30 jours)<\/a><\/p>\n\n\n\n<h3 class=\"wp-block-heading\">Cookies marketing<\/h3>\n\n\n\n<p>LEDshoponline utilise des cookies de Google et Facebook \u00e0 des fins de marketing. Ces cookies nous permettent d'afficher nos publicit\u00e9s sur des sites partenaires et des m\u00e9dias sociaux. Les visiteurs qui ont d\u00e9j\u00e0 montr\u00e9 de l'int\u00e9r\u00eat pour nos produits ou services peuvent voir des offres de LEDshoponline sur d'autres sites web.<\/p>\n\n\n\n<p><a href=\"https:\/\/policies.google.com\/privacy?hl=nl\" target=\"_blank\" rel=\"noreferrer noopener\">Google Doubleclick (18 mois)<\/a><\/p>\n\n\n\n<p><a href=\"https:\/\/www.facebook.com\/policies\/cookies\/\" target=\"_blank\" rel=\"noreferrer noopener\">Facebook (max 2 ans)<\/a><\/p>\n\n\n\n<h3 class=\"wp-block-heading\">Vous pr\u00e9f\u00e9rez ne pas manger de biscuits ?<\/h3>\n\n\n\n<p>Les cookies peuvent \u00eatre facilement supprim\u00e9s via votre navigateur. Veuillez noter que les sites web peuvent ne pas fonctionner de mani\u00e8re optimale sans cookies. Vous trouverez ci-dessous une liste des navigateurs les plus couramment utilis\u00e9s et un lien vers de plus amples explications sur la mani\u00e8re de supprimer les cookies :<\/p>\n\n\n\n<ul class=\"wp-block-list\">\n<li><a href=\"https:\/\/support.google.com\/chrome\/answer\/95647?hl=nl\" target=\"_blank\" rel=\"noreferrer noopener\">Google Chrome<\/a><\/li>\n\n\n\n<li><a href=\"https:\/\/support.mozilla.org\/nl\/kb\/cookies-informatie-websites-computer-opgeslagen?redirectlocale=nlu0026amp;redirectslug=cookies-informatie-websites-op-uw-computer-opslaan\" target=\"_blank\" rel=\"noreferrer noopener\">Mozilla Firefox<\/a><\/li>\n\n\n\n<li><a href=\"https:\/\/support.microsoft.com\/nl-nl\/help\/17442\/windows-internet-explorer-delete-manage-cookies\" target=\"_blank\" rel=\"noreferrer noopener\">Internet Explorer 7 et 8<\/a><\/li>\n\n\n\n<li><a href=\"https:\/\/support.microsoft.com\/nl-nl\/products\/windows?os=windows-10\" target=\"_blank\" rel=\"noreferrer noopener\">Internet Explorer 9<\/a><\/li>\n\n\n\n<li><a href=\"https:\/\/www.apple.com\/legal\/privacy\/nl\/cookies\/\" target=\"_blank\" rel=\"noreferrer noopener\">Safari<\/a><\/li>\n<\/ul>\n\n\n\n<p>Otegem, avril 2018<br>SEOboost BV<\/p>","protected":false},"excerpt":{"rendered":"<p>D\u00e9claration relative aux cookies LEDshoponline - Seoboost BV utilise des cookies sur ses sites web. Nous le faisons afin d'am\u00e9liorer notre<\/p>","protected":false},"author":1,"featured_media":0,"parent":0,"menu_order":0,"comment_status":"closed","ping_status":"closed","template":"","meta":{"_seopress_robots_primary_cat":"","_seopress_titles_title":"","_seopress_titles_desc":"","_seopress_robots_index":"","footnotes":""},"class_list":["post-528961","page","type-page","status-publish","hentry"],"_links":{"self":[{"href":"https:\/\/ledshoponline.be\/fr\/wp-json\/wp\/v2\/pages\/528961","targetHints":{"allow":["GET"]}}],"collection":[{"href":"https:\/\/ledshoponline.be\/fr\/wp-json\/wp\/v2\/pages"}],"about":[{"href":"https:\/\/ledshoponline.be\/fr\/wp-json\/wp\/v2\/types\/page"}],"author":[{"embeddable":true,"href":"https:\/\/ledshoponline.be\/fr\/wp-json\/wp\/v2\/users\/1"}],"replies":[{"embeddable":true,"href":"https:\/\/ledshoponline.be\/fr\/wp-json\/wp\/v2\/comments?post=528961"}],"version-history":[{"count":0,"href":"https:\/\/ledshoponline.be\/fr\/wp-json\/wp\/v2\/pages\/528961\/revisions"}],"wp:attachment":[{"href":"https:\/\/ledshoponline.be\/fr\/wp-json\/wp\/v2\/media?parent=528961"}],"curies":[{"name":"wp","href":"https:\/\/api.w.org\/{rel}","templated":true}]}}