{"id":4400,"date":"2021-10-12T15:51:09","date_gmt":"2021-10-12T15:51:09","guid":{"rendered":"http:\/\/dummy.xtemos.com\/woodmart2\/elementor\/?page_id=4400"},"modified":"2025-03-10T20:00:06","modified_gmt":"2025-03-10T20:00:06","slug":"a-propos-de-nous-3","status":"publish","type":"page","link":"https:\/\/ledshoponline.be\/fr\/about-us-3\/","title":{"rendered":"About us"},"content":{"rendered":"<div data-elementor-type=\"wp-page\" data-elementor-id=\"4400\" class=\"elementor elementor-4400\">\n\t\t\t\t<div class=\"wd-negative-gap elementor-element elementor-element-1c90c3f wd-section-stretch e-flex e-con-boxed e-con e-parent\" data-id=\"1c90c3f\" data-element_type=\"container\" data-e-type=\"container\" data-settings=\"{&quot;background_background&quot;:&quot;classic&quot;}\">\n\t\t\t\t\t<div class=\"e-con-inner\">\n\t\t\t\t<div class=\"elementor-element elementor-element-5d57672 elementor-widget__width-initial elementor-widget-tablet__width-inherit wd-width-100 elementor-widget elementor-widget-wd_title\" data-id=\"5d57672\" data-element_type=\"widget\" data-e-type=\"widget\" data-widget_type=\"wd_title.default\">\n\t\t\t\t<div class=\"elementor-widget-container\">\n\t\t\t\t\t\t\t<div class=\"title-wrapper wd-set-mb reset-last-child wd-title-color-primary wd-title-style-default wd-title-size-large text-left\">\n\n\t\t\t\t\t\t\t\t\t\t\t<div class=\"title-subtitle subtitle-color-primary subtitle-style-default wd-fontsize-xs\">\n\t\t\t\t\tQUELQUES MOTS SUR NOUS\t\t\t\t<\/div>\n\t\t\t\n\t\t\t<div class=\"liner-continer\">\n\t\t\t\t<h4 class=\"woodmart-title-container title wd-fontsize-xxl\">L'histoire de LEDshoponline<\/h4> \n\t\t\t\t\t\t\t<\/div>\n\n\t\t\t\t\t<\/div>\n\t\t\t\t\t\t<\/div>\n\t\t\t\t<\/div>\n\t\t\t\t\t<\/div>\n\t\t\t\t<\/div>\n\t\t<div class=\"wd-negative-gap elementor-element elementor-element-7c7c544 e-flex e-con-boxed e-con e-parent\" data-id=\"7c7c544\" data-element_type=\"container\" data-e-type=\"container\">\n\t\t\t\t\t<div class=\"e-con-inner\">\n\t\t<div class=\"elementor-element elementor-element-e7cb5cd e-con-full e-flex e-con e-child\" data-id=\"e7cb5cd\" data-element_type=\"container\" data-e-type=\"container\">\n\t\t\t\t<div class=\"elementor-element elementor-element-56aec39 elementor-widget elementor-widget-wd_image_or_svg\" data-id=\"56aec39\" data-element_type=\"widget\" data-e-type=\"widget\" data-widget_type=\"wd_image_or_svg.default\">\n\t\t\t\t<div class=\"elementor-widget-container\">\n\t\t\t\t\t\n\t\t<div class=\"wd-image text-left\">\n\t\t\t\t\t\t\t\t<img fetchpriority=\"high\" decoding=\"async\" width=\"580\" height=\"580\" src=\"https:\/\/ledshoponline.be\/wp-content\/uploads\/2021\/10\/about-us-3-image-1.jpg\" class=\"attachment-full size-full\" alt=\"\" srcset=\"https:\/\/ledshoponline.be\/wp-content\/uploads\/2021\/10\/about-us-3-image-1.jpg 580w, https:\/\/ledshoponline.be\/wp-content\/uploads\/2021\/10\/about-us-3-image-1-430x430.jpg 430w, https:\/\/ledshoponline.be\/wp-content\/uploads\/2021\/10\/about-us-3-image-1-150x150.jpg 150w\" sizes=\"(max-width: 580px) 100vw, 580px\" loading=\"eager\" \/>\t\t\t\t\t<\/div>\n\n\t\t\t\t\t\t<\/div>\n\t\t\t\t<\/div>\n\t\t\t\t<\/div>\n\t\t<div class=\"elementor-element elementor-element-97d6084 e-con-full e-flex e-con e-child\" data-id=\"97d6084\" data-element_type=\"container\" data-e-type=\"container\">\n\t\t\t\t<div class=\"elementor-element elementor-element-66e47ad elementor-widget elementor-widget-wd_text_block\" data-id=\"66e47ad\" data-element_type=\"widget\" data-e-type=\"widget\" data-widget_type=\"wd_text_block.default\">\n\t\t\t\t<div class=\"elementor-widget-container\">\n\t\t\t\t\t\t\t<div class=\"wd-text-block reset-last-child text-left\">\n\t\t\t\n\t\t\t<p data-pm-slice=\"1 1 []\">Nous apportons de la lumi\u00e8re \u00e0 l'\u00e9clairage LED depuis 2009 ! LEDSHOPONLINE.BE est un acteur \u00e9tabli dans le monde de l'\u00e9clairage LED et fait partie de SEOboost BV depuis 2018. Avec plus de 15 ans d'exp\u00e9rience, nous sommes sp\u00e9cialis\u00e9s dans les \u00e9clairages LED de haute qualit\u00e9 et tous les accessoires connexes, tant pour les particuliers que pour les entreprises.<\/p><p>Notre passion et notre expertise ont conduit \u00e0 la cr\u00e9ation de notre propre marque YARLED, anciennement connue sous le nom de NORTOMLED. Nos produits sont fabriqu\u00e9s conform\u00e9ment aux normes de qualit\u00e9 europ\u00e9ennes les plus strictes et contiennent les meilleurs composants. Nous garantissons ainsi une qualit\u00e9 et une durabilit\u00e9 optimales.<\/p>\n\t\t\t\t\t<\/div>\n\t\t\t\t\t\t<\/div>\n\t\t\t\t<\/div>\n\t\t\t\t<\/div>\n\t\t\t\t\t<\/div>\n\t\t\t\t<\/div>\n\t\t<div class=\"wd-negative-gap elementor-element elementor-element-d14197c e-flex e-con-boxed e-con e-parent\" data-id=\"d14197c\" data-element_type=\"container\" data-e-type=\"container\">\n\t\t\t\t\t<div class=\"e-con-inner\">\n\t\t\t\t<div class=\"elementor-element elementor-element-f5bcbca elementor-widget elementor-widget-wd_text_block\" data-id=\"f5bcbca\" data-element_type=\"widget\" data-e-type=\"widget\" data-widget_type=\"wd_text_block.default\">\n\t\t\t\t<div class=\"elementor-widget-container\">\n\t\t\t\t\t\t\t<div class=\"wd-text-block reset-last-child text-left\">\n\t\t\t\n\t\t\t<h3 data-pm-slice=\"1 1 []\">Pourquoi choisir LEDSHOPONLINE ?<\/h3><p>Nous ne sommes pas un acteur temporaire, mais un pionnier de l'\u00e9clairage LED. En 2019, nous avons fi\u00e8rement c\u00e9l\u00e9br\u00e9 nos 10 ans d'existence, ce qui t\u00e9moigne de notre fiabilit\u00e9 et de notre expertise. Notre marque maison YARLED combine des ann\u00e9es d'exp\u00e9rience en mati\u00e8re de fabrication avec une \u00e9lectronique interne de haute qualit\u00e9, ce qui fait de nos \u00e9clairages LED l'un des plus fiables du march\u00e9. Outre YARLED, nous proposons \u00e9galement une gamme soigneusement s\u00e9lectionn\u00e9e des meilleures marques de lampes LED et d'accessoires.<\/p><h3>Garantie et service excellents<\/h3><p>La qualit\u00e9 et la satisfaction du client sont nos principales priorit\u00e9s. Dans le cas improbable d'un d\u00e9faut, nous assurons un remplacement rapide et gratuit. La p\u00e9riode de garantie de chaque produit est indiqu\u00e9e dans les sp\u00e9cifications du produit. Vous avez des questions ? Consultez notre FAQ ou contactez-nous via <a>info@ledshoponline.be<\/a>.<\/p><h3>Notre mission<\/h3><p>Notre mission est claire : nous voulons remplacer l'\u00e9clairage traditionnel par un \u00e9clairage LED \u00e9conome en \u00e9nergie et durable dans chaque salon, lieu d'accueil, bureau ou atelier. L'\u00e9clairage LED est non seulement plus respectueux de l'environnement et plus \u00e9conome en \u00e9nergie, mais il a \u00e9galement une dur\u00e9e de vie plus longue et n\u00e9cessite moins d'entretien. De plus, une lampe LED de qualit\u00e9 fournit une lumi\u00e8re stable et confortable, sans scintillement g\u00eanant.<\/p><h3>Nos valeurs<\/h3><p>La qualit\u00e9 et le service sont d'une importance capitale pour nous. Nos excellentes critiques et notre longue existence dans ce secteur en sont la preuve. Nous fournissons des \u00e9clairages LED au meilleur rapport qualit\u00e9-prix et nous vous garantissons que vous ferez toujours un achat fiable chez nous.<\/p><p>Pour les lampes et l'\u00e9clairage LED, LEDSHOPONLINE est l'endroit o\u00f9 il faut \u00eatre. Nous ne vous laisserons pas tomber !<\/p>\n\t\t\t\t\t<\/div>\n\t\t\t\t\t\t<\/div>\n\t\t\t\t<\/div>\n\t\t\t\t\t<\/div>\n\t\t\t\t<\/div>\n\t\t\t\t<\/div>","protected":false},"excerpt":{"rendered":"<p>ENKELE WOORDEN OVER ONS Het verhaal achter LEDshoponline Sinds 2009 brengen wij licht in LED-verlichting! LEDSHOPONLINE.BE is een gevestigde waarde<\/p>","protected":false},"author":1,"featured_media":0,"parent":0,"menu_order":0,"comment_status":"closed","ping_status":"closed","template":"","meta":{"_seopress_robots_primary_cat":"","_seopress_titles_title":"","_seopress_titles_desc":"","_seopress_robots_index":"","footnotes":""},"class_list":["post-4400","page","type-page","status-publish","hentry"],"_links":{"self":[{"href":"https:\/\/ledshoponline.be\/fr\/wp-json\/wp\/v2\/pages\/4400","targetHints":{"allow":["GET"]}}],"collection":[{"href":"https:\/\/ledshoponline.be\/fr\/wp-json\/wp\/v2\/pages"}],"about":[{"href":"https:\/\/ledshoponline.be\/fr\/wp-json\/wp\/v2\/types\/page"}],"author":[{"embeddable":true,"href":"https:\/\/ledshoponline.be\/fr\/wp-json\/wp\/v2\/users\/1"}],"replies":[{"embeddable":true,"href":"https:\/\/ledshoponline.be\/fr\/wp-json\/wp\/v2\/comments?post=4400"}],"version-history":[{"count":0,"href":"https:\/\/ledshoponline.be\/fr\/wp-json\/wp\/v2\/pages\/4400\/revisions"}],"wp:attachment":[{"href":"https:\/\/ledshoponline.be\/fr\/wp-json\/wp\/v2\/media?parent=4400"}],"curies":[{"name":"wp","href":"https:\/\/api.w.org\/{rel}","templated":true}]}}