{"id":3,"date":"2025-03-09T19:17:36","date_gmt":"2025-03-09T19:17:36","guid":{"rendered":"https:\/\/hlncaxea.a2hosted.com\/?page_id=3"},"modified":"2025-03-10T20:05:42","modified_gmt":"2025-03-10T20:05:42","slug":"politique-de-confidentialite","status":"publish","type":"page","link":"https:\/\/ledshoponline.be\/fr\/privacy-policy\/","title":{"rendered":"Politique De Confidentialit\u00e9"},"content":{"rendered":"<h1 class=\"wp-block-heading\">D\u00e9claration de confidentialit\u00e9<\/h1>\n\n\n\n<h2 class=\"wp-block-heading\">Vie priv\u00e9e AVG - GDPR<\/h2>\n\n\n\n<p>La personne responsable de l'application du r\u00e8glement AVG - GDPR et d'autres lois et r\u00e8glements relatifs \u00e0 la protection de la vie priv\u00e9e est la suivante :<br>SEOboost bv - Ledshoponline.be<br>16 Musse Rue<br>8553 Otegem<br>E-mail:\u00a0info@ledshoponline.be\u00a0<br>Site web : ledshoponline.be<br>Directeur g\u00e9n\u00e9ral : Tom Noreilde<\/p>\n\n\n\n<h2 class=\"wp-block-heading\">Contacter notre responsable de la protection de la vie priv\u00e9e ?<\/h2>\n\n\n\n<p>Vous pouvez nous contacter au sujet de la d\u00e9claration de confidentialit\u00e9 aux coordonn\u00e9es suivantes :<br>SEOboost bv - ledshoponline.be<br>16 Musse Rue<br>8553 Otegem<br>E-mail:\u00a0info@ledshoponline.be\u00a0<br>Site web : ledshoponline.be<\/p>\n\n\n\n<h2 class=\"wp-block-heading\">Informations sur le traitement de vos donn\u00e9es personnelles.<\/h2>\n\n\n\n<h4 class=\"wp-block-heading\">Qu'est-ce que le \"traitement des donn\u00e9es \u00e0 caract\u00e8re personnel\" ?<\/h4>\n\n\n\n<p>Aux fins de la LAV, les donn\u00e9es \u00e0 caract\u00e8re personnel sont des donn\u00e9es relatives \u00e0 la situation d'une personne. Il s'agit par exemple de votre nom, de votre adresse, de votre date de naissance, etc. Les num\u00e9ros dits d'identification sont \u00e9galement consid\u00e9r\u00e9s comme des donn\u00e9es \u00e0 caract\u00e8re personnel s'ils peuvent \u00eatre associ\u00e9s \u00e0 une personne. Les num\u00e9ros d'identification sont par exemple votre num\u00e9ro de t\u00e9l\u00e9phone, votre num\u00e9ro de client, votre adresse \u00e9lectronique, votre num\u00e9ro de compte bancaire, votre num\u00e9ro de carte de cr\u00e9dit et l'adresse IP de votre ordinateur. Si ces donn\u00e9es sont rendues m\u00e9connaissables et ne peuvent plus \u00eatre reli\u00e9es \u00e0 votre personne (ce que l'on appelle \u00e9galement l'anonymisation), elles ne sont plus consid\u00e9r\u00e9es comme des donn\u00e9es \u00e0 caract\u00e8re personnel. Le traitement des donn\u00e9es \u00e0 caract\u00e8re personnel comprend tout ce qui peut \u00eatre fait avec les informations, comme la collecte, le stockage, l'adaptation, la modification, l'extraction, le transfert, l'\u00e9tablissement d'un lien ou la suppression.<\/p>\n\n\n\n<h4 class=\"wp-block-heading\">2. Nous traitons toujours vos donn\u00e9es conform\u00e9ment aux r\u00e8gles de l'article 6 de la loi sur la protection des donn\u00e9es.<\/h4>\n\n\n\n<p>Le traitement des donn\u00e9es \u00e0 caract\u00e8re personnel n'est autoris\u00e9 que s'il existe une base juridique, par exemple si vous nous avez donn\u00e9 votre consentement, si vous souhaitez effectuer un achat chez nous ou si nous pouvons prouver que nous avons un int\u00e9r\u00eat l\u00e9gitime \u00e0 traiter vos donn\u00e9es \u00e0 caract\u00e8re personnel. Nous traitons vos donn\u00e9es \u00e0 caract\u00e8re personnel pour traiter une commande que vous avez pass\u00e9e dans notre boutique en ligne (c'est-\u00e0-dire lorsque vous concluez un contrat d'achat avec nous). Cela inclut, par exemple, des informations sur les articles que vous avez plac\u00e9s dans le panier (m\u00eame temporairement) et sur les articles que vous avez command\u00e9s \u00e0 tel ou tel moment. Si vous \u00eates d'accord et que vous nous donnez votre consentement, nous collecterons et traiterons \u00e9galement des informations suppl\u00e9mentaires vous concernant. Il s'agit, par exemple, de donn\u00e9es sur la fa\u00e7on dont vous visitez et utilisez notre site web et sur votre abonnement \u00e0 notre lettre d'information. Ces informations suppl\u00e9mentaires nous permettent d'am\u00e9liorer la qualit\u00e9 de notre site web et de notre service. En tout \u00e9tat de cause, nous avons besoin de votre consentement (ou nous l'avons d\u00e9j\u00e0 obtenu) pour toutes les op\u00e9rations qui vont au-del\u00e0 du traitement proprement dit d'une commande, telles que :<\/p>\n\n\n\n<ul class=\"wp-block-list\">\n<li>Envoi de notre lettre d'information<\/li>\n<\/ul>\n\n\n\n<p>Nous pouvons traiter vos donn\u00e9es personnelles sans votre consentement lorsque le consentement pr\u00e9alable n'est pas possible pour des raisons valables, mais que le traitement de vos donn\u00e9es est autoris\u00e9 par la loi. Il existe \u00e9galement d'autres cas o\u00f9 nous traitons vos donn\u00e9es \u00e0 caract\u00e8re personnel sans votre consentement. Cela se fait alors sur la base des int\u00e9r\u00eats l\u00e9gitimes de notre entreprise ou des int\u00e9r\u00eats d'un tiers (article 6, paragraphe 1, lettre f, de la loi sur la protection des donn\u00e9es). Dans les cas suivants, par exemple, il existe un int\u00e9r\u00eat l\u00e9gitime de notre entreprise :<\/p>\n\n\n\n<ul class=\"wp-block-list\">\n<li>Envoi de lettres d'information aux clients existants<\/li>\n\n\n\n<li>la mise \u00e0 disposition de votre adresse \u00e0 des tiers ou \u00e0 des filiales de notre soci\u00e9t\u00e9 \u00e0 des fins publicitaires<\/li>\n\n\n\n<li>Envoi de catalogues<\/li>\n<\/ul>\n\n\n\n<p>Si nous voulons faire valoir ces int\u00e9r\u00eats l\u00e9gitimes, la loi AVG exige que nous v\u00e9rifiions d'abord que vos droits et libert\u00e9s personnels ne sont pas compromis.<\/p>\n\n\n\n<h4 class=\"wp-block-heading\">3. Nous ne conservons pas vos donn\u00e9es plus longtemps que n\u00e9cessaire<\/h4>\n\n\n\n<p>Vos donn\u00e9es personnelles seront supprim\u00e9es lorsque nous n'en aurons plus besoin et qu'aucune des bases juridiques susmentionn\u00e9es n'existera plus. Dans certains cas, des obligations l\u00e9gales peuvent nous obliger \u00e0 conserver vos donn\u00e9es personnelles. Si nous conservons vos donn\u00e9es plus longtemps pour d'autres raisons, par exemple pour am\u00e9liorer notre service, nous ne le ferons que si vous nous avez donn\u00e9 votre consentement ou si nous avons un int\u00e9r\u00eat l\u00e9gitime \u00e0 le faire. Si nous ne pouvons pas effacer vos donn\u00e9es \u00e0 caract\u00e8re personnel pour des raisons techniques, vos donn\u00e9es seront en tout \u00e9tat de cause exclues de tout traitement ult\u00e9rieur (\"bloqu\u00e9es\").<\/p>\n\n\n\n<h4 class=\"wp-block-heading\">4. Protection des donn\u00e9es : transmission des donn\u00e9es via une connexion SSL s\u00e9curis\u00e9e<\/h4>\n\n\n\n<p>Nous sommes conscients que la protection de vos donn\u00e9es lors de vos achats en ligne est importante pour vous. C'est pourquoi vos donn\u00e9es personnelles (adresse, num\u00e9ro de client, d\u00e9tails de la commande, etc.) sont transmises chez nous sous forme crypt\u00e9e \u00e0 l'aide de la technologie SSL (Secure Socket Layer SSL 3.0, RC4 avec cryptage 128 bits (\u00e9lev\u00e9), RSA 1024 bits, en fonction du navigateur utilis\u00e9). Cela emp\u00eache les tiers non autoris\u00e9s d'acc\u00e9der \u00e0 vos donn\u00e9es. La connexion s\u00e9curis\u00e9e est reconnaissable dans votre navigateur aux deux points suivants : l'adresse web est pr\u00e9c\u00e9d\u00e9e de la mention \"https : \/\/ ...\" au lieu de \"http : \/\/ ...\" et un cadenas ferm\u00e9 est affich\u00e9. Vous souhaitez obtenir plus d'informations sur notre certificat SSL ? Double-cliquez alors sur le cadenas affich\u00e9 dans votre navigateur.<\/p>\n\n\n\n<h2 class=\"wp-block-heading\">Vos droits.<\/h2>\n\n\n\n<p>Lorsque nous traitons vos donn\u00e9es personnelles, si vous pouvez vous identifier, vous disposez de plusieurs droits \u00e0 notre encontre en vertu de la loi sur la protection des donn\u00e9es.<\/p>\n\n\n\n<h4 class=\"wp-block-heading\">1. Droit de regard<\/h4>\n\n\n\n<p>Vous pouvez nous demander si nous traitons des donn\u00e9es \u00e0 caract\u00e8re personnel vous concernant. Si tel est le cas, vous pouvez, conform\u00e9ment \u00e0 la LVP, nous demander des informations sur les points suivants : (1) les finalit\u00e9s pour lesquelles vos donn\u00e9es personnelles sont trait\u00e9es ; (2) les cat\u00e9gories de donn\u00e9es personnelles trait\u00e9es ; (3) les destinataires ou cat\u00e9gories de destinataires auxquels vos donn\u00e9es personnelles ont \u00e9t\u00e9 fournies ou seront fournies ult\u00e9rieurement ; (4) la dur\u00e9e pr\u00e9vue de conservation de vos donn\u00e9es personnelles ou, si des informations sp\u00e9cifiques ne sont pas disponibles \u00e0 cet \u00e9gard, les crit\u00e8res permettant de d\u00e9terminer la dur\u00e9e de conservation ; (5) le droit de demander la modification ou l'effacement de vos donn\u00e9es personnelles, le droit de restreindre le traitement de vos donn\u00e9es personnelles et le droit d'opposition. (6) le droit d'introduire une r\u00e9clamation aupr\u00e8s d'une autorit\u00e9 de contr\u00f4le ; (7) toute information disponible sur l'origine de vos donn\u00e9es \u00e0 caract\u00e8re personnel, \u00e0 moins que vous n'ayez fourni vous-m\u00eame vos donn\u00e9es \u00e0 caract\u00e8re personnel ; (8) la prise de d\u00e9cision automatis\u00e9e et le profilage conform\u00e9ment \u00e0 l'article 22, paragraphes 1 et 4 de la LVP et, le cas \u00e9ch\u00e9ant, des informations utiles sur la logique sous-jacente, ainsi que les effets et les cons\u00e9quences attendues de la prise de d\u00e9cision automatis\u00e9e et du profilage \u00e0 votre \u00e9gard. Vous avez le droit de demander des informations sur le transfert \u00e9ventuel de vos donn\u00e9es \u00e0 caract\u00e8re personnel \u00e0 des pays tiers (c'est-\u00e0-dire des pays qui ne sont pas membres de l'Union europ\u00e9enne) ou \u00e0 des organisations internationales. Si tel est le cas, vous avez le droit d'\u00eatre inform\u00e9 du transfert de donn\u00e9es \u00e0 caract\u00e8re personnel conform\u00e9ment \u00e0 l'article 46 de la loi sur la protection des donn\u00e9es. 2.  Droit de rectification Vous avez le droit de rectifier et\/ou de compl\u00e9ter vos donn\u00e9es personnelles si celles-ci sont incorrectes ou incompl\u00e8tes. Nous proc\u00e9derons imm\u00e9diatement \u00e0 la rectification et\/ou au compl\u00e9ment. 3.  Droit \u00e0 la limitation du traitement de vos donn\u00e9es personnelles Dans certains cas, vous pouvez demander la limitation du traitement de vos donn\u00e9es personnelles : (1) lorsque vous contestez l'exactitude de vos donn\u00e9es personnelles, le traitement de vos donn\u00e9es peut \u00eatre limit\u00e9 pendant un certain temps pour nous permettre de v\u00e9rifier l'exactitude de vos donn\u00e9es personnelles ; (2) lorsque le traitement de vos donn\u00e9es personnelles est ill\u00e9gal et que vous ne souhaitez pas que vos donn\u00e9es personnelles soient effac\u00e9es, vous pouvez demander la limitation du traitement de vos donn\u00e9es personnelles (3) lorsque nous n'avons plus besoin de vos donn\u00e9es \u00e0 caract\u00e8re personnel \u00e0 des fins de traitement, mais que vous en avez besoin en raison d'une revendication l\u00e9gale ; (4) lorsque vous vous \u00eates oppos\u00e9 au traitement et qu'il n'est pas encore certain que les motifs de notre entreprise l'emportent sur les v\u00f4tres. Lorsque le traitement de vos donn\u00e9es personnelles est limit\u00e9, les donn\u00e9es, \u00e0 l'exception de leur stockage, ne seront trait\u00e9es qu'avec votre consentement, en raison d'une r\u00e9clamation l\u00e9gale ou pour prot\u00e9ger les droits d'une autre personne physique ou morale. Lorsque nous restreignons le traitement de vos donn\u00e9es, nous vous en informons avant de lever la restriction.<\/p>\n\n\n\n<h4 class=\"wp-block-heading\">4. Droit \u00e0 l'effacement des donn\u00e9es (\"droit \u00e0 l'oubli\")<\/h4>\n\n\n\n<p>Dans certains cas, vous pouvez nous demander d'effacer imm\u00e9diatement vos donn\u00e9es personnelles. Nous sommes tenus d'effacer imm\u00e9diatement les donn\u00e9es dans les cas suivants. (1) Les donn\u00e9es \u00e0 caract\u00e8re personnel ne sont plus n\u00e9cessaires aux fins pour lesquelles elles ont \u00e9t\u00e9 collect\u00e9es ou trait\u00e9es d'une autre mani\u00e8re ; (2) Vous r\u00e9voquez votre consentement (voir ci-dessous) ou il n'existe aucune autre base juridique pour le traitement de vos donn\u00e9es \u00e0 caract\u00e8re personnel ; (3) Vous vous opposez au traitement de vos donn\u00e9es \u00e0 caract\u00e8re personnel (voir ci-dessous) et il n'existe aucun motif l\u00e9gitime de les traiter ; (4) Nous avons trait\u00e9 ill\u00e9galement vos donn\u00e9es \u00e0 caract\u00e8re personnel ; (5) Les donn\u00e9es \u00e0 caract\u00e8re personnel doivent \u00eatre effac\u00e9es pour respecter une obligation l\u00e9gale d\u00e9crite dans le droit de l'Union ou d'un \u00c9tat membre. Lorsque nous avons divulgu\u00e9 vos donn\u00e9es \u00e0 caract\u00e8re personnel et que nous devons les effacer, nous devons prendre des mesures pour informer les autres entreprises qui traitent vos donn\u00e9es \u00e0 caract\u00e8re personnel que vous nous avez demand\u00e9 d'effacer vos donn\u00e9es \u00e0 caract\u00e8re personnel (et toutes les copies de celles-ci), en tenant compte de la technologie disponible et des co\u00fbts de mise en \u0153uvre (\"droit \u00e0 l'effacement\"). Le droit \u00e0 l'effacement des donn\u00e9es n'existe pas lorsque le traitement de vos donn\u00e9es \u00e0 caract\u00e8re personnel est n\u00e9cessaire : (1) \u00e0 l'exercice du droit \u00e0 la libert\u00e9 d'expression et d'information ; (2) au respect d'une obligation l\u00e9gale de traitement pr\u00e9vue par le droit de l'Union ou le droit des \u00c9tats membres et incombant au responsable du traitement, ou \u00e0 l'ex\u00e9cution d'une mission d'int\u00e9r\u00eat public ou relevant de l'exercice de l'autorit\u00e9 publique dont est investi le responsable du traitement ; (3) pour des motifs d'int\u00e9r\u00eat public dans le domaine de la sant\u00e9 publique conform\u00e9ment \u00e0 l'article 9, paragraphe 2, points h) et i), et \u00e0 l'article 9, paragraphe 3, du RGPD ; (4) en raison d'une demande en justice.<\/p>\n\n\n\n<h4 class=\"wp-block-heading\">5. Droit pour les tiers d'\u00eatre inform\u00e9s de la rectification ou de l'effacement des donn\u00e9es \u00e0 caract\u00e8re personnel ou de la limitation de leur traitement<\/h4>\n\n\n\n<p>Lorsque vous avez exerc\u00e9 le droit de faire rectifier, effacer ou limiter les donn\u00e9es \u00e0 caract\u00e8re personnel que vous avez fournies, nous sommes tenus d'informer tous les tiers auxquels nous avons fourni vos donn\u00e9es \u00e0 caract\u00e8re personnel de cette modification, de cet effacement ou de cette limitation, sauf si cela s'av\u00e8re impossible ou implique des efforts disproportionn\u00e9s. Vous avez \u00e9galement le droit d'\u00eatre inform\u00e9 par nos soins sur ces tiers.<\/p>\n\n\n\n<h4 class=\"wp-block-heading\">6. Droit \u00e0 la portabilit\u00e9 des donn\u00e9es<\/h4>\n\n\n\n<p>Vous avez le droit de recevoir les donn\u00e9es personnelles que vous nous avez fournies sous une forme structur\u00e9e, commune et lisible par machine. Vous avez \u00e9galement le droit de transf\u00e9rer ces informations \u00e0 une autre entreprise dans la mesure o\u00f9 cela est techniquement possible. Les libert\u00e9s et les droits d'autres personnes ne doivent pas \u00eatre affect\u00e9s dans ce processus.<\/p>\n\n\n\n<h4 class=\"wp-block-heading\">7. Droit d'opposition<\/h4>\n\n\n\n<p>Vous avez le droit de vous opposer au traitement de vos donn\u00e9es \u00e0 caract\u00e8re personnel pour des raisons d\u00e9coulant de votre situation particuli\u00e8re, sans encourir de frais. Ce droit s'applique \u00e9galement au profilage et aux courriels que nous envoyons aux clients existants. Nous cesserons de traiter vos donn\u00e9es \u00e0 caract\u00e8re personnel \u00e0 moins qu'il n'existe des motifs l\u00e9gitimes imp\u00e9rieux qui l'emportent sur vos int\u00e9r\u00eats, droits et libert\u00e9s ou lorsque le traitement de vos donn\u00e9es \u00e0 caract\u00e8re personnel est n\u00e9cessaire en raison d'une r\u00e9clamation l\u00e9gale. Lorsque vos donn\u00e9es \u00e0 caract\u00e8re personnel sont trait\u00e9es \u00e0 des fins de marketing direct, vous avez le droit de vous opposer \u00e0 tout moment au traitement de vos donn\u00e9es \u00e0 caract\u00e8re personnel pour ce type de marketing, y compris le profilage li\u00e9 au marketing direct. Si vous vous opposez au traitement \u00e0 des fins de marketing direct, vos donn\u00e9es personnelles ne seront plus trait\u00e9es \u00e0 ces fins.<\/p>\n\n\n\n<h4 class=\"wp-block-heading\">8. Droit de retirer son consentement au traitement des donn\u00e9es<\/h4>\n\n\n\n<p>Vous avez le droit de retirer votre consentement au traitement de vos donn\u00e9es \u00e0 caract\u00e8re personnel \u00e0 tout moment. Le retrait du consentement n'affecte pas la l\u00e9galit\u00e9 du traitement effectu\u00e9 sur la base du consentement jusqu'\u00e0 son retrait.<\/p>\n\n\n\n<h4 class=\"wp-block-heading\">9. Prise de d\u00e9cision individuelle automatis\u00e9e, y compris le profilage<\/h4>\n\n\n\n<p>Vous avez le droit de ne pas faire l'objet d'une d\u00e9cision fond\u00e9e exclusivement sur un traitement automatis\u00e9, y compris le profilage, qui produit des effets juridiques vous concernant ou qui vous affecte de mani\u00e8re significative. Cela ne s'applique pas si la d\u00e9cision : (1) est n\u00e9cessaire \u00e0 l'\u00e9tablissement ou \u00e0 l'ex\u00e9cution d'un contrat entre vous et nous (2) est autoris\u00e9e par une disposition du droit de l'Union ou du droit d'un \u00c9tat membre qui nous est applicable et qui pr\u00e9voit \u00e9galement des mesures appropri\u00e9es pour prot\u00e9ger vos droits, libert\u00e9s et int\u00e9r\u00eats l\u00e9gitimes (3) est fond\u00e9e sur votre consentement explicite Dans les cas mentionn\u00e9s aux points (1) et (3), nous prendrons les mesures appropri\u00e9es pour prot\u00e9ger vos droits, libert\u00e9s et int\u00e9r\u00eats l\u00e9gitimes. Par exemple, vous avez le droit \u00e0 une intervention humaine, le droit d'expliquer votre point de vue et le droit de contester la d\u00e9cision.<\/p>\n\n\n\n<h4 class=\"wp-block-heading\">10. Droit d'opposition aupr\u00e8s de l'autorit\u00e9 de contr\u00f4le<\/h4>\n\n\n\n<p>Vous avez le droit d'introduire une r\u00e9clamation aupr\u00e8s d'une autorit\u00e9 de contr\u00f4le, en particulier dans l'\u00c9tat membre o\u00f9 vous r\u00e9sidez habituellement, o\u00f9 vous avez votre lieu de travail ou o\u00f9 la violation pr\u00e9sum\u00e9e s'est produite, si vous estimez que le traitement de vos donn\u00e9es personnelles enfreint la r\u00e9glementation de la GAV.<\/p>\n\n\n\n<h2 class=\"wp-block-heading\">Cookies<\/h2>\n\n\n\n<p>Ledshoponline - BVBA Seoboost utilise des cookies sur ses sites web. Nous le faisons pour analyser nos sites web et les faire fonctionner de mani\u00e8re optimale, pour am\u00e9liorer nos services, pour les m\u00e9dias sociaux et pour afficher des publicit\u00e9s pertinentes sur d'autres sites web.<\/p>\n\n\n\n<h3 class=\"wp-block-heading\">Qu'est-ce qu'un biscuit ?<\/h3>\n\n\n\n<p>Les cookies sont de petits fichiers texte plac\u00e9s temporairement sur votre PC, tablette ou t\u00e9l\u00e9phone portable par une page internet. Les sites web suivants placent des cookies ou des techniques similaires :<\/p>\n\n\n\n<blockquote class=\"wp-block-quote is-layout-flow wp-block-quote-is-layout-flow\">\n<p><a href=\"https:\/\/ledshoponline.be\/fr\/\">La maison<\/a><\/p>\n<\/blockquote>\n\n\n\n<p>Vous trouverez ci-dessous la liste des cookies que nous utilisons, ainsi que leur fonctionnalit\u00e9.<\/p>\n\n\n\n<h3 class=\"wp-block-heading\">Cookies fonctionnels<\/h3>\n\n\n\n<p>Gr\u00e2ce \u00e0 ces cookies, vous ne devez pas saisir ou t\u00e9l\u00e9charger les m\u00eames informations chaque fois que vous revenez sur notre site. Pensez \u00e0 la sauvegarde des produits dans votre panier d'achat ou \u00e0 la m\u00e9morisation d'un login. En outre, la fonction de chat avec notre service d'assistance est activ\u00e9e par les cookies.&nbsp;<a href=\"https:\/\/www.tawk.to\/privacy-policy\/\" target=\"_blank\" rel=\"noreferrer noopener\">Tawk Chat (supprim\u00e9 apr\u00e8s la session)<\/a><\/p>\n\n\n\n<h3 class=\"wp-block-heading\">Cookies analytiques<\/h3>\n\n\n\n<p>Ledshoponline utilise Google Analytics pour examiner l'utilisation des sites web afin de mieux comprendre comment et \u00e0 quelle fr\u00e9quence les sites et les pages sont visit\u00e9s. Ces informations permettent \u00e0 Ledshoponline d'effectuer des ajustements et des am\u00e9liorations et Ledshoponline s'assure que les sites web continuent \u00e0 fonctionner de mani\u00e8re optimale. Ledshoponline traite des statistiques anonymes sur les visites des sites web.&nbsp;<a href=\"https:\/\/policies.google.com\/privacy?hl=nl\" target=\"_blank\" rel=\"noreferrer noopener\">Google Analytics (30 jours)<\/a><\/p>\n\n\n\n<h3 class=\"wp-block-heading\">Cookies marketing<\/h3>\n\n\n\n<p>Ledshoponline utilise des cookies de Google et Facebook \u00e0 des fins de marketing. Ces cookies nous permettent de diffuser nos publicit\u00e9s sur des sites partenaires et des m\u00e9dias sociaux. Les visiteurs qui ont d\u00e9j\u00e0 montr\u00e9 de l'int\u00e9r\u00eat pour nos produits ou services peuvent voir des offres de Ledshoponline sur d'autres sites web.&nbsp;<a href=\"https:\/\/policies.google.com\/privacy?hl=nl\" target=\"_blank\" rel=\"noreferrer noopener\">Google Doubleclick (18 mois)<\/a><a href=\"https:\/\/www.facebook.com\/policies\/cookies\/\" target=\"_blank\" rel=\"noreferrer noopener\">Facebook (max 2 ans)<\/a><\/p>\n\n\n\n<h3 class=\"wp-block-heading\">Vous pr\u00e9f\u00e9rez ne pas manger de biscuits ?<\/h3>\n\n\n\n<p>Les cookies peuvent \u00eatre facilement supprim\u00e9s via votre navigateur. Veuillez noter que les sites web peuvent ne pas fonctionner de mani\u00e8re optimale sans cookies. Vous trouverez ci-dessous une liste des navigateurs les plus couramment utilis\u00e9s et un lien vers de plus amples explications sur la mani\u00e8re de supprimer les cookies :<\/p>\n\n\n\n<ul class=\"wp-block-list\">\n<li><a href=\"https:\/\/support.google.com\/chrome\/answer\/95647?hl=nl\" target=\"_blank\" rel=\"noreferrer noopener\">Google Chrome<\/a><\/li>\n\n\n\n<li><a href=\"https:\/\/support.mozilla.org\/nl\/kb\/cookies-informatie-websites-computer-opgeslagen?redirectlocale=nlu0026amp;redirectslug=cookies-informatie-websites-op-uw-computer-opslaan\" target=\"_blank\" rel=\"noreferrer noopener\">Mozilla Firefox<\/a><\/li>\n\n\n\n<li><a href=\"https:\/\/support.microsoft.com\/nl-nl\/help\/17442\/windows-internet-explorer-delete-manage-cookies\" target=\"_blank\" rel=\"noreferrer noopener\">Internet Explorer 7 et 8<\/a><\/li>\n\n\n\n<li><a href=\"https:\/\/support.microsoft.com\/nl-nl\/products\/windows?os=windows-10\" target=\"_blank\" rel=\"noreferrer noopener\">Internet Explorer 9<\/a><\/li>\n\n\n\n<li><a href=\"https:\/\/www.apple.com\/legal\/privacy\/nl\/cookies\/\" target=\"_blank\" rel=\"noreferrer noopener\">Safari<\/a><\/li>\n<\/ul>\n\n\n\n<p>Otegem, avril 2024 SEOboost bv<\/p>","protected":false},"excerpt":{"rendered":"<p>Privacy Statement Privacy AVG \u2013 GDPR De verantwoordelijke inzake de AVG \u2013 GDPR en andere privacywetten en \u2013bepalingen is:SEOboost bv<\/p>","protected":false},"author":1,"featured_media":0,"parent":0,"menu_order":0,"comment_status":"closed","ping_status":"open","template":"","meta":{"_seopress_robots_primary_cat":"","_seopress_titles_title":"","_seopress_titles_desc":"","_seopress_robots_index":"","footnotes":""},"class_list":["post-3","page","type-page","status-publish","hentry"],"_links":{"self":[{"href":"https:\/\/ledshoponline.be\/fr\/wp-json\/wp\/v2\/pages\/3","targetHints":{"allow":["GET"]}}],"collection":[{"href":"https:\/\/ledshoponline.be\/fr\/wp-json\/wp\/v2\/pages"}],"about":[{"href":"https:\/\/ledshoponline.be\/fr\/wp-json\/wp\/v2\/types\/page"}],"author":[{"embeddable":true,"href":"https:\/\/ledshoponline.be\/fr\/wp-json\/wp\/v2\/users\/1"}],"replies":[{"embeddable":true,"href":"https:\/\/ledshoponline.be\/fr\/wp-json\/wp\/v2\/comments?post=3"}],"version-history":[{"count":0,"href":"https:\/\/ledshoponline.be\/fr\/wp-json\/wp\/v2\/pages\/3\/revisions"}],"wp:attachment":[{"href":"https:\/\/ledshoponline.be\/fr\/wp-json\/wp\/v2\/media?parent=3"}],"curies":[{"name":"wp","href":"https:\/\/api.w.org\/{rel}","templated":true}]}}