{"id":80614,"date":"2019-04-27T10:46:45","date_gmt":"2019-04-27T10:46:45","guid":{"rendered":"https:\/\/hlncaxea.a2hosted.com\/?post_type=product&#038;p=80614"},"modified":"2025-03-09T19:43:22","modified_gmt":"2025-03-09T19:43:22","slug":"18w-led-einbaustrahler-3000k-schlank-rund-2","status":"publish","type":"product","link":"https:\/\/ledshoponline.be\/de\/shop\/producten\/armaturen\/inbouwspots\/18w-led-inbouwspot-3000k-slim-rond\/","title":{"rendered":"18W LED Einbaustrahler 3000k smart | Rund"},"content":{"rendered":"","protected":false},"excerpt":{"rendered":"<p>Runder 18W LED-Einbaustrahler, gebaut mit der hochwertigen ultrahellen LED-SMD-Serie von Epistar. Der LED-Strahler ist und auch spritzwassergesch\u00fctzt IP44. Kann in feuchten Bereichen wie Badezimmer, Keller und im Freien verwendet werden. Perfekt f\u00fcr Gesch\u00e4fte, Gastronomie oder B\u00fcros.<\/p>\n<p>\u00d8222 x H27,5 mit Schnittgr\u00f6\u00dfe \u00d8205mm<\/p>","protected":false},"featured_media":80615,"comment_status":"closed","ping_status":"closed","template":"","meta":{"_seopress_robots_primary_cat":"","_seopress_titles_title":"","_seopress_titles_desc":"","_seopress_robots_index":""},"product_brand":[],"product_cat":[87,88,455,132,19],"product_tag":[754,755],"class_list":{"0":"post-80614","1":"product","2":"type-product","3":"status-publish","4":"has-post-thumbnail","6":"product_cat-armaturen","7":"product_cat-inbouwspots","8":"product_cat-led-downlights","9":"product_cat-led-spots","10":"product_cat-producten","11":"product_tag-12w-led-inbouwspot","12":"product_tag-led-donwlight","14":"first","15":"instock","16":"sale","17":"taxable","18":"shipping-taxable","19":"purchasable","20":"product-type-simple"},"_links":{"self":[{"href":"https:\/\/ledshoponline.be\/de\/wp-json\/wp\/v2\/product\/80614","targetHints":{"allow":["GET"]}}],"collection":[{"href":"https:\/\/ledshoponline.be\/de\/wp-json\/wp\/v2\/product"}],"about":[{"href":"https:\/\/ledshoponline.be\/de\/wp-json\/wp\/v2\/types\/product"}],"replies":[{"embeddable":true,"href":"https:\/\/ledshoponline.be\/de\/wp-json\/wp\/v2\/comments?post=80614"}],"version-history":[{"count":0,"href":"https:\/\/ledshoponline.be\/de\/wp-json\/wp\/v2\/product\/80614\/revisions"}],"wp:featuredmedia":[{"embeddable":true,"href":"https:\/\/ledshoponline.be\/de\/wp-json\/wp\/v2\/media\/80615"}],"wp:attachment":[{"href":"https:\/\/ledshoponline.be\/de\/wp-json\/wp\/v2\/media?parent=80614"}],"wp:term":[{"taxonomy":"product_brand","embeddable":true,"href":"https:\/\/ledshoponline.be\/de\/wp-json\/wp\/v2\/product_brand?post=80614"},{"taxonomy":"product_cat","embeddable":true,"href":"https:\/\/ledshoponline.be\/de\/wp-json\/wp\/v2\/product_cat?post=80614"},{"taxonomy":"product_tag","embeddable":true,"href":"https:\/\/ledshoponline.be\/de\/wp-json\/wp\/v2\/product_tag?post=80614"}],"curies":[{"name":"wp","href":"https:\/\/api.w.org\/{rel}","templated":true}]}}