{"id":77737,"date":"2019-04-01T06:04:07","date_gmt":"2019-04-01T06:04:07","guid":{"rendered":"https:\/\/hlncaxea.a2hosted.com\/?post_type=product&#038;p=77737"},"modified":"2026-02-14T14:33:40","modified_gmt":"2026-02-14T14:33:40","slug":"10-stuck-led-g4-gu4-halogen-ersatz-15w-led-gluhbirne-yarled-12v-ac-dc","status":"publish","type":"product","link":"https:\/\/ledshoponline.be\/de\/shop\/producten\/led-lampen\/led-lamp-g4-gu4-12v\/10-stuks-led-g4-gu4-halogeen-vervanger-15w-led-lamp-yarled-12v-ac-dc\/","title":{"rendered":"10 stuks LED-G4 (GU4) halogeen vervanger 1,5 W LED-Lampe YARLED 12v AC\/DC"},"content":{"rendered":"<p class=\"whitespace-pre-wrap break-words\">Verwandeln Sie Ihre Beleuchtung mit diesen <strong>Energieeffiziente LED-Lampen von YarLED<\/strong>. Mit einer Reihe von <strong>10 Einheiten<\/strong> und eine <strong>warmwei\u00dfes Licht<\/strong>Diese G4\/GU4-Gl\u00fchlampen sind der perfekte Ersatz f\u00fcr herk\u00f6mmliche Halogenstrahler. Dank der <strong>kompakte Abmessungen<\/strong> Sie passen in praktisch jede vorhandene Leuchte mit G4- oder GU4-Fassung.<\/p>\r\n<p class=\"whitespace-pre-wrap break-words\">\u2728 <strong>Merkmale der LED-Lampen G4\/GU4<\/strong> \u2714 <strong>Satz mit 10 St\u00fcck<\/strong> - ideal f\u00fcr den gleichzeitigen Austausch mehrerer Lampen<br \/>\u2714 <strong>Warmwei\u00dfes Licht (2700K)<\/strong> - gem\u00fctliche stimmungsvolle Beleuchtung<br \/>\u2714 <strong>1,5 W Verbrauch<\/strong> - ersetzt herk\u00f6mmliche 10-15W-Halogenlampen<br \/>\u2714 <strong>12V AC\/DC kompatibel<\/strong> - arbeitet sowohl mit Wechselstrom als auch mit Gleichstrom<br \/>\u2714 <strong>Kompakte Gr\u00f6\u00dfe<\/strong> - passt in bestehende G4\/GU4-Leuchten<\/p>\r\n<p class=\"whitespace-pre-wrap break-words\">\ud83d\udd06 <strong>Effizient und vielseitig<\/strong> \u2714 <strong>Bis zu 90% Energieeinsparung<\/strong> im Vergleich zu Halogenlampen<br \/>\u2714 <strong>Lange Lebensdauer<\/strong> von mehr als 15.000 Brennstunden<br \/>\u2714 <strong>Sofortige volle Helligkeit<\/strong> ohne Heizzeit<br \/>\u2714 <strong>Breiter Anwendungsbereich<\/strong>: K\u00fcche, Bad, Wohnzimmer und mehr<\/p>\r\n<p class=\"whitespace-pre-wrap break-words\">\ud83d\udca1 <strong>R\u00fcsten Sie Ihre Beleuchtung noch heute mit dieser kosteng\u00fcnstigen und energieeffizienten LED-Alternative zu Halogen auf!<\/strong><\/p>\r\n<p><strong><br \/>Tipp:<\/strong>\u00a0Ersetzen Sie Ihre alten Netzteile durch unsere LED-Netzteile, die eine l\u00e4ngere Lebensdauer haben. Au\u00dferdem sind sie wirtschaftlicher.<\/p>\r\n\r\n\r\n\r\n<p><strong>Flackert Ihr Licht?<\/strong><br \/>Ersetzen Sie Ihr Netzteil durch ein LED-Netzteil. Sie finden ein solches Transformator\/Netzteil unter\u00a0<a href=\"https:\/\/ledshoponline.be\/de\/produkte-2\/zubehor\/12v-24v-led-trafos\/\">Zubeh\u00f6r<\/a>.<\/p>\r\n\r\n\r\n\r\n<p>&nbsp;<\/p>","protected":false},"excerpt":{"rendered":"<p>\u2705 <strong>Leistungspaket: <\/strong>10 St\u00fcck.<br \/>\u2705 <strong>S\u00e4uberung:<\/strong> Kaum 1,5 W.<br \/><strong>\u2705 Sicher: <\/strong>Sie ist nicht hei\u00df.<\/p>\n<p><strong>Produktdatenblatt<\/strong> <br \/><strong><a href=\"https:\/\/eprel.ec.europa.eu\/fiches\/lightsources\/Fiche_761339_NL.pdf\">DE<\/a>\u00a0|\u00a0<a href=\"https:\/\/eprel.ec.europa.eu\/fiches\/lightsources\/Fiche_761339_FR.pdf\">FR\u00a0<\/a>|\u00a0<a href=\"https:\/\/eprel.ec.europa.eu\/fiches\/lightsources\/Fiche_761339_EN.pdf\">UND\u00a0<\/a>|\u00a0<a href=\"https:\/\/eprel.ec.europa.eu\/fiches\/lightsources\/Fiche_761339_DE.pdf\">DIE<\/a><\/strong><\/p>","protected":false},"featured_media":533859,"comment_status":"closed","ping_status":"closed","template":"","meta":{"_seopress_robots_primary_cat":"none","_seopress_titles_title":"","_seopress_titles_desc":"","_seopress_robots_index":""},"product_brand":[],"product_cat":[21,20,369,132,19],"product_tag":[370,23,206],"class_list":{"0":"post-77737","1":"product","2":"type-product","3":"status-publish","4":"has-post-thumbnail","6":"product_cat-led-lamp-g4-gu4-12v","7":"product_cat-led-lampen","8":"product_cat-led-spot-gu4-mr11-12v","9":"product_cat-led-spots","10":"product_cat-producten","11":"product_tag-g4","12":"product_tag-g4-led","13":"product_tag-yarled","15":"first","16":"instock","17":"sale","18":"taxable","19":"shipping-taxable","20":"purchasable","21":"product-type-simple"},"_links":{"self":[{"href":"https:\/\/ledshoponline.be\/de\/wp-json\/wp\/v2\/product\/77737","targetHints":{"allow":["GET"]}}],"collection":[{"href":"https:\/\/ledshoponline.be\/de\/wp-json\/wp\/v2\/product"}],"about":[{"href":"https:\/\/ledshoponline.be\/de\/wp-json\/wp\/v2\/types\/product"}],"replies":[{"embeddable":true,"href":"https:\/\/ledshoponline.be\/de\/wp-json\/wp\/v2\/comments?post=77737"}],"version-history":[{"count":1,"href":"https:\/\/ledshoponline.be\/de\/wp-json\/wp\/v2\/product\/77737\/revisions"}],"predecessor-version":[{"id":697433,"href":"https:\/\/ledshoponline.be\/de\/wp-json\/wp\/v2\/product\/77737\/revisions\/697433"}],"wp:featuredmedia":[{"embeddable":true,"href":"https:\/\/ledshoponline.be\/de\/wp-json\/wp\/v2\/media\/533859"}],"wp:attachment":[{"href":"https:\/\/ledshoponline.be\/de\/wp-json\/wp\/v2\/media?parent=77737"}],"wp:term":[{"taxonomy":"product_brand","embeddable":true,"href":"https:\/\/ledshoponline.be\/de\/wp-json\/wp\/v2\/product_brand?post=77737"},{"taxonomy":"product_cat","embeddable":true,"href":"https:\/\/ledshoponline.be\/de\/wp-json\/wp\/v2\/product_cat?post=77737"},{"taxonomy":"product_tag","embeddable":true,"href":"https:\/\/ledshoponline.be\/de\/wp-json\/wp\/v2\/product_tag?post=77737"}],"curies":[{"name":"wp","href":"https:\/\/api.w.org\/{rel}","templated":true}]}}