{"id":76015,"date":"2019-03-02T13:30:46","date_gmt":"2019-03-02T13:30:46","guid":{"rendered":"https:\/\/hlncaxea.a2hosted.com\/?post_type=product&#038;p=76015"},"modified":"2025-03-09T19:43:17","modified_gmt":"2025-03-09T19:43:17","slug":"nachlaufender-phasenabschnittsdimmer-fur-230v-led-lampen-0-150w","status":"publish","type":"product","link":"https:\/\/ledshoponline.be\/de\/shop\/producten\/toebehoren\/230v-led-dimmers\/trailing-edge-fase-afsnijding-dimmer-voor-230v-led-lampen-0-150w\/","title":{"rendered":"Trailing Edge - Phasenabschnittsdimmer f\u00fcr 230v LED-Lampen 0-150w + Frontplatte"},"content":{"rendered":"<p>Dieser Dimmer ist f\u00fcr alle dimmbaren 230v LED-Lampen auf unserer Seite geeignet. Dieser Dimmer erm\u00f6glicht stufenloses Dimmen mit einem Bereich von mindestens 90% ohne Flackern. Auch 1 ist kein Problem.<\/p>\n<p>Dieser Dimmer ist f\u00fcr den Einbau in eine Wand vorgesehen. Die Fronten sind standardm\u00e4\u00dfig austauschbar mit <strong>JUNG \/ GIRA \/ BERKER \/ PEHA \/ usw.<\/strong> Eine eigene Front, die zu Ihrer Schaltanlage passt, ist also von nun an kein Problem mehr!<\/p>\n<ul>\n<li><span style=\"color: #ff0000;\">Absicherung gegen \u00dcberspannungen und Kurzschl\u00fcsse<\/span><\/li>\n<li><span style=\"color: #ff0000;\">Belastung: mindestens 1 Watt, maximal 150Watt<\/span><\/li>\n<li><span style=\"color: #ff0000;\">LED-Lampen dimmbar mit Phasenanschnitt (max. 150 W, max. 15 LED-Lampen)<\/span><\/li>\n<\/ul>\n<h3>Sogar 1 Scheinwerfer kann mit diesem Dimmer perfekt gedimmt werden!<\/h3>\n<p>Geeignete LED-Lampen f\u00fcr diesen LED-Dimmer sind alle LED-Lampen (mit oder ohne Trafo), die mit Phasenanschnitt (trailing edge\/RC\/tronic) arbeiten. Dazu geh\u00f6ren die folgenden Marken von LED-Lampen:<br \/>\n-IKEA<br \/>\n-Philips<br \/>\n-Osram<br \/>\n-Megaman<br \/>\n-Calex<br \/>\n-EcoBright<\/p>\n<p>\u2713 Geeignet f\u00fcr 0-150W<br \/>\n\u2713 Geeignet f\u00fcr\u00a0<strong>alle<\/strong>\u00a0Abdeckrahmenmarken<br \/>\n\u2713 Geeignet f\u00fcr Unterputzdosen mit oder ohne Schraubl\u00f6cher<br \/>\n\u2713 Optimale Dimmbarkeit &amp; Lichtstabilit\u00e4t<br \/>\n\u2713 Schutz gegen Spannungsspitzen und St\u00f6rsignale<br \/>\n\u2713 Ger\u00e4uschloses Dimmen<br \/>\n\u2713 Optimale Bel\u00fcftung<br \/>\nGeeignet f\u00fcr die Vermittlung von Hotels<br \/>\n\u2713 Auswechselbare Sicherung<br \/>\n\u2713 Wird mit zus\u00e4tzlicher Sicherung geliefert<\/p>","protected":false},"excerpt":{"rendered":"<p>Phasenabschnittsdimmer (abfallende Kante\/RC\/tronic) f\u00fcr 230v LED-Lampen. 0-150W einschlie\u00dflich wei\u00dfer Front.<br \/>\nDer Dimmer funktioniert gut mit Marken wie Philips - Osram - Megaman - Calex - EcoBright<br \/>\nKann auch bei Umschaltungen verwendet werden.<\/p>","protected":false},"featured_media":76016,"comment_status":"closed","ping_status":"closed","template":"","meta":{"_seopress_robots_primary_cat":"","_seopress_titles_title":"","_seopress_titles_desc":"","_seopress_robots_index":""},"product_brand":[],"product_cat":[86,42],"product_tag":[777,263,836],"class_list":{"0":"post-76015","1":"product","2":"type-product","3":"status-publish","4":"has-post-thumbnail","6":"product_cat-230v-led-dimmers","7":"product_cat-toebehoren","8":"product_tag-230v-led-dimmer","9":"product_tag-led-dimmer","10":"product_tag-led-dimmer-fase-aansnijding","12":"first","13":"instock","14":"taxable","15":"shipping-taxable","16":"purchasable","17":"product-type-simple"},"_links":{"self":[{"href":"https:\/\/ledshoponline.be\/de\/wp-json\/wp\/v2\/product\/76015","targetHints":{"allow":["GET"]}}],"collection":[{"href":"https:\/\/ledshoponline.be\/de\/wp-json\/wp\/v2\/product"}],"about":[{"href":"https:\/\/ledshoponline.be\/de\/wp-json\/wp\/v2\/types\/product"}],"replies":[{"embeddable":true,"href":"https:\/\/ledshoponline.be\/de\/wp-json\/wp\/v2\/comments?post=76015"}],"version-history":[{"count":0,"href":"https:\/\/ledshoponline.be\/de\/wp-json\/wp\/v2\/product\/76015\/revisions"}],"wp:featuredmedia":[{"embeddable":true,"href":"https:\/\/ledshoponline.be\/de\/wp-json\/wp\/v2\/media\/76016"}],"wp:attachment":[{"href":"https:\/\/ledshoponline.be\/de\/wp-json\/wp\/v2\/media?parent=76015"}],"wp:term":[{"taxonomy":"product_brand","embeddable":true,"href":"https:\/\/ledshoponline.be\/de\/wp-json\/wp\/v2\/product_brand?post=76015"},{"taxonomy":"product_cat","embeddable":true,"href":"https:\/\/ledshoponline.be\/de\/wp-json\/wp\/v2\/product_cat?post=76015"},{"taxonomy":"product_tag","embeddable":true,"href":"https:\/\/ledshoponline.be\/de\/wp-json\/wp\/v2\/product_tag?post=76015"}],"curies":[{"name":"wp","href":"https:\/\/api.w.org\/{rel}","templated":true}]}}