{"id":75511,"date":"2019-02-19T22:21:18","date_gmt":"2019-02-19T22:21:18","guid":{"rendered":"https:\/\/hlncaxea.a2hosted.com\/?post_type=product&#038;p=75511"},"modified":"2025-08-26T15:23:14","modified_gmt":"2025-08-26T15:23:14","slug":"e27-gluhfaden-led-gluhbirne-12w-dimmbar-hohe-lumen-1521lm-2","status":"publish","type":"product","link":"https:\/\/ledshoponline.be\/de\/shop\/producten\/led-lampen\/led-filament-lampen\/e27-filament-led-lamp-12w-dimbaar-hoge-lumen-1521lm\/","title":{"rendered":"E27 Gl\u00fchfaden LED-Lampe 12W dimmbar hohe Lumen 1521LM"},"content":{"rendered":"<h2 style=\"text-align: left;\">Ist die E27 Filament LED-Gl\u00fchbirne dimmbar?<\/h2>\n<p>Ja, diese LED-Filamentlampe ist dimmbar.<br \/>\nAchten Sie bei Ihren aktuellen Dimmern genau darauf, welche Mindestleistung sie ben\u00f6tigen, um richtig zu dimmen.<\/p>\n<h2>Qualit\u00e4tssicherung?<\/h2>\n<p>Die Yarled-Gl\u00fchbirnen enthalten Sapphire-LEDs bester Qualit\u00e4t.<br \/>\nUm die Lampen auf einer angenehmen Temperatur zu halten, werden die Lampen mit einem K\u00fchlgas gef\u00fcllt.<br \/>\nDies garantiert bereits eine hohe Lebensdauer.<\/p>","protected":false},"excerpt":{"rendered":"<p>Die 12W Integral Filament LED-Gl\u00fchbirne mit E27 Sockel ist eine sch\u00f6ne LED-Gl\u00fchbirne und auch dimmbar. Die Gl\u00fchbirne gibt ein sch\u00f6nes warmes Licht ab (2700k). Die Gl\u00fchbirne ersetzt eine 100W Gl\u00fchbirne.<\/p>\n<p><strong>Produktdatenblatt<\/strong><br \/>\n<strong><a href=\"https:\/\/eprel.ec.europa.eu\/fiches\/lightsources\/Fiche_904511_NL.pdf\">DE<\/a>\u00a0|\u00a0<a href=\"https:\/\/eprel.ec.europa.eu\/fiches\/lightsources\/Fiche_904511_FR.pdf\">FR\u00a0<\/a>|\u00a0<a href=\"https:\/\/eprel.ec.europa.eu\/fiches\/lightsources\/Fiche_904511_EN.pdf\">UND\u00a0<\/a>|\u00a0<a href=\"https:\/\/eprel.ec.europa.eu\/fiches\/lightsources\/Fiche_904511_DE.pdf\">DIE<\/a><\/strong><\/p>","protected":false},"featured_media":75512,"comment_status":"closed","ping_status":"closed","template":"","meta":{"_seopress_robots_primary_cat":"none","_seopress_titles_title":"","_seopress_titles_desc":"","_seopress_robots_index":""},"product_brand":[],"product_cat":[268,111,20,19],"product_tag":[531,532,533],"class_list":{"0":"post-75511","1":"product","2":"type-product","3":"status-publish","4":"has-post-thumbnail","6":"product_cat-led-filament-lampen","7":"product_cat-led-lamp-e27","8":"product_cat-led-lampen","9":"product_cat-producten","10":"product_tag-75w-gloeilamp","11":"product_tag-8w-e27","12":"product_tag-8w-led-filament","14":"first","15":"instock","16":"sale","17":"taxable","18":"shipping-taxable","19":"purchasable","20":"product-type-simple"},"_links":{"self":[{"href":"https:\/\/ledshoponline.be\/de\/wp-json\/wp\/v2\/product\/75511","targetHints":{"allow":["GET"]}}],"collection":[{"href":"https:\/\/ledshoponline.be\/de\/wp-json\/wp\/v2\/product"}],"about":[{"href":"https:\/\/ledshoponline.be\/de\/wp-json\/wp\/v2\/types\/product"}],"replies":[{"embeddable":true,"href":"https:\/\/ledshoponline.be\/de\/wp-json\/wp\/v2\/comments?post=75511"}],"version-history":[{"count":1,"href":"https:\/\/ledshoponline.be\/de\/wp-json\/wp\/v2\/product\/75511\/revisions"}],"predecessor-version":[{"id":616383,"href":"https:\/\/ledshoponline.be\/de\/wp-json\/wp\/v2\/product\/75511\/revisions\/616383"}],"wp:featuredmedia":[{"embeddable":true,"href":"https:\/\/ledshoponline.be\/de\/wp-json\/wp\/v2\/media\/75512"}],"wp:attachment":[{"href":"https:\/\/ledshoponline.be\/de\/wp-json\/wp\/v2\/media?parent=75511"}],"wp:term":[{"taxonomy":"product_brand","embeddable":true,"href":"https:\/\/ledshoponline.be\/de\/wp-json\/wp\/v2\/product_brand?post=75511"},{"taxonomy":"product_cat","embeddable":true,"href":"https:\/\/ledshoponline.be\/de\/wp-json\/wp\/v2\/product_cat?post=75511"},{"taxonomy":"product_tag","embeddable":true,"href":"https:\/\/ledshoponline.be\/de\/wp-json\/wp\/v2\/product_tag?post=75511"}],"curies":[{"name":"wp","href":"https:\/\/api.w.org\/{rel}","templated":true}]}}